{"id":5862,"date":"2024-11-05T14:25:34","date_gmt":"2024-11-05T13:25:34","guid":{"rendered":"https:\/\/autopdz.com\/product\/ensemble-de-couvre-pedales-de-course-antiderapants-universels-trd\/"},"modified":"2024-12-30T12:27:44","modified_gmt":"2024-12-30T11:27:44","slug":"ensemble-de-couvre-pedales-de-course-antiderapants-universels-trd","status":"publish","type":"product","link":"https:\/\/autopdz.com\/ar\/product\/ensemble-de-couvre-pedales-de-course-antiderapants-universels-trd\/","title":{"rendered":"Ensemble de couvre-p\u00e9dales de course antid\u00e9rapants universels TRD"},"content":{"rendered":"<p>FONCTIONNALIT\u00c9<\/p>\n<p>R\u00e9duit les accidents gr\u00e2ce \u00e0 sa large surface antid\u00e9rapante.<\/p>\n<p>Surface sp\u00e9cialement con\u00e7ue qui fonctionne mieux dans des conditions de neige ou de pluie.<\/p>\n<p>R\u00e9glable \u00e0 n&rsquo;importe quel angle et hauteur, il facilite la conduite de votre v\u00e9hicule et r\u00e9duit la fatigue des pieds.<\/p>\n<p>INSTALLATION<\/p>\n<p>Retirez un boulon du bras de base, lib\u00e9rant ainsi un c\u00f4t\u00e9 de la base.<\/p>\n<p>Placez le couvre-p\u00e9dale sur la p\u00e9dale d&rsquo;origine et tirez l&rsquo;arbre de support sur le c\u00f4t\u00e9 arri\u00e8re de la p\u00e9dale d&rsquo;origine.<\/p>\n<p>Si n\u00e9cessaire, un c\u00f4t\u00e9 de l&rsquo;arbre de support peut ne pas \u00eatre n\u00e9cessaire sur certains types de v\u00e9hicules.<\/p>\n<p>Amenez le bras de base sur l\u2019arbre du support.<\/p>\n<p>Vissez le boulon sur le bras de base et ajustez les patins de p\u00e9dale \u00e0 l&rsquo;angle souhait\u00e9.<\/p>\n<p>En appuyant sur les p\u00e9dales, v\u00e9rifiez que l&rsquo;installation est s\u00e9curis\u00e9e.<\/p>","protected":false},"excerpt":{"rendered":"<p>FONCTIONNALIT\u00c9 R\u00e9duit les accidents gr\u00e2ce \u00e0 sa large surface antid\u00e9rapante. Surface sp\u00e9cialement con\u00e7ue qui fonctionne mieux dans des conditions de neige ou de pluie. R\u00e9glable \u00e0 n&rsquo;importe quel angle et hauteur, il facilite la conduite de votre v\u00e9hicule et r\u00e9duit la fatigue des pieds. INSTALLATION Retirez un boulon du bras de base, lib\u00e9rant ainsi un [&hellip;]<\/p>","protected":false},"featured_media":5861,"comment_status":"open","ping_status":"closed","template":"","meta":[],"product_brand":[],"product_cat":[15],"product_tag":[],"class_list":{"0":"post-5862","1":"product","2":"type-product","3":"status-publish","4":"has-post-thumbnail","6":"product_cat-divers","8":"first","9":"outofstock","10":"shipping-taxable","11":"purchasable","12":"product-type-simple"},"jetpack_sharing_enabled":true,"_links":{"self":[{"href":"https:\/\/autopdz.com\/ar\/wp-json\/wp\/v2\/product\/5862","targetHints":{"allow":["GET"]}}],"collection":[{"href":"https:\/\/autopdz.com\/ar\/wp-json\/wp\/v2\/product"}],"about":[{"href":"https:\/\/autopdz.com\/ar\/wp-json\/wp\/v2\/types\/product"}],"replies":[{"embeddable":true,"href":"https:\/\/autopdz.com\/ar\/wp-json\/wp\/v2\/comments?post=5862"}],"wp:featuredmedia":[{"embeddable":true,"href":"https:\/\/autopdz.com\/ar\/wp-json\/wp\/v2\/media\/5861"}],"wp:attachment":[{"href":"https:\/\/autopdz.com\/ar\/wp-json\/wp\/v2\/media?parent=5862"}],"wp:term":[{"taxonomy":"product_brand","embeddable":true,"href":"https:\/\/autopdz.com\/ar\/wp-json\/wp\/v2\/product_brand?post=5862"},{"taxonomy":"product_cat","embeddable":true,"href":"https:\/\/autopdz.com\/ar\/wp-json\/wp\/v2\/product_cat?post=5862"},{"taxonomy":"product_tag","embeddable":true,"href":"https:\/\/autopdz.com\/ar\/wp-json\/wp\/v2\/product_tag?post=5862"}],"curies":[{"name":"wp","href":"https:\/\/api.w.org\/{rel}","templated":true}]}}