{"id":5867,"date":"2024-11-05T14:57:47","date_gmt":"2024-11-05T13:57:47","guid":{"rendered":"https:\/\/autopdz.com\/product\/aileron-de-coffre-universel-en-caoutchouc-de-type-mince\/"},"modified":"2025-01-25T12:09:35","modified_gmt":"2025-01-25T11:09:35","slug":"aileron-de-coffre-universel-en-caoutchouc-de-type-mince","status":"publish","type":"product","link":"https:\/\/autopdz.com\/ar\/product\/aileron-de-coffre-universel-en-caoutchouc-de-type-mince\/","title":{"rendered":"Aileron de coffre universel en caoutchouc de type mince"},"content":{"rendered":"<p>Aileron de coffre universel en caoutchouc de type fin<\/p>\n<p>Caoutchouc flexible<br \/>\nNoir mat<br \/>\n122 cm de longueur x 4,5 cm de largeur<br \/>\nFacile \u00e0 installer<br \/>\nRuban adh\u00e9sif double face inclus<br \/>\nConvient \u00e0 la plupart des mod\u00e8les de v\u00e9hicules<br \/>\nVendu \u00e0 l&rsquo;unit\u00e9<\/p>","protected":false},"excerpt":{"rendered":"<p>Aileron de coffre universel en caoutchouc de type fin Caoutchouc flexible Noir mat 122 cm de longueur x 4,5 cm de largeur Facile \u00e0 installer Ruban adh\u00e9sif double face inclus Convient \u00e0 la plupart des mod\u00e8les de v\u00e9hicules Vendu \u00e0 l&rsquo;unit\u00e9<\/p>","protected":false},"featured_media":5863,"comment_status":"open","ping_status":"closed","template":"","meta":[],"product_brand":[],"product_cat":[26],"product_tag":[],"class_list":{"0":"post-5867","1":"product","2":"type-product","3":"status-publish","4":"has-post-thumbnail","6":"product_cat-accessoires-exterieur","8":"first","9":"instock","10":"shipping-taxable","11":"purchasable","12":"product-type-simple"},"jetpack_sharing_enabled":true,"_links":{"self":[{"href":"https:\/\/autopdz.com\/ar\/wp-json\/wp\/v2\/product\/5867","targetHints":{"allow":["GET"]}}],"collection":[{"href":"https:\/\/autopdz.com\/ar\/wp-json\/wp\/v2\/product"}],"about":[{"href":"https:\/\/autopdz.com\/ar\/wp-json\/wp\/v2\/types\/product"}],"replies":[{"embeddable":true,"href":"https:\/\/autopdz.com\/ar\/wp-json\/wp\/v2\/comments?post=5867"}],"wp:featuredmedia":[{"embeddable":true,"href":"https:\/\/autopdz.com\/ar\/wp-json\/wp\/v2\/media\/5863"}],"wp:attachment":[{"href":"https:\/\/autopdz.com\/ar\/wp-json\/wp\/v2\/media?parent=5867"}],"wp:term":[{"taxonomy":"product_brand","embeddable":true,"href":"https:\/\/autopdz.com\/ar\/wp-json\/wp\/v2\/product_brand?post=5867"},{"taxonomy":"product_cat","embeddable":true,"href":"https:\/\/autopdz.com\/ar\/wp-json\/wp\/v2\/product_cat?post=5867"},{"taxonomy":"product_tag","embeddable":true,"href":"https:\/\/autopdz.com\/ar\/wp-json\/wp\/v2\/product_tag?post=5867"}],"curies":[{"name":"wp","href":"https:\/\/api.w.org\/{rel}","templated":true}]}}