{"id":594,"date":"2023-09-22T15:40:06","date_gmt":"2023-09-22T14:40:06","guid":{"rendered":"https:\/\/autopdz.com\/?post_type=product&#038;p=594"},"modified":"2026-02-11T15:30:21","modified_gmt":"2026-02-11T14:30:21","slug":"porte-gobelet-de-voiture-avec-support-de-telephone-rotatif","status":"publish","type":"product","link":"https:\/\/autopdz.com\/ar\/product\/porte-gobelet-de-voiture-avec-support-de-telephone-rotatif\/","title":{"rendered":"Porte-gobelet de voiture avec support de t\u00e9l\u00e9phone"},"content":{"rendered":"<div class=\"celwidget\" id=\"featurebullets_feature_div\" data-feature-name=\"featurebullets\" data-csa-c-type=\"widget\" data-csa-c-content-id=\"featurebullets\" data-csa-c-slot-id=\"featurebullets_feature_div\" data-csa-c-asin=\"B0C1MQZR79\" data-csa-c-is-in-initial-active-row=\"false\" data-csa-c-id=\"51hzai-cjst2v-dgmi8y-qq19mr\" data-cel-widget=\"featurebullets_feature_div\">\n<div class=\"a-section a-spacing-medium a-spacing-top-small\" id=\"feature-bullets\">\n<ul class=\"a-unordered-list a-vertical a-spacing-mini\">\n<li class=\"a-spacing-mini\"><span class=\"a-list-item\" style=\"color:#000000\">\u3010Id\u00e9al pour t\u00e9l\u00e9phone et bouteilles\u3011Vous pouvez non seulement placer le t\u00e9l\u00e9phone portable sur notre nouveau support de t\u00e9l\u00e9phone \u00e0 gobelet, mais aussi votre bouteille dans le porte-gobelet de voiture, plus de situation embarrassante \u00e0 la recherche d&rsquo;un t\u00e9l\u00e9phone portable et d&rsquo;une tasse.<\/span><\/li>\n<li class=\"a-spacing-mini\"><span class=\"a-list-item\" style=\"color:#000000\">Support de t\u00e9l\u00e9phone rotatif : contrairement \u00e0 d&rsquo;autres porte-gobelets sur le march\u00e9. Vous pouvez ajuster la position du support \u00e0 tout moment selon vos besoins. Le support de t\u00e9l\u00e9phone de voiture est parfait pour les smartphones jusqu&rsquo;\u00e0 7&Prime;<\/span><\/li>\n<li class=\"a-spacing-mini\"><span class=\"a-list-item\" style=\"color:#000000\">Installation facile : tout d&rsquo;abord, enclenchez le support dans le porte-gobelet de la voiture. Ensuite, placez le porte-gobelet dans la position appropri\u00e9e dans la sortie d&rsquo;air. Vous pouvez voir le processus d&rsquo;installation pr\u00e9cis sur les images et la vid\u00e9o sur cette page.<\/span><\/li>\n<li class=\"a-spacing-mini\"><span class=\"a-list-item\" style=\"color:#000000\">\u3010Bonne compatibilit\u00e9\u3011 Convient \u00e0 la plupart des sorties de climatisation horizontales des v\u00e9hicules automobiles. Mais le d\u00e9flecteur vertical ou rond n&rsquo;est pas adaptable. Nous proposons 3 tailles de pinces de sortie d&rsquo;air que vous pouvez choisir pour r\u00e9pondre \u00e0 vos besoins.<\/span><\/li>\n<li class=\"a-spacing-mini\"><span class=\"a-list-item\" style=\"color:#000000\">\u3010Attention aux d\u00e9tails\u3011Avec spatule de langue amovible qui peut ajuster la taille du support \u00e0 ventouse noir. La partie inf\u00e9rieure est \u00e9quip\u00e9e d&rsquo;un rembourrage en caoutchouc pour prot\u00e9ger efficacement la tasse et \u00e9viter le bruit. Vous pouvez l&rsquo;utiliser pour placer votre caf\u00e9, cola, jus, boisson, bi\u00e8re, etc.<\/span><\/li>\n<\/ul>\n<\/div>\n<\/div>\n<div class=\"celwidget\" id=\"provenanceCertifications_feature_div\" data-feature-name=\"provenanceCertifications\" data-csa-c-type=\"widget\" data-csa-c-content-id=\"provenanceCertifications\" data-csa-c-slot-id=\"provenanceCertifications_feature_div\" data-csa-c-asin=\"B0C1MQZR79\" data-csa-c-is-in-initial-active-row=\"false\" data-csa-c-id=\"tquf0n-io3dsi-jnhi5g-k19cwr\" data-cel-widget=\"provenanceCertifications_feature_div\"><\/div>\n<div class=\"celwidget\" id=\"globalStoreInfoBullets_feature_div\" data-feature-name=\"globalStoreInfoBullets\" data-csa-c-type=\"widget\" data-csa-c-content-id=\"globalStoreInfoBullets\" data-csa-c-slot-id=\"globalStoreInfoBullets_feature_div\" data-csa-c-asin=\"B0C1MQZR79\" data-csa-c-is-in-initial-active-row=\"false\" data-csa-c-id=\"mu2gqu-x61yhp-gzqswf-hzjh1w\" data-cel-widget=\"globalStoreInfoBullets_feature_div\"><\/div>\n<div id=\"HLCXComparisonJumplink_feature_div\"><\/div>\n<div class=\"celwidget\" id=\"vendorPoweredCoupon_feature_div\" data-feature-name=\"vendorPoweredCoupon\" data-csa-c-type=\"widget\" data-csa-c-content-id=\"vendorPoweredCoupon\" data-csa-c-slot-id=\"vendorPoweredCoupon_feature_div\" data-csa-c-asin=\"B0C1MQZR79\" data-csa-c-is-in-initial-active-row=\"false\" data-csa-c-id=\"q1wfy7-7sjsr-5coq70-qannkk\" data-cel-widget=\"vendorPoweredCoupon_feature_div\"><\/div>\n<div class=\"celwidget\" id=\"addOnItem_feature_div\" data-feature-name=\"addOnItem\" data-csa-c-type=\"widget\" data-csa-c-content-id=\"addOnItem\" data-csa-c-slot-id=\"addOnItem_feature_div\" data-csa-c-asin=\"B0C1MQZR79\" data-csa-c-is-in-initial-active-row=\"false\" data-csa-c-id=\"8d501p-8fj8ho-pl38vs-o1bga3\" data-cel-widget=\"addOnItem_feature_div\"><\/div>\n<div class=\"celwidget\" id=\"giftcard-holiday-availability-messaging_feature_div\" data-feature-name=\"giftCardHolidayAvailabilityMessaging\" data-csa-c-type=\"widget\" data-csa-c-content-id=\"giftCardHolidayAvailabilityMessaging\" data-csa-c-slot-id=\"giftcard-holiday-availability-messaging_feature_div\" data-csa-c-asin=\"B0C1MQZR79\" data-csa-c-is-in-initial-active-row=\"false\" data-csa-c-id=\"hk0mfo-4q0l5c-rcqa1x-gyphlu\" data-cel-widget=\"giftcard-holiday-availability-messaging_feature_div\"><\/div>\n<div class=\"celwidget\" id=\"andonCord_feature_div\" data-feature-name=\"andonCord\" data-csa-c-type=\"widget\" data-csa-c-content-id=\"andonCord\" data-csa-c-slot-id=\"andonCord_feature_div\" data-csa-c-asin=\"B0C1MQZR79\" data-csa-c-is-in-initial-active-row=\"false\" data-csa-c-id=\"ezmml1-oe28ue-yw0oug-6azpty\" data-cel-widget=\"andonCord_feature_div\"><\/div>\n<div class=\"celwidget\" id=\"olp_feature_div\" data-feature-name=\"olp\" data-csa-c-type=\"widget\" data-csa-c-content-id=\"olp\" data-csa-c-slot-id=\"olp_feature_div\" data-csa-c-asin=\"B0C1MQZR79\" data-csa-c-is-in-initial-active-row=\"false\" data-csa-c-id=\"dnj3gt-g2lwhv-z0d34j-iy5hiw\" data-cel-widget=\"olp_feature_div\"><\/div>","protected":false},"excerpt":{"rendered":"<p>\u3010Id\u00e9al pour t\u00e9l\u00e9phone et bouteilles\u3011Vous pouvez non seulement placer le t\u00e9l\u00e9phone portable sur notre nouveau support de t\u00e9l\u00e9phone \u00e0 gobelet, mais aussi votre bouteille dans le porte-gobelet de voiture, plus de situation embarrassante \u00e0 la recherche d&rsquo;un t\u00e9l\u00e9phone portable et d&rsquo;une tasse. Support de t\u00e9l\u00e9phone rotatif : contrairement \u00e0 d&rsquo;autres porte-gobelets sur le march\u00e9. Vous [&hellip;]<\/p>","protected":false},"featured_media":9256,"comment_status":"open","ping_status":"closed","template":"","meta":[],"product_brand":[],"product_cat":[38],"product_tag":[40],"class_list":{"0":"post-594","1":"product","2":"type-product","3":"status-publish","4":"has-post-thumbnail","6":"product_cat-support-telephone","7":"product_tag-support-telephone-voiture","9":"first","10":"outofstock","11":"shipping-taxable","12":"purchasable","13":"product-type-simple"},"jetpack_sharing_enabled":true,"_links":{"self":[{"href":"https:\/\/autopdz.com\/ar\/wp-json\/wp\/v2\/product\/594","targetHints":{"allow":["GET"]}}],"collection":[{"href":"https:\/\/autopdz.com\/ar\/wp-json\/wp\/v2\/product"}],"about":[{"href":"https:\/\/autopdz.com\/ar\/wp-json\/wp\/v2\/types\/product"}],"replies":[{"embeddable":true,"href":"https:\/\/autopdz.com\/ar\/wp-json\/wp\/v2\/comments?post=594"}],"wp:featuredmedia":[{"embeddable":true,"href":"https:\/\/autopdz.com\/ar\/wp-json\/wp\/v2\/media\/9256"}],"wp:attachment":[{"href":"https:\/\/autopdz.com\/ar\/wp-json\/wp\/v2\/media?parent=594"}],"wp:term":[{"taxonomy":"product_brand","embeddable":true,"href":"https:\/\/autopdz.com\/ar\/wp-json\/wp\/v2\/product_brand?post=594"},{"taxonomy":"product_cat","embeddable":true,"href":"https:\/\/autopdz.com\/ar\/wp-json\/wp\/v2\/product_cat?post=594"},{"taxonomy":"product_tag","embeddable":true,"href":"https:\/\/autopdz.com\/ar\/wp-json\/wp\/v2\/product_tag?post=594"}],"curies":[{"name":"wp","href":"https:\/\/api.w.org\/{rel}","templated":true}]}}