{"id":600,"date":"2023-09-22T15:51:26","date_gmt":"2023-09-22T14:51:26","guid":{"rendered":"https:\/\/autopdz.com\/?post_type=product&#038;p=600"},"modified":"2025-12-16T13:57:10","modified_gmt":"2025-12-16T12:57:10","slug":"support-de-telephone-de-voiture-rotatif-et-retractable","status":"publish","type":"product","link":"https:\/\/autopdz.com\/ar\/product\/support-de-telephone-de-voiture-rotatif-et-retractable\/","title":{"rendered":"Support de t\u00e9l\u00e9phone de voiture rotatif et r\u00e9tractable"},"content":{"rendered":"<p><span style=\"color: #000000;\">Caract\u00e9ristiques du produit:<\/span><\/p>\n<p><span style=\"color: #000000;\">Support de t\u00e9l\u00e9phone pour r\u00e9troviseur de voiture : installez le support de t\u00e9l\u00e9phone portable de voiture sur le r\u00e9troviseur et dites adieu \u00e0 la dangereuse habitude de regarder la navigation. Les bras \u00e0 clip solides avec entretoises ne rayeront pas vos miroirs et ne laisseront aucune marque une fois retir\u00e9s.<\/span><\/p>\n<p><span style=\"color: #000000;\">\u3010OBTENEZ LE MEILLEUR ANGLE DE VISION\u3011: Le bras long du support de t\u00e9l\u00e9phone pour voiture peut \u00eatre rallong\u00e9 de 2 pouces suppl\u00e9mentaires par rapport \u00e0 sa longueur d&rsquo;origine. Actionnez le bouton de verrouillage pour un r\u00e9glage \u00e0 180 degr\u00e9s pour une distance et un angle de vision optimaux. Les poign\u00e9es en silicone prot\u00e8gent le t\u00e9l\u00e9phone des rayures.<\/span><\/p>\n<p><span style=\"color: #000000;\">\u3010STABLE ET FIABLE\u3011: Les supports automobiles pour t\u00e9l\u00e9phones portables sont fabriqu\u00e9s en ABS r\u00e9sistant aux hautes temp\u00e9ratures, qui ne se pliera pas et ne se d\u00e9formera pas pendant l&rsquo;\u00e9t\u00e9 chaud. La conception \u00e0 4 m\u00e2choires du support de t\u00e9l\u00e9phone pour r\u00e9troviseur offre une forte force de pr\u00e9hension et reste stable sur les routes cahoteuses et les virages serr\u00e9s.<\/span><\/p>\n<p><span style=\"color: #000000;\">\u3010FONCTIONNEMENT \u00c0 UNE MAIN\u3011: Vous pouvez placer ou retirer votre t\u00e9l\u00e9phone d&rsquo;une seule main. M\u00eame en conduisant, vous pouvez r\u00e9gler l&rsquo;\u00e9cran horizontal et vertical du t\u00e9l\u00e9phone d&rsquo;une seule main.<\/span><\/p>\n<p>Conseils de compatibilit\u00e9 : convient uniquement aux miroirs standard de moins de 3,4&Prime; de hauteur et 2,4&Prime; d&rsquo;\u00e9paisseur. Compatible avec n&rsquo;importe quel iPhone et t\u00e9l\u00e9phone Android de 4 \u00e0 7 pouces.<\/p>","protected":false},"excerpt":{"rendered":"<p>Caract\u00e9ristiques du produit: Support de t\u00e9l\u00e9phone pour r\u00e9troviseur de voiture : installez le support de t\u00e9l\u00e9phone portable de voiture sur le r\u00e9troviseur et dites adieu \u00e0 la dangereuse habitude de regarder la navigation. Les bras \u00e0 clip solides avec entretoises ne rayeront pas vos miroirs et ne laisseront aucune marque une fois retir\u00e9s. \u3010OBTENEZ LE [&hellip;]<\/p>","protected":false},"featured_media":602,"comment_status":"open","ping_status":"closed","template":"","meta":[],"product_brand":[],"product_cat":[38],"product_tag":[40],"class_list":{"0":"post-600","1":"product","2":"type-product","3":"status-publish","4":"has-post-thumbnail","6":"product_cat-support-telephone","7":"product_tag-support-telephone-voiture","9":"first","10":"outofstock","11":"shipping-taxable","12":"purchasable","13":"product-type-simple"},"jetpack_sharing_enabled":true,"_links":{"self":[{"href":"https:\/\/autopdz.com\/ar\/wp-json\/wp\/v2\/product\/600","targetHints":{"allow":["GET"]}}],"collection":[{"href":"https:\/\/autopdz.com\/ar\/wp-json\/wp\/v2\/product"}],"about":[{"href":"https:\/\/autopdz.com\/ar\/wp-json\/wp\/v2\/types\/product"}],"replies":[{"embeddable":true,"href":"https:\/\/autopdz.com\/ar\/wp-json\/wp\/v2\/comments?post=600"}],"wp:featuredmedia":[{"embeddable":true,"href":"https:\/\/autopdz.com\/ar\/wp-json\/wp\/v2\/media\/602"}],"wp:attachment":[{"href":"https:\/\/autopdz.com\/ar\/wp-json\/wp\/v2\/media?parent=600"}],"wp:term":[{"taxonomy":"product_brand","embeddable":true,"href":"https:\/\/autopdz.com\/ar\/wp-json\/wp\/v2\/product_brand?post=600"},{"taxonomy":"product_cat","embeddable":true,"href":"https:\/\/autopdz.com\/ar\/wp-json\/wp\/v2\/product_cat?post=600"},{"taxonomy":"product_tag","embeddable":true,"href":"https:\/\/autopdz.com\/ar\/wp-json\/wp\/v2\/product_tag?post=600"}],"curies":[{"name":"wp","href":"https:\/\/api.w.org\/{rel}","templated":true}]}}