{"id":606,"date":"2023-09-22T16:14:23","date_gmt":"2023-09-22T15:14:23","guid":{"rendered":"https:\/\/autopdz.com\/?post_type=product&#038;p=606"},"modified":"2025-11-02T17:08:32","modified_gmt":"2025-11-02T16:08:32","slug":"support-de-telephone-de-tableau-de-bord-360","status":"publish","type":"product","link":"https:\/\/autopdz.com\/ar\/product\/support-de-telephone-de-tableau-de-bord-360\/","title":{"rendered":"Support de t\u00e9l\u00e9phone de tableau de bord 360"},"content":{"rendered":"<div>\n<ul class=\"seo-sellpoints--sellerPoint--bfm7Az1\">\n<li>\n<pre data-spm-anchor-id=\"a2g0o.detail.0.i4.79835e24MAOrGL\"><span style=\"color: #000000;\">Facile \u00e0 installer et \u00e0 utiliser: Facile \u00e0 installer, aucun outil compliqu\u00e9 requis. Le support de voiture est facile \u00e0 installer, il suffit de connecter le t\u00e9l\u00e9phone mobile avec une pince et de la serrer.<\/span><\/pre>\n<\/li>\n<li>\n<pre><span style=\"color: #000000;\">fabriqu\u00e9 professionnellement: Fabriqu\u00e9 professionnellement en alliage d'aluminium, la base du support est solide et durable.<\/span><\/pre>\n<\/li>\n<li>\n<pre><span style=\"color: #000000;\">compatibilit\u00e9 universelle: Le support de t\u00e9l\u00e9phone universel est \u00e9quip\u00e9 d'un syst\u00e8me d'\u00e9chappement, qui offre une compatibilit\u00e9 universelle avec presque tous les types de t\u00e9l\u00e9phones portables.<\/span><\/pre>\n<\/li>\n<li>\n<pre><span style=\"color: #000000;\">r\u00e9sistant \u00e0 la corrosion: En acier inoxydable, r\u00e9sistant \u00e0 la corrosion et durable. Mat\u00e9riau de qualit\u00e9 sup\u00e9rieure r\u00e9sistant \u00e0 la corrosion.<\/span><\/pre>\n<\/li>\n<li>\n<pre><span style=\"color: #000000;\">stabilit\u00e9 plus brassard: Le support de t\u00e9l\u00e9phone portable est con\u00e7u avec une ceinture \u00e0 d\u00e9gagement rapide pour le montage sur votre voiture et offre un confort ultime pour la portabilit\u00e9, les performances antid\u00e9rapantes et une stabilit\u00e9 accrue.<\/span><\/pre>\n<\/li>\n<li>\n<pre><span style=\"color: #000000;\">r\u00e9sistant \u00e0 l'abrasion: R\u00e9sistant \u00e0 la rouille, r\u00e9sistant au vieillissement et aux temp\u00e9ratures \u00e9lev\u00e9es. Mat\u00e9riau en silicone souple, r\u00e9sistant \u00e0 la d\u00e9chirure et antid\u00e9rapant.<\/span><\/pre>\n<\/li>\n<li>\n<pre><span style=\"color: #000000;\">type de RAM du syst\u00e8me: Le type de prise de vue du v\u00e9hicule ne peut \u00eatre utilis\u00e9 que dans le tableau des tailles.<\/span><\/pre>\n<\/li>\n<li>\n<pre><span style=\"color: #000000;\">facilit\u00e9 d'utilisation: Facilit\u00e9 d'utilisation, facilit\u00e9 de nettoyage et la commodit\u00e9 de l'installation. Le support de t\u00e9l\u00e9phone pour tableau de bord est dot\u00e9 d'une technologie innovante et moderne avec une simplicit\u00e9 in\u00e9gal\u00e9e, qui garantit un montage simple et pratique sur la console centrale.<\/span><\/pre>\n<\/li>\n<li>\n<pre><span style=\"color: #000000;\">prot\u00e9gez votre voiture: Prot\u00e9gez votre voiture de la salet\u00e9, des rayures et de l'usure.<\/span><\/pre>\n<\/li>\n<li>\n<pre data-spm-anchor-id=\"a2g0o.detail.0.i5.79835e24MAOrGL\"><span style=\"color: #000000;\">petit format et l\u00e9ger: Le support de t\u00e9l\u00e9phone est petit et l\u00e9ger. Petit et l\u00e9ger, ne prend pas trop de place.<\/span><\/pre>\n<\/li>\n<\/ul>\n<\/div>","protected":false},"excerpt":{"rendered":"<p>Facile \u00e0 installer et \u00e0 utiliser: Facile \u00e0 installer, aucun outil compliqu\u00e9 requis. Le support de voiture est facile \u00e0 installer, il suffit de connecter le t\u00e9l\u00e9phone mobile avec une pince et de la serrer. fabriqu\u00e9 professionnellement: Fabriqu\u00e9 professionnellement en alliage d&rsquo;aluminium, la base du support est solide et durable. compatibilit\u00e9 universelle: Le support de [&hellip;]<\/p>","protected":false},"featured_media":15867,"comment_status":"open","ping_status":"closed","template":"","meta":[],"product_brand":[],"product_cat":[38],"product_tag":[40],"class_list":{"0":"post-606","1":"product","2":"type-product","3":"status-publish","4":"has-post-thumbnail","6":"product_cat-support-telephone","7":"product_tag-support-telephone-voiture","9":"first","10":"instock","11":"sale","12":"shipping-taxable","13":"purchasable","14":"product-type-simple"},"jetpack_sharing_enabled":true,"_links":{"self":[{"href":"https:\/\/autopdz.com\/ar\/wp-json\/wp\/v2\/product\/606","targetHints":{"allow":["GET"]}}],"collection":[{"href":"https:\/\/autopdz.com\/ar\/wp-json\/wp\/v2\/product"}],"about":[{"href":"https:\/\/autopdz.com\/ar\/wp-json\/wp\/v2\/types\/product"}],"replies":[{"embeddable":true,"href":"https:\/\/autopdz.com\/ar\/wp-json\/wp\/v2\/comments?post=606"}],"wp:featuredmedia":[{"embeddable":true,"href":"https:\/\/autopdz.com\/ar\/wp-json\/wp\/v2\/media\/15867"}],"wp:attachment":[{"href":"https:\/\/autopdz.com\/ar\/wp-json\/wp\/v2\/media?parent=606"}],"wp:term":[{"taxonomy":"product_brand","embeddable":true,"href":"https:\/\/autopdz.com\/ar\/wp-json\/wp\/v2\/product_brand?post=606"},{"taxonomy":"product_cat","embeddable":true,"href":"https:\/\/autopdz.com\/ar\/wp-json\/wp\/v2\/product_cat?post=606"},{"taxonomy":"product_tag","embeddable":true,"href":"https:\/\/autopdz.com\/ar\/wp-json\/wp\/v2\/product_tag?post=606"}],"curies":[{"name":"wp","href":"https:\/\/api.w.org\/{rel}","templated":true}]}}