{"id":6288,"date":"2024-11-11T13:55:47","date_gmt":"2024-11-11T12:55:47","guid":{"rendered":"https:\/\/autopdz.com\/product\/fusible-pour-haut-parleurs-de-voiture-12v-60a\/"},"modified":"2025-06-20T19:22:52","modified_gmt":"2025-06-20T18:22:52","slug":"fusible-pour-haut-parleurs-de-voiture-12v-60a","status":"publish","type":"product","link":"https:\/\/autopdz.com\/ar\/product\/fusible-pour-haut-parleurs-de-voiture-12v-60a\/","title":{"rendered":"Fusible pour haut-parleurs de voiture 12V 60A"},"content":{"rendered":"<p>1 Porte-fusibles.<\/p>\n<p>Protection compl\u00e8te contre les surcharges<\/p>\n<p>2 Condensateur.<\/p>\n<p>Gardez vos amplis stables et vos haut-parleurs exempts de distorsion.<\/p>\n<p>Offre plus de basses<\/p>\n<p>\u00a9 Blocs de distribution.<\/p>\n<p>Utiliser sur les c\u00e2bles d\u2019alimentation principaux pour distribuer l\u2019alimentation \u00e0 plusieurs composants.<\/p>\n<p>4 fils d&rsquo;alimentation\/terre.<\/p>\n<p>Les fils d&rsquo;alimentation et de terre en cuivre \u00e0 haute temp\u00e9rature et \u00e0 nombre \u00e9lev\u00e9 de brins garantissent un transfert de courant maximal<\/p>","protected":false},"excerpt":{"rendered":"<p>1 Porte-fusibles. Protection compl\u00e8te contre les surcharges 2 Condensateur. Gardez vos amplis stables et vos haut-parleurs exempts de distorsion. Offre plus de basses \u00a9 Blocs de distribution. Utiliser sur les c\u00e2bles d\u2019alimentation principaux pour distribuer l\u2019alimentation \u00e0 plusieurs composants. 4 fils d&rsquo;alimentation\/terre. Les fils d&rsquo;alimentation et de terre en cuivre \u00e0 haute temp\u00e9rature et \u00e0 [&hellip;]<\/p>","protected":false},"featured_media":6284,"comment_status":"open","ping_status":"closed","template":"","meta":[],"product_brand":[],"product_cat":[24],"product_tag":[],"class_list":{"0":"post-6288","1":"product","2":"type-product","3":"status-publish","4":"has-post-thumbnail","6":"product_cat-accessoires-interieur","8":"first","9":"instock","10":"shipping-taxable","11":"purchasable","12":"product-type-simple"},"jetpack_sharing_enabled":true,"_links":{"self":[{"href":"https:\/\/autopdz.com\/ar\/wp-json\/wp\/v2\/product\/6288","targetHints":{"allow":["GET"]}}],"collection":[{"href":"https:\/\/autopdz.com\/ar\/wp-json\/wp\/v2\/product"}],"about":[{"href":"https:\/\/autopdz.com\/ar\/wp-json\/wp\/v2\/types\/product"}],"replies":[{"embeddable":true,"href":"https:\/\/autopdz.com\/ar\/wp-json\/wp\/v2\/comments?post=6288"}],"wp:featuredmedia":[{"embeddable":true,"href":"https:\/\/autopdz.com\/ar\/wp-json\/wp\/v2\/media\/6284"}],"wp:attachment":[{"href":"https:\/\/autopdz.com\/ar\/wp-json\/wp\/v2\/media?parent=6288"}],"wp:term":[{"taxonomy":"product_brand","embeddable":true,"href":"https:\/\/autopdz.com\/ar\/wp-json\/wp\/v2\/product_brand?post=6288"},{"taxonomy":"product_cat","embeddable":true,"href":"https:\/\/autopdz.com\/ar\/wp-json\/wp\/v2\/product_cat?post=6288"},{"taxonomy":"product_tag","embeddable":true,"href":"https:\/\/autopdz.com\/ar\/wp-json\/wp\/v2\/product_tag?post=6288"}],"curies":[{"name":"wp","href":"https:\/\/api.w.org\/{rel}","templated":true}]}}