{"id":633,"date":"2023-09-28T18:09:33","date_gmt":"2023-09-28T17:09:33","guid":{"rendered":"https:\/\/autopdz.com\/?post_type=product&#038;p=633"},"modified":"2025-10-18T08:35:40","modified_gmt":"2025-10-18T07:35:40","slug":"horloge-de-tableau-prada-pour-interieur-de-voiture","status":"publish","type":"product","link":"https:\/\/autopdz.com\/ar\/product\/horloge-de-tableau-prada-pour-interieur-de-voiture\/","title":{"rendered":"Horloge de tableau Prada pour int\u00e9rieur de Voiture"},"content":{"rendered":"<div>\n<ul class=\"seo-sellpoints--sellerPoint--bfm7Az1\">\n<li>\n<pre data-spm-anchor-id=\"a2g0o.detail.0.i3.1b64YUVeYUVePF\">d\u00e9coration de la maison parfaite: La d\u00e9coration de la maison, le bureau, l'\u00e9tude, le salon et d'autres endroits.<\/pre>\n<\/li>\n<li>\n<pre>fabriqu\u00e9 professionnellement: Fabriqu\u00e9 professionnellement avec un savoir-faire exquis, des performances stables et durables.<\/pre>\n<\/li>\n<li>\n<pre>parfait pour la d\u00e9coration: Parfait pour la d\u00e9coration int\u00e9rieure de voiture et l'affichage du bureau. En m\u00eame temps, parfait pour la maison, bureau, restaurant, caf\u00e9, etc.<\/pre>\n<\/li>\n<li>\n<pre>prot\u00e9gez votre voiture: Prot\u00e9gez votre maison et prot\u00e9gez vos enfants des \u00e9gratignures. Prot\u00e9gez votre montre et d\u00e9corez l'int\u00e9rieur de la voiture, gardez vos voitures \u00e0 l'abri de la lumi\u00e8re directe du soleil.<\/pre>\n<\/li>\n<li>\n<pre>d\u00e9coration d'int\u00e9rieur: Cette d\u00e9coration de tableau est un excellent moyen de mettre en valeur la qualit\u00e9 de l'horloge.<\/pre>\n<\/li>\n<li>\n<pre>r\u00e9sistant \u00e0 l'usure: R\u00e9sistant \u00e0 la d\u00e9chirure et durable, avec l'assurance de la qualit\u00e9.<\/pre>\n<\/li>\n<li>\n<pre>d\u00e9coration parfaite: Cette horloge est une d\u00e9coration parfaite pour votre bureau ou la maison, et c'est aussi un cadeau id\u00e9al.<\/pre>\n<\/li>\n<li>\n<pre data-spm-anchor-id=\"a2g0o.detail.0.i4.1b64YUVeYUVePF\">qualit\u00e9 sup\u00e9rieure: La montre est faite de mat\u00e9riaux de qualit\u00e9 sup\u00e9rieure et peut r\u00e9sister \u00e0 l'\u00e9preuve du temps. Fabriqu\u00e9 \u00e0 partir de plastique durable et de verre de qualit\u00e9 sup\u00e9rieure, ce produit est solide et durable.<\/pre>\n<\/li>\n<li>\n<pre>facile \u00e0 installer: Facile \u00e0 installer et \u00e0 retirer. Facile \u00e0 installer, pas besoin d'outils suppl\u00e9mentaires.<\/pre>\n<\/li>\n<li>\n<pre>d\u00e9coration de No\u00ebl: La d\u00e9coration de no\u00ebl est une belle fa\u00e7on d'ajouter des \u00e9l\u00e9ments d\u00e9coratifs pour votre maison et la f\u00eate.<\/pre>\n<\/li>\n<\/ul>\n<\/div>","protected":false},"excerpt":{"rendered":"<p>d\u00e9coration de la maison parfaite: La d\u00e9coration de la maison, le bureau, l&rsquo;\u00e9tude, le salon et d&rsquo;autres endroits. fabriqu\u00e9 professionnellement: Fabriqu\u00e9 professionnellement avec un savoir-faire exquis, des performances stables et durables. parfait pour la d\u00e9coration: Parfait pour la d\u00e9coration int\u00e9rieure de voiture et l&rsquo;affichage du bureau. En m\u00eame temps, parfait pour la maison, bureau, restaurant, [&hellip;]<\/p>","protected":false},"featured_media":637,"comment_status":"open","ping_status":"closed","template":"","meta":[],"product_brand":[],"product_cat":[24],"product_tag":[45],"class_list":{"0":"post-633","1":"product","2":"type-product","3":"status-publish","4":"has-post-thumbnail","6":"product_cat-accessoires-interieur","7":"product_tag-horloge-voiture","9":"first","10":"outofstock","11":"shipping-taxable","12":"purchasable","13":"product-type-simple"},"jetpack_sharing_enabled":true,"_links":{"self":[{"href":"https:\/\/autopdz.com\/ar\/wp-json\/wp\/v2\/product\/633","targetHints":{"allow":["GET"]}}],"collection":[{"href":"https:\/\/autopdz.com\/ar\/wp-json\/wp\/v2\/product"}],"about":[{"href":"https:\/\/autopdz.com\/ar\/wp-json\/wp\/v2\/types\/product"}],"replies":[{"embeddable":true,"href":"https:\/\/autopdz.com\/ar\/wp-json\/wp\/v2\/comments?post=633"}],"wp:featuredmedia":[{"embeddable":true,"href":"https:\/\/autopdz.com\/ar\/wp-json\/wp\/v2\/media\/637"}],"wp:attachment":[{"href":"https:\/\/autopdz.com\/ar\/wp-json\/wp\/v2\/media?parent=633"}],"wp:term":[{"taxonomy":"product_brand","embeddable":true,"href":"https:\/\/autopdz.com\/ar\/wp-json\/wp\/v2\/product_brand?post=633"},{"taxonomy":"product_cat","embeddable":true,"href":"https:\/\/autopdz.com\/ar\/wp-json\/wp\/v2\/product_cat?post=633"},{"taxonomy":"product_tag","embeddable":true,"href":"https:\/\/autopdz.com\/ar\/wp-json\/wp\/v2\/product_tag?post=633"}],"curies":[{"name":"wp","href":"https:\/\/api.w.org\/{rel}","templated":true}]}}