{"id":638,"date":"2023-09-28T18:17:23","date_gmt":"2023-09-28T17:17:23","guid":{"rendered":"https:\/\/autopdz.com\/?post_type=product&#038;p=638"},"modified":"2025-03-08T12:38:46","modified_gmt":"2025-03-08T11:38:46","slug":"lampe-automatique-de-voiture-coloree-multicolore-de-led","status":"publish","type":"product","link":"https:\/\/autopdz.com\/ar\/product\/lampe-automatique-de-voiture-coloree-multicolore-de-led\/","title":{"rendered":"Lampe automatique de voiture &#8211; Color\u00e9e multicolore de LED"},"content":{"rendered":"<article class=\"col8 -pvs\">\n<div class=\"card-b -fh\">\n<div class=\"markup -pam\">\n<ul>\n<li>Type: Look Xenon<\/li>\n<li>Couleur: color\u00e9<\/li>\n<li>Taille: 11 x 37 cm \/ 4,3 x 14,6 pouces<\/li>\n<li>But: lumi\u00e8re de stationnement<\/li>\n<li>Type d&rsquo;ampoule: Cale<\/li>\n<li>Pour s&rsquo;adapter: Lumi\u00e8re lat\u00e9rale<\/li>\n<li>Type d&rsquo;ampoule \u00e0 coin: 501 (W5W)<\/li>\n<li>Technologie: LED<\/li>\n<li>Quantit\u00e9 de LED: 2 Pcs<\/li>\n<li>Tension: 12 V<\/li>\n<li>Courant \u00e9lectrique: 0,16 A<\/li>\n<li>Puissance: 2 W<\/li>\n<li>Pile de la t\u00e9l\u00e9commande: pile AAA (non incluse)<\/li>\n<li>Contenu de l&#8217;emballage: 2 x LED, 1 x t\u00e9l\u00e9commande<\/li>\n<\/ul>\n<\/div>\n<\/div>\n<\/article>\n<article class=\"col8 -pvs\">\n<div class=\"card-b -fh\"><\/div>\n<\/article>","protected":false},"excerpt":{"rendered":"<p>Type: Look Xenon Couleur: color\u00e9 Taille: 11 x 37 cm \/ 4,3 x 14,6 pouces But: lumi\u00e8re de stationnement Type d&rsquo;ampoule: Cale Pour s&rsquo;adapter: Lumi\u00e8re lat\u00e9rale Type d&rsquo;ampoule \u00e0 coin: 501 (W5W) Technologie: LED Quantit\u00e9 de LED: 2 Pcs Tension: 12 V Courant \u00e9lectrique: 0,16 A Puissance: 2 W Pile de la t\u00e9l\u00e9commande: pile AAA [&hellip;]<\/p>","protected":false},"featured_media":641,"comment_status":"open","ping_status":"closed","template":"","meta":[],"product_brand":[],"product_cat":[26],"product_tag":[17],"class_list":{"0":"post-638","1":"product","2":"type-product","3":"status-publish","4":"has-post-thumbnail","6":"product_cat-accessoires-exterieur","7":"product_tag-led-auto","9":"first","10":"instock","11":"shipping-taxable","12":"purchasable","13":"product-type-simple"},"jetpack_sharing_enabled":true,"_links":{"self":[{"href":"https:\/\/autopdz.com\/ar\/wp-json\/wp\/v2\/product\/638","targetHints":{"allow":["GET"]}}],"collection":[{"href":"https:\/\/autopdz.com\/ar\/wp-json\/wp\/v2\/product"}],"about":[{"href":"https:\/\/autopdz.com\/ar\/wp-json\/wp\/v2\/types\/product"}],"replies":[{"embeddable":true,"href":"https:\/\/autopdz.com\/ar\/wp-json\/wp\/v2\/comments?post=638"}],"wp:featuredmedia":[{"embeddable":true,"href":"https:\/\/autopdz.com\/ar\/wp-json\/wp\/v2\/media\/641"}],"wp:attachment":[{"href":"https:\/\/autopdz.com\/ar\/wp-json\/wp\/v2\/media?parent=638"}],"wp:term":[{"taxonomy":"product_brand","embeddable":true,"href":"https:\/\/autopdz.com\/ar\/wp-json\/wp\/v2\/product_brand?post=638"},{"taxonomy":"product_cat","embeddable":true,"href":"https:\/\/autopdz.com\/ar\/wp-json\/wp\/v2\/product_cat?post=638"},{"taxonomy":"product_tag","embeddable":true,"href":"https:\/\/autopdz.com\/ar\/wp-json\/wp\/v2\/product_tag?post=638"}],"curies":[{"name":"wp","href":"https:\/\/api.w.org\/{rel}","templated":true}]}}