{"id":642,"date":"2023-09-28T18:20:04","date_gmt":"2023-09-28T17:20:04","guid":{"rendered":"https:\/\/autopdz.com\/?post_type=product&#038;p=642"},"modified":"2025-02-17T17:00:59","modified_gmt":"2025-02-17T16:00:59","slug":"lampe-led-usb-pour-interieur-de-voiture","status":"publish","type":"product","link":"https:\/\/autopdz.com\/ar\/product\/lampe-led-usb-pour-interieur-de-voiture\/","title":{"rendered":"Lampe LED USB pour int\u00e9rieur de voiture"},"content":{"rendered":"<p data-spm-anchor-id=\"a2g0o.detail.1000023.i0.31861CIr1CIrb2\">Caract\u00e9ristique:<br \/>\nMini taille, l\u00e9ger et peu encombrant<br \/>\nUne petite lumi\u00e8re laser illumine tout le ciel \u00e9toil\u00e9 \u00e0 l&rsquo;int\u00e9rieur de la voiture, \u00e9clairant la fa\u00e7on dont nous allons.<br \/>\nPort USB universel, utilisation multi-sc\u00e8ne, voiture, maison peuvent \u00eatre utilis\u00e9s, et l&rsquo;utilisation de la pi\u00e8ce apporte une atmosph\u00e8re diff\u00e9rente.<br \/>\nChamp d&rsquo;application: ordinateur, t\u00e9l\u00e9phone portable, batterie d&rsquo;alimentation, adaptateur de charge de t\u00e9l\u00e9phone portable, chargeur de voiture, etc.<\/p>\n<p>Caract\u00e9ristiques:<br \/>\nMat\u00e9riau: m\u00e9tal<br \/>\nCouleur claire: rouge<br \/>\nTaille: 215x15mm<br \/>\nActuel: 0.2 A<br \/>\nTension: 5 V<br \/>\nPuissance: 0.15 W<br \/>\nM\u00e9thode de connexion: connecteur d&rsquo;usb<\/p>\n<p>Le forfait comprend:<br \/>\n1x veilleuse \u00e9toile de toit de voiture<\/p>\n<p>Remarque:<br \/>\n1. En raison de la lumi\u00e8re et d&rsquo;autres raisons, il peut y avoir des diff\u00e9rences de couleur.<br \/>\n2. Les produits sont des mesures manuelles, il y a une l\u00e9g\u00e8re erreur de mesure.<br \/>\n3. Merci de votre compr\u00e9hension.<\/p>","protected":false},"excerpt":{"rendered":"<p>Caract\u00e9ristique: Mini taille, l\u00e9ger et peu encombrant Une petite lumi\u00e8re laser illumine tout le ciel \u00e9toil\u00e9 \u00e0 l&rsquo;int\u00e9rieur de la voiture, \u00e9clairant la fa\u00e7on dont nous allons. Port USB universel, utilisation multi-sc\u00e8ne, voiture, maison peuvent \u00eatre utilis\u00e9s, et l&rsquo;utilisation de la pi\u00e8ce apporte une atmosph\u00e8re diff\u00e9rente. Champ d&rsquo;application: ordinateur, t\u00e9l\u00e9phone portable, batterie d&rsquo;alimentation, adaptateur de [&hellip;]<\/p>","protected":false},"featured_media":645,"comment_status":"open","ping_status":"closed","template":"","meta":[],"product_brand":[],"product_cat":[24],"product_tag":[46],"class_list":{"0":"post-642","1":"product","2":"type-product","3":"status-publish","4":"has-post-thumbnail","6":"product_cat-accessoires-interieur","7":"product_tag-led-interieur","9":"first","10":"instock","11":"shipping-taxable","12":"purchasable","13":"product-type-simple"},"jetpack_sharing_enabled":true,"_links":{"self":[{"href":"https:\/\/autopdz.com\/ar\/wp-json\/wp\/v2\/product\/642","targetHints":{"allow":["GET"]}}],"collection":[{"href":"https:\/\/autopdz.com\/ar\/wp-json\/wp\/v2\/product"}],"about":[{"href":"https:\/\/autopdz.com\/ar\/wp-json\/wp\/v2\/types\/product"}],"replies":[{"embeddable":true,"href":"https:\/\/autopdz.com\/ar\/wp-json\/wp\/v2\/comments?post=642"}],"wp:featuredmedia":[{"embeddable":true,"href":"https:\/\/autopdz.com\/ar\/wp-json\/wp\/v2\/media\/645"}],"wp:attachment":[{"href":"https:\/\/autopdz.com\/ar\/wp-json\/wp\/v2\/media?parent=642"}],"wp:term":[{"taxonomy":"product_brand","embeddable":true,"href":"https:\/\/autopdz.com\/ar\/wp-json\/wp\/v2\/product_brand?post=642"},{"taxonomy":"product_cat","embeddable":true,"href":"https:\/\/autopdz.com\/ar\/wp-json\/wp\/v2\/product_cat?post=642"},{"taxonomy":"product_tag","embeddable":true,"href":"https:\/\/autopdz.com\/ar\/wp-json\/wp\/v2\/product_tag?post=642"}],"curies":[{"name":"wp","href":"https:\/\/api.w.org\/{rel}","templated":true}]}}