{"id":647,"date":"2023-09-28T18:26:05","date_gmt":"2023-09-28T17:26:05","guid":{"rendered":"https:\/\/autopdz.com\/?post_type=product&#038;p=647"},"modified":"2025-04-16T08:41:50","modified_gmt":"2025-04-16T07:41:50","slug":"amortisseurs-de-porte-de-voiture-8pcs-autocollants","status":"publish","type":"product","link":"https:\/\/autopdz.com\/ar\/product\/amortisseurs-de-porte-de-voiture-8pcs-autocollants\/","title":{"rendered":"Amortisseurs de porte de voiture 8Pcs \u2013 autocollants"},"content":{"rendered":"<p>Fabriqu\u00e9 en PVC de haute qualit\u00e9, haute r\u00e9sistance, solide et durable, pas facile \u00e0 tomber. Cela peut faire en sorte que la porte de votre voiture garde un \u00e9tat relativement silencieux. Prot\u00e9gez efficacement le bord de la porte des petites bosses ou de l&rsquo;\u00e9caillage de la peinture, \u00e9vitez les rayures et les chocs. Aucune escalade ou soudure n&rsquo;est n\u00e9cessaire, et la peinture de la voiture ne sera pas endommag\u00e9e. Pas besoin de percer ou de couper. Le dos du produit est de la colle, qui peut \u00eatre fermement attach\u00e9e sans tomber en raison de l&rsquo;arrachement. Il ne sera pas affect\u00e9 m\u00eame s&rsquo;il est mouill\u00e9 par la pluie. Vous aurez besoin d&rsquo;un tel utilitaire. L&rsquo;\u00e9paisseur compress\u00e9e est de 10 mm, avec des trous de ventilation. Assurez-vous que la porte peut \u00eatre ferm\u00e9e correctement sans causer de probl\u00e8mes d&rsquo;\u00e9tanch\u00e9it\u00e9. Parfaitement assorti \u00e0 votre voiture, offre un style de d\u00e9coration \u00e0 la mode, donne \u00e0 votre voiture un aspect neuf. Le joint amortisseur de porte de voiture peut \u00eatre install\u00e9 \u00e0 plusieurs endroits de l&rsquo;ensemble du v\u00e9hicule, comme la porte du coffre de la voiture, et le capot peut \u00eatre install\u00e9 pour r\u00e9duire les dommages courants au v\u00e9hicule. Convient \u00e0 la plupart des types de voitures, SUV, camping-cars, camions, etc.<\/p>\n<article class=\"col8 -pvs\">\n<div class=\"card-b -fh\">\n<div class=\"markup -pam\">\n<ul>\n<li>Mat\u00e9riau : silicone<\/li>\n<li>Pi\u00e8ces applicables : porte, coffre, capot, etc.<\/li>\n<li>Couleur : noir<\/li>\n<li>Le forfait comprend : 8 pi\u00e8ces x joint d&rsquo;amortisseur de voiture<\/li>\n<li>Taille : Diam\u00e8tre : 25 mm, Hauteur : 10 mm<\/li>\n<li>M\u00e9thode d&rsquo;installation : adh\u00e9sif auto-adh\u00e9sif<\/li>\n<\/ul>\n<\/div>\n<\/div>\n<\/article>\n<article class=\"col8 -pvs\">\n<div class=\"card-b -fh\"><\/div>\n<\/article>","protected":false},"excerpt":{"rendered":"<p>Fabriqu\u00e9 en PVC de haute qualit\u00e9, haute r\u00e9sistance, solide et durable, pas facile \u00e0 tomber. Cela peut faire en sorte que la porte de votre voiture garde un \u00e9tat relativement silencieux. Prot\u00e9gez efficacement le bord de la porte des petites bosses ou de l&rsquo;\u00e9caillage de la peinture, \u00e9vitez les rayures et les chocs. Aucune escalade [&hellip;]<\/p>","protected":false},"featured_media":648,"comment_status":"open","ping_status":"closed","template":"","meta":[],"product_brand":[],"product_cat":[24],"product_tag":[],"class_list":{"0":"post-647","1":"product","2":"type-product","3":"status-publish","4":"has-post-thumbnail","6":"product_cat-accessoires-interieur","8":"first","9":"outofstock","10":"shipping-taxable","11":"purchasable","12":"product-type-simple"},"jetpack_sharing_enabled":true,"_links":{"self":[{"href":"https:\/\/autopdz.com\/ar\/wp-json\/wp\/v2\/product\/647","targetHints":{"allow":["GET"]}}],"collection":[{"href":"https:\/\/autopdz.com\/ar\/wp-json\/wp\/v2\/product"}],"about":[{"href":"https:\/\/autopdz.com\/ar\/wp-json\/wp\/v2\/types\/product"}],"replies":[{"embeddable":true,"href":"https:\/\/autopdz.com\/ar\/wp-json\/wp\/v2\/comments?post=647"}],"wp:featuredmedia":[{"embeddable":true,"href":"https:\/\/autopdz.com\/ar\/wp-json\/wp\/v2\/media\/648"}],"wp:attachment":[{"href":"https:\/\/autopdz.com\/ar\/wp-json\/wp\/v2\/media?parent=647"}],"wp:term":[{"taxonomy":"product_brand","embeddable":true,"href":"https:\/\/autopdz.com\/ar\/wp-json\/wp\/v2\/product_brand?post=647"},{"taxonomy":"product_cat","embeddable":true,"href":"https:\/\/autopdz.com\/ar\/wp-json\/wp\/v2\/product_cat?post=647"},{"taxonomy":"product_tag","embeddable":true,"href":"https:\/\/autopdz.com\/ar\/wp-json\/wp\/v2\/product_tag?post=647"}],"curies":[{"name":"wp","href":"https:\/\/api.w.org\/{rel}","templated":true}]}}