{"id":6471,"date":"2024-11-13T11:41:30","date_gmt":"2024-11-13T10:41:30","guid":{"rendered":"https:\/\/autopdz.com\/product\/lecteur-mp3-audio-de-voiture-pavasonic\/"},"modified":"2026-01-28T09:42:59","modified_gmt":"2026-01-28T08:42:59","slug":"lecteur-mp3-audio-de-voiture-pavasonic","status":"publish","type":"product","link":"https:\/\/autopdz.com\/ar\/product\/lecteur-mp3-audio-de-voiture-pavasonic\/","title":{"rendered":"Lecteur MP3 Audio De Voiture Pavasonic"},"content":{"rendered":"<p>Fonction BT<\/p>\n<p>\u2022 PANNEAU FIXE<\/p>\n<p>\u2022FM\/USB\/TF\/entr\u00e9e auxiliaire avant\/color\u00e9<\/p>\n<p>LCD 36P ID3\/MP3&amp;WMA\/TDA7388<\/p>\n<p>\u2022 Syst\u00e8me \u00e9lectoral ESP<\/p>\n<p>\u2022 \u00c9galiseur pr\u00e9d\u00e9fini<\/p>\n<p>\u2022 Radio FM (m\u00e9moire 18 stations)<\/p>\n<p>\u2022 R\u00e9p\u00e9ter \/ programmer \/ jouer de mani\u00e8re al\u00e9atoire \/ intro<\/p>\n<p>\u2022 Grand \u00e9cran couleur LCD<\/p>\n<p>\u2022 T\u00e9l\u00e9commande compl\u00e8te<\/p>\n<p>\u2022 Avec t\u00e9l\u00e9commande<\/p>\n<p>\u2022 Puissance de sortie \u00e9lev\u00e9e<\/p>","protected":false},"excerpt":{"rendered":"<p>Fonction BT \u2022 PANNEAU FIXE \u2022FM\/USB\/TF\/entr\u00e9e auxiliaire avant\/color\u00e9 LCD 36P ID3\/MP3&amp;WMA\/TDA7388 \u2022 Syst\u00e8me \u00e9lectoral ESP \u2022 \u00c9galiseur pr\u00e9d\u00e9fini \u2022 Radio FM (m\u00e9moire 18 stations) \u2022 R\u00e9p\u00e9ter \/ programmer \/ jouer de mani\u00e8re al\u00e9atoire \/ intro \u2022 Grand \u00e9cran couleur LCD \u2022 T\u00e9l\u00e9commande compl\u00e8te \u2022 Avec t\u00e9l\u00e9commande \u2022 Puissance de sortie \u00e9lev\u00e9e<\/p>","protected":false},"featured_media":6466,"comment_status":"open","ping_status":"closed","template":"","meta":[],"product_brand":[],"product_cat":[24],"product_tag":[],"class_list":{"0":"post-6471","1":"product","2":"type-product","3":"status-publish","4":"has-post-thumbnail","6":"product_cat-accessoires-interieur","8":"first","9":"outofstock","10":"shipping-taxable","11":"purchasable","12":"product-type-simple"},"jetpack_sharing_enabled":true,"_links":{"self":[{"href":"https:\/\/autopdz.com\/ar\/wp-json\/wp\/v2\/product\/6471","targetHints":{"allow":["GET"]}}],"collection":[{"href":"https:\/\/autopdz.com\/ar\/wp-json\/wp\/v2\/product"}],"about":[{"href":"https:\/\/autopdz.com\/ar\/wp-json\/wp\/v2\/types\/product"}],"replies":[{"embeddable":true,"href":"https:\/\/autopdz.com\/ar\/wp-json\/wp\/v2\/comments?post=6471"}],"wp:featuredmedia":[{"embeddable":true,"href":"https:\/\/autopdz.com\/ar\/wp-json\/wp\/v2\/media\/6466"}],"wp:attachment":[{"href":"https:\/\/autopdz.com\/ar\/wp-json\/wp\/v2\/media?parent=6471"}],"wp:term":[{"taxonomy":"product_brand","embeddable":true,"href":"https:\/\/autopdz.com\/ar\/wp-json\/wp\/v2\/product_brand?post=6471"},{"taxonomy":"product_cat","embeddable":true,"href":"https:\/\/autopdz.com\/ar\/wp-json\/wp\/v2\/product_cat?post=6471"},{"taxonomy":"product_tag","embeddable":true,"href":"https:\/\/autopdz.com\/ar\/wp-json\/wp\/v2\/product_tag?post=6471"}],"curies":[{"name":"wp","href":"https:\/\/api.w.org\/{rel}","templated":true}]}}