{"id":6477,"date":"2024-11-13T13:27:05","date_gmt":"2024-11-13T12:27:05","guid":{"rendered":"https:\/\/autopdz.com\/product\/poste-radio-mp3-usb-de-voiture\/"},"modified":"2025-12-16T14:56:16","modified_gmt":"2025-12-16T13:56:16","slug":"poste-radio-mp3-usb-de-voiture","status":"publish","type":"product","link":"https:\/\/autopdz.com\/ar\/product\/poste-radio-mp3-usb-de-voiture\/","title":{"rendered":"Poste Radio Mp3 USB de Voiture"},"content":{"rendered":"<p>\u25a0Carte SD\/MMC, support USB, lecteur MP3 \u00e0 charge maximale de 5 V<\/p>\n<p>Syst\u00e8me radio num\u00e9rique haute fid\u00e9lit\u00e9 total<\/p>\n<p>Station pr\u00e9r\u00e9gl\u00e9e automatique, recherche de stations pr\u00e9r\u00e9gl\u00e9es<\/p>\n<p>\u25a0Fonction compl\u00e8te de la t\u00e9l\u00e9commande infrarouge<\/p>\n<p>Radio FM avec 18 stations pr\u00e9r\u00e9gl\u00e9es<\/p>\n<p>Courant nominal ; courant nominal 1A<\/p>\n<p>Sortie RCA haute fid\u00e9lit\u00e9<\/p>\n<p>Fonction d&rsquo;horloge r\u00e9elle<\/p>\n<p>\u25a0 \u00c9cran LCD<\/p>","protected":false},"excerpt":{"rendered":"<p>\u25a0Carte SD\/MMC, support USB, lecteur MP3 \u00e0 charge maximale de 5 V Syst\u00e8me radio num\u00e9rique haute fid\u00e9lit\u00e9 total Station pr\u00e9r\u00e9gl\u00e9e automatique, recherche de stations pr\u00e9r\u00e9gl\u00e9es \u25a0Fonction compl\u00e8te de la t\u00e9l\u00e9commande infrarouge Radio FM avec 18 stations pr\u00e9r\u00e9gl\u00e9es Courant nominal ; courant nominal 1A Sortie RCA haute fid\u00e9lit\u00e9 Fonction d&rsquo;horloge r\u00e9elle \u25a0 \u00c9cran LCD<\/p>","protected":false},"featured_media":6474,"comment_status":"open","ping_status":"closed","template":"","meta":[],"product_brand":[],"product_cat":[24],"product_tag":[],"class_list":{"0":"post-6477","1":"product","2":"type-product","3":"status-publish","4":"has-post-thumbnail","6":"product_cat-accessoires-interieur","8":"first","9":"outofstock","10":"shipping-taxable","11":"purchasable","12":"product-type-simple"},"jetpack_sharing_enabled":true,"_links":{"self":[{"href":"https:\/\/autopdz.com\/ar\/wp-json\/wp\/v2\/product\/6477","targetHints":{"allow":["GET"]}}],"collection":[{"href":"https:\/\/autopdz.com\/ar\/wp-json\/wp\/v2\/product"}],"about":[{"href":"https:\/\/autopdz.com\/ar\/wp-json\/wp\/v2\/types\/product"}],"replies":[{"embeddable":true,"href":"https:\/\/autopdz.com\/ar\/wp-json\/wp\/v2\/comments?post=6477"}],"wp:featuredmedia":[{"embeddable":true,"href":"https:\/\/autopdz.com\/ar\/wp-json\/wp\/v2\/media\/6474"}],"wp:attachment":[{"href":"https:\/\/autopdz.com\/ar\/wp-json\/wp\/v2\/media?parent=6477"}],"wp:term":[{"taxonomy":"product_brand","embeddable":true,"href":"https:\/\/autopdz.com\/ar\/wp-json\/wp\/v2\/product_brand?post=6477"},{"taxonomy":"product_cat","embeddable":true,"href":"https:\/\/autopdz.com\/ar\/wp-json\/wp\/v2\/product_cat?post=6477"},{"taxonomy":"product_tag","embeddable":true,"href":"https:\/\/autopdz.com\/ar\/wp-json\/wp\/v2\/product_tag?post=6477"}],"curies":[{"name":"wp","href":"https:\/\/api.w.org\/{rel}","templated":true}]}}