{"id":6504,"date":"2024-11-13T16:45:39","date_gmt":"2024-11-13T15:45:39","guid":{"rendered":"https:\/\/autopdz.com\/product\/onduleur-de-puissance-pour-voiture-intelligent\/"},"modified":"2024-11-14T12:24:58","modified_gmt":"2024-11-14T11:24:58","slug":"onduleur-de-puissance-pour-voiture-intelligent","status":"publish","type":"product","link":"https:\/\/autopdz.com\/ar\/product\/onduleur-de-puissance-pour-voiture-intelligent\/","title":{"rendered":"Onduleur de puissance pour voiture intelligent"},"content":{"rendered":"<p>ONDULEUR DE PUISSANCE DE VOITURE<\/p>\n<p>150W<\/p>\n<p>\u2022 Protection contre les courts-circuits<\/p>\n<p>\u26ab protection contre la surchauffe<\/p>\n<p>\u2022 Protection contre les surintensit\u00e9s<\/p>\n<p>Protection contre les surcharges<\/p>\n<p>\u2022 Protection contre les surtensions<\/p>\n<p>Protection basse tension<\/p>\n<p>AFFICHAGE LED, SURVEILLANCE EN TEMPS R\u00c9EL<\/p>\n<p>SHRAPNEL DE PROTECTION \u00c0 R\u00c9SISTANCE SIMPLE 75N<\/p>","protected":false},"excerpt":{"rendered":"<p>ONDULEUR DE PUISSANCE DE VOITURE 150W \u2022 Protection contre les courts-circuits \u26ab protection contre la surchauffe \u2022 Protection contre les surintensit\u00e9s Protection contre les surcharges \u2022 Protection contre les surtensions Protection basse tension AFFICHAGE LED, SURVEILLANCE EN TEMPS R\u00c9EL SHRAPNEL DE PROTECTION \u00c0 R\u00c9SISTANCE SIMPLE 75N<\/p>","protected":false},"featured_media":6497,"comment_status":"open","ping_status":"closed","template":"","meta":[],"product_brand":[],"product_cat":[15],"product_tag":[],"class_list":{"0":"post-6504","1":"product","2":"type-product","3":"status-publish","4":"has-post-thumbnail","6":"product_cat-divers","8":"first","9":"instock","10":"shipping-taxable","11":"purchasable","12":"product-type-simple"},"jetpack_sharing_enabled":true,"_links":{"self":[{"href":"https:\/\/autopdz.com\/ar\/wp-json\/wp\/v2\/product\/6504","targetHints":{"allow":["GET"]}}],"collection":[{"href":"https:\/\/autopdz.com\/ar\/wp-json\/wp\/v2\/product"}],"about":[{"href":"https:\/\/autopdz.com\/ar\/wp-json\/wp\/v2\/types\/product"}],"replies":[{"embeddable":true,"href":"https:\/\/autopdz.com\/ar\/wp-json\/wp\/v2\/comments?post=6504"}],"wp:featuredmedia":[{"embeddable":true,"href":"https:\/\/autopdz.com\/ar\/wp-json\/wp\/v2\/media\/6497"}],"wp:attachment":[{"href":"https:\/\/autopdz.com\/ar\/wp-json\/wp\/v2\/media?parent=6504"}],"wp:term":[{"taxonomy":"product_brand","embeddable":true,"href":"https:\/\/autopdz.com\/ar\/wp-json\/wp\/v2\/product_brand?post=6504"},{"taxonomy":"product_cat","embeddable":true,"href":"https:\/\/autopdz.com\/ar\/wp-json\/wp\/v2\/product_cat?post=6504"},{"taxonomy":"product_tag","embeddable":true,"href":"https:\/\/autopdz.com\/ar\/wp-json\/wp\/v2\/product_tag?post=6504"}],"curies":[{"name":"wp","href":"https:\/\/api.w.org\/{rel}","templated":true}]}}