{"id":653,"date":"2023-09-28T18:31:00","date_gmt":"2023-09-28T17:31:00","guid":{"rendered":"https:\/\/autopdz.com\/?post_type=product&#038;p=653"},"modified":"2025-06-18T11:18:52","modified_gmt":"2025-06-18T10:18:52","slug":"alteco-epoputty-mastic-epoxy-colle-a-pate-ab-100g","status":"publish","type":"product","link":"https:\/\/autopdz.com\/ar\/product\/alteco-epoputty-mastic-epoxy-colle-a-pate-ab-100g\/","title":{"rendered":"Alteco EpoPutty Mastic epoxy Colle \u00e0 pate AB 100g"},"content":{"rendered":"<div class=\"woocommerce-product-details__short-description\">\n<p>Alteco EpoPutty Mastic epoxy Colle \u00e0 pate AB 100g<\/p>\n<ul class=\"a-unordered-list a-vertical a-spacing-mini\">\n<li><span class=\"a-list-item\">Mastic \u00e9poxy adh\u00e9sif en deux parties<\/span><\/li>\n<li><span class=\"a-list-item\">R\u00e9pare, colle, remplit et scelle.<\/span><\/li>\n<li><span class=\"a-list-item\">Fonctionne sur le b\u00e9ton, la brique, le m\u00e9tal, le plastique, le bois, la fibre de verre, les surfaces peintes et les stratifi\u00e9s.<\/span><\/li>\n<li><span class=\"a-list-item\">Fonctionne m\u00eame sous l\u2019eau.<\/span><\/li>\n<li><span class=\"a-list-item\">Une fois durci, vous pouvez percer, limer, poncer et peindre.<\/span><\/li>\n<li><span class=\"a-list-item\">Facilement m\u00e9lang\u00e9 \u00e0 la main.<\/span><\/li>\n<li><span class=\"a-list-item\">Ne r\u00e9tr\u00e9cit pas apr\u00e8s durcissement.<\/span><\/li>\n<\/ul>\n<\/div>","protected":false},"excerpt":{"rendered":"<p>Alteco EpoPutty Mastic epoxy Colle \u00e0 pate AB 100g Mastic \u00e9poxy adh\u00e9sif en deux parties R\u00e9pare, colle, remplit et scelle. Fonctionne sur le b\u00e9ton, la brique, le m\u00e9tal, le plastique, le bois, la fibre de verre, les surfaces peintes et les stratifi\u00e9s. Fonctionne m\u00eame sous l\u2019eau. Une fois durci, vous pouvez percer, limer, poncer et [&hellip;]<\/p>","protected":false},"featured_media":655,"comment_status":"open","ping_status":"closed","template":"","meta":[],"product_brand":[],"product_cat":[15],"product_tag":[],"class_list":{"0":"post-653","1":"product","2":"type-product","3":"status-publish","4":"has-post-thumbnail","6":"product_cat-divers","8":"first","9":"outofstock","10":"shipping-taxable","11":"purchasable","12":"product-type-simple"},"jetpack_sharing_enabled":true,"_links":{"self":[{"href":"https:\/\/autopdz.com\/ar\/wp-json\/wp\/v2\/product\/653","targetHints":{"allow":["GET"]}}],"collection":[{"href":"https:\/\/autopdz.com\/ar\/wp-json\/wp\/v2\/product"}],"about":[{"href":"https:\/\/autopdz.com\/ar\/wp-json\/wp\/v2\/types\/product"}],"replies":[{"embeddable":true,"href":"https:\/\/autopdz.com\/ar\/wp-json\/wp\/v2\/comments?post=653"}],"wp:featuredmedia":[{"embeddable":true,"href":"https:\/\/autopdz.com\/ar\/wp-json\/wp\/v2\/media\/655"}],"wp:attachment":[{"href":"https:\/\/autopdz.com\/ar\/wp-json\/wp\/v2\/media?parent=653"}],"wp:term":[{"taxonomy":"product_brand","embeddable":true,"href":"https:\/\/autopdz.com\/ar\/wp-json\/wp\/v2\/product_brand?post=653"},{"taxonomy":"product_cat","embeddable":true,"href":"https:\/\/autopdz.com\/ar\/wp-json\/wp\/v2\/product_cat?post=653"},{"taxonomy":"product_tag","embeddable":true,"href":"https:\/\/autopdz.com\/ar\/wp-json\/wp\/v2\/product_tag?post=653"}],"curies":[{"name":"wp","href":"https:\/\/api.w.org\/{rel}","templated":true}]}}