{"id":6565,"date":"2024-11-14T12:35:23","date_gmt":"2024-11-14T11:35:23","guid":{"rendered":"https:\/\/autopdz.com\/product\/mini-lampe-de-poche-multi-fonction-rechargeable-5en1\/"},"modified":"2026-02-05T10:57:23","modified_gmt":"2026-02-05T09:57:23","slug":"mini-lampe-de-poche-multi-fonction-rechargeable-5en1","status":"publish","type":"product","link":"https:\/\/autopdz.com\/ar\/product\/mini-lampe-de-poche-multi-fonction-rechargeable-5en1\/","title":{"rendered":"Mini Lampe de Poche  Multi-fonction Rechargeable 5en1"},"content":{"rendered":"<section class=\"col8 card _fw -pvs -mvxs -fs12\" style=\"border-radius:0px;padding:8px;flex-basis:100%;max-width:100%;min-width:100%;width:360px;margin-top:4px;margin-bottom:4px;font-size:0.75rem;font-family:-apple-system,BlinkMacSystemFont,Roboto,\">\n<div class=\"markup -oxa -pas\" style=\"padding:8px\">Conception de crochet de serrure de ressort: peut \u00eatre accroch\u00e9 au sac \u00e0 dos, la boucle de ceinture, facile \u00e0 transporter. Conception de pincement de stylo: il peut \u00eatre pris en sandwich sur les ceintures de poche de v\u00eatements, les sacs \u00e0 dos et d&rsquo;autres articles. Affichage de la puissance LED, saisie en temps r\u00e9el de <b>la puissance<\/b>: l&rsquo;affichage de la puissance, l&#8217;embarras du rejet soudain sans alimentation.Configurer l&rsquo;adsorption magn\u00e9tique forte: \u00e9clairage fixe magn\u00e9tique, verrouiller l&rsquo;\u00e9clairage fixe.couverture de bouteille d&rsquo;alliage d&rsquo;aluminium, d\u00e9formation du mat\u00e9riel \u00e9pais: mat\u00e9riel en m\u00e9tal \u00e9pais, non-d\u00e9formation pratique.bouche de sifflet cach\u00e9e, petit volume et grand volume: soufflant le sifflet, la propagation du son est loin. l&rsquo;arri\u00e8re de la cigarette sur le dos, s\u00fbr et pas chaud: appuyez longuement sur l&rsquo;ouverture pour ouvrir la fonction allume-cigare. S\u00e9lectionnez le support \u00e0 l&rsquo;arri\u00e8re et l&rsquo;angle de r\u00e9glage libre: l&rsquo;angle est tourn\u00e9 arbitrairement et la position de la carte est ferme. Configurez le tournevis et utilisez-le \u00e0 tout moment: conception magn\u00e9tique, pas facile \u00e0 sortir.<\/p>\n<\/div>\n<\/section>\n<section class=\"col8 card _fw -pvs -mvxs -fs12\" style=\"border-radius:0px;padding:8px;flex-basis:100%;max-width:100%;min-width:100%;width:360px;margin-top:4px;margin-bottom:4px;font-size:0.75rem;font-family:-apple-system,BlinkMacSystemFont,Roboto,\">\n<h2 class=\"-m -fs14 -phs\" style=\"padding:0px8px;margin:0px;font-weight:500;font-size:0.875rem\">Principales caract\u00e9ristiques<\/h2>\n<div class=\"markup -pas\" style=\"padding:8px\">\n<ul class=\"a-unordered-list a-vertical a-spacing-mini\" style=\"padding:0px;margin:0px0px0px18px\">\n<li style=\"padding:0px;margin:0px\">lampe de poche <\/li>\n<li style=\"padding:0px;margin:0px\">w 5147<\/li>\n<li style=\"padding:0px;margin:0px\">noir <\/li>\n<li style=\"padding:0px;margin:0px\">allume-cigare <\/li>\n<li style=\"padding:0px;margin:0px\">tournevis<\/li>\n<\/ul>\n<\/div>\n<\/section>","protected":false},"excerpt":{"rendered":"<p>Conception de crochet de serrure de ressort: peut \u00eatre accroch\u00e9 au sac \u00e0 dos, la boucle de ceinture, facile \u00e0 transporter. Conception de pincement de stylo: il peut \u00eatre pris en sandwich sur les ceintures de poche de v\u00eatements, les sacs \u00e0 dos et d&rsquo;autres articles. Affichage de la puissance LED, saisie en temps r\u00e9el [&hellip;]<\/p>","protected":false},"featured_media":6563,"comment_status":"open","ping_status":"closed","template":"","meta":[],"product_brand":[],"product_cat":[15],"product_tag":[],"class_list":{"0":"post-6565","1":"product","2":"type-product","3":"status-publish","4":"has-post-thumbnail","6":"product_cat-divers","8":"first","9":"instock","10":"sale","11":"shipping-taxable","12":"purchasable","13":"product-type-simple"},"jetpack_sharing_enabled":true,"_links":{"self":[{"href":"https:\/\/autopdz.com\/ar\/wp-json\/wp\/v2\/product\/6565","targetHints":{"allow":["GET"]}}],"collection":[{"href":"https:\/\/autopdz.com\/ar\/wp-json\/wp\/v2\/product"}],"about":[{"href":"https:\/\/autopdz.com\/ar\/wp-json\/wp\/v2\/types\/product"}],"replies":[{"embeddable":true,"href":"https:\/\/autopdz.com\/ar\/wp-json\/wp\/v2\/comments?post=6565"}],"wp:featuredmedia":[{"embeddable":true,"href":"https:\/\/autopdz.com\/ar\/wp-json\/wp\/v2\/media\/6563"}],"wp:attachment":[{"href":"https:\/\/autopdz.com\/ar\/wp-json\/wp\/v2\/media?parent=6565"}],"wp:term":[{"taxonomy":"product_brand","embeddable":true,"href":"https:\/\/autopdz.com\/ar\/wp-json\/wp\/v2\/product_brand?post=6565"},{"taxonomy":"product_cat","embeddable":true,"href":"https:\/\/autopdz.com\/ar\/wp-json\/wp\/v2\/product_cat?post=6565"},{"taxonomy":"product_tag","embeddable":true,"href":"https:\/\/autopdz.com\/ar\/wp-json\/wp\/v2\/product_tag?post=6565"}],"curies":[{"name":"wp","href":"https:\/\/api.w.org\/{rel}","templated":true}]}}