{"id":657,"date":"2023-09-28T18:36:57","date_gmt":"2023-09-28T17:36:57","guid":{"rendered":"https:\/\/autopdz.com\/?post_type=product&#038;p=657"},"modified":"2026-02-17T13:52:29","modified_gmt":"2026-02-17T12:52:29","slug":"compresseur-de-pneus-double-cylindres","status":"publish","type":"product","link":"https:\/\/autopdz.com\/ar\/product\/compresseur-de-pneus-double-cylindres\/","title":{"rendered":"Compresseur De Pneus Double Cylindres"},"content":{"rendered":"<p><span style=\"color:#000000\">&#8211; Les crevaisons peuvent vraiment faire une bonne sortie ou vous mettre tr\u00e8s en retard au travail ! Avec ce compresseur d&rsquo;air portable pratique, que vous partiez en camping, que vous partiez hors route ou que vous ayez simplement besoin d&rsquo;\u00eatre rassur\u00e9 dans le garage, vous aurez toujours l&rsquo;air dont vous avez besoin pour gonfler ces pneus ou autres appareils gonflables. Le puissant compresseur 12 V pompe 85 L par minute et est livr\u00e9 avec son propre manom\u00e8tre, son tuyau d&rsquo;air et ses valves de d\u00e9gonflage et de gonflage. Facile \u00e0 utiliser et rapide. Cette unit\u00e9 pompera un pneu 4WD standard en moins de 1,5 minutes ! Ne soyez pas pris au d\u00e9pourvu lors de votre prochain voyage sur la route, emmenez ce compresseur avec vous pour plus de tranquillit\u00e9 d&rsquo;esprit.<\/span><br \/>\n<span style=\"color:#000000\"> &#8211; Blocs-cylindres en acier double alliage <\/span><br \/>\n<span style=\"color:#000000\">&#8211; Gonfle compl\u00e8tement le pneu 4&#215;4 \u00e0 plat en moins de 90 secondes <\/span><br \/>\n<span style=\"color:#000000\">&#8211; Poign\u00e9e coussin\u00e9e noire &#8211; Interrupteur marche\/arr\u00eat robuste <\/span><\/p>\n<p><span style=\"color:#000000\">&#8211; Connecteur plaqu\u00e9 chrome (de la poign\u00e9e) <\/span><br \/>\n<span style=\"color:#000000\">&#8211; Tuyau spiral\u00e9 en PU de bonne qualit\u00e9 (tuyau) <\/span><br \/>\n<span style=\"color:#000000\">&#8211; Plaqu\u00e9 Chrome Couvert Pression <\/span><br \/>\n<span style=\"color:#000000\">&#8211; La valve de d\u00e9gonflage mesure PSI &amp; BAR <\/span><br \/>\n<span style=\"color:#000000\">&#8211; Equip\u00e9 d&rsquo;une vanne de purge pour prot\u00e9ger le compresseur d&rsquo;air <\/span><br \/>\n<span style=\"color:#000000\">&#8211; Tension: DC 12V &#8211; Max. D\u00e9bit d&rsquo;air : 85 L\/min &#8211; Max. Pression: 150PSI &#8211; Longueur du tuyau d&rsquo;air (noir): 25cm <\/span><br \/>\n<span style=\"color:#000000\">&#8211; Longueur du tuyau d&rsquo;air enroul\u00e9 : env. 0.3m~5m &#8211; Dimensions : 24,5 x 9,5 x 19 cm <\/span><\/p>","protected":false},"excerpt":{"rendered":"<p>&#8211; Les crevaisons peuvent vraiment faire une bonne sortie ou vous mettre tr\u00e8s en retard au travail ! Avec ce compresseur d&rsquo;air portable pratique, que vous partiez en camping, que vous partiez hors route ou que vous ayez simplement besoin d&rsquo;\u00eatre rassur\u00e9 dans le garage, vous aurez toujours l&rsquo;air dont vous avez besoin pour gonfler [&hellip;]<\/p>","protected":false},"featured_media":11921,"comment_status":"open","ping_status":"closed","template":"","meta":[],"product_brand":[],"product_cat":[26],"product_tag":[47],"class_list":{"0":"post-657","1":"product","2":"type-product","3":"status-publish","4":"has-post-thumbnail","6":"product_cat-accessoires-exterieur","7":"product_tag-compresseur","9":"first","10":"instock","11":"sale","12":"shipping-taxable","13":"purchasable","14":"product-type-simple"},"jetpack_sharing_enabled":true,"_links":{"self":[{"href":"https:\/\/autopdz.com\/ar\/wp-json\/wp\/v2\/product\/657","targetHints":{"allow":["GET"]}}],"collection":[{"href":"https:\/\/autopdz.com\/ar\/wp-json\/wp\/v2\/product"}],"about":[{"href":"https:\/\/autopdz.com\/ar\/wp-json\/wp\/v2\/types\/product"}],"replies":[{"embeddable":true,"href":"https:\/\/autopdz.com\/ar\/wp-json\/wp\/v2\/comments?post=657"}],"wp:featuredmedia":[{"embeddable":true,"href":"https:\/\/autopdz.com\/ar\/wp-json\/wp\/v2\/media\/11921"}],"wp:attachment":[{"href":"https:\/\/autopdz.com\/ar\/wp-json\/wp\/v2\/media?parent=657"}],"wp:term":[{"taxonomy":"product_brand","embeddable":true,"href":"https:\/\/autopdz.com\/ar\/wp-json\/wp\/v2\/product_brand?post=657"},{"taxonomy":"product_cat","embeddable":true,"href":"https:\/\/autopdz.com\/ar\/wp-json\/wp\/v2\/product_cat?post=657"},{"taxonomy":"product_tag","embeddable":true,"href":"https:\/\/autopdz.com\/ar\/wp-json\/wp\/v2\/product_tag?post=657"}],"curies":[{"name":"wp","href":"https:\/\/api.w.org\/{rel}","templated":true}]}}