{"id":669,"date":"2023-09-28T19:56:18","date_gmt":"2023-09-28T18:56:18","guid":{"rendered":"https:\/\/autopdz.com\/?post_type=product&#038;p=669"},"modified":"2025-06-20T19:23:01","modified_gmt":"2025-06-20T18:23:01","slug":"support-de-telephone-multifonction-reglable-pour-voiture","status":"publish","type":"product","link":"https:\/\/autopdz.com\/ar\/product\/support-de-telephone-multifonction-reglable-pour-voiture\/","title":{"rendered":"Support de t\u00e9l\u00e9phone multifonction r\u00e9glable pour voiture"},"content":{"rendered":"<p><span style=\"color: #000000;\"><strong>Caract\u00e9ristiques:<\/strong><\/span><\/p>\n<p><span style=\"color: #000000;\">Forte compatibilit\u00e9: le support pour t\u00e9l\u00e9phone de voiture est compatible avec tous les t\u00e9l\u00e9phones mobiles et appareils de 47mm-71mm de large t\u00e9l\u00e9phones mobiles.<\/span><\/p>\n<p><span style=\"color: #000000;\">Mat\u00e9riau ABS de haute qualit\u00e9, r\u00e9sistant et pas facile \u00e0 gratter, design \u00e9l\u00e9gant, facile \u00e0 installer, simple et pratique.<\/span><\/p>\n<p><span style=\"color: #000000;\">Il peut \u00eatre install\u00e9 non seulement sur le r\u00e9troviseur dans la voiture, mais aussi sur le si\u00e8ge.<\/span><\/p>\n<p><span style=\"color: #000000;\">Avec une pouss\u00e9e l\u00e9g\u00e8re, le support peut \u00eatre cach\u00e9, et il peut \u00eatre utilis\u00e9 librement. Le toucher \u00e0 une main rend la conduite plus s\u00fbre. R\u00e9tractable et pliable, pratique pour r\u00e9pondre au t\u00e9l\u00e9phone.<\/span><\/p>\n<p><span style=\"color: #000000;\">Rotation de 360 degr\u00e9s: l&rsquo;arbre rotatif de 360 degr\u00e9s peut vous fournir le meilleur angle de vue pour assurer une conduite s\u00fbre. Vous pouvez placer votre t\u00e9l\u00e9phone dans n&rsquo;importe quelle direction (horizontale, verticale, etc.) pour profiter de la meilleure exp\u00e9rience de conduite.<\/span><\/p>\n<p>&nbsp;<\/p>\n<p><span style=\"color: #000000;\"><strong>Sp\u00e9cifications:<\/strong><\/span><\/p>\n<p><span style=\"color: #000000;\">Mat\u00e9riel: plastique<\/span><\/p>\n<p><span style=\"color: #000000;\">Taille: 18*6.5cm, \u00e9tendre 21*6.5cm<\/span><\/p>\n<p><span style=\"color: #000000;\">Couleur: noir, blanc<\/span><\/p>\n<p><span style=\"color: #000000;\">Type: T\u00e9l\u00e9phone Titulaire<\/span><\/p>\n<p>&nbsp;<\/p>\n<p><span style=\"color: #000000;\"><strong>Liste de paquet:<\/strong><\/span><\/p>\n<p><span style=\"color: #000000;\">1pc T\u00e9l\u00e9phone Titulaire<\/span><\/p>\n<p>&nbsp;<\/p>\n<p><span style=\"color: #000000;\"><strong>Notes:<\/strong><\/span><\/p>\n<p><span style=\"color: #000000;\">En raison de la diff\u00e9rence de r\u00e9glage de la lumi\u00e8re et de l&rsquo;\u00e9cran, la couleur de l&rsquo;article peut \u00eatre l\u00e9g\u00e8rement diff\u00e9rente des images.<\/span><\/p>\n<p><span style=\"color: #000000;\">Veuillez permettre une l\u00e9g\u00e8re diff\u00e9rence de dimension en raison de diff\u00e9rentes mesures manuelles.<\/span><\/p>","protected":false},"excerpt":{"rendered":"<p>Caract\u00e9ristiques: Forte compatibilit\u00e9: le support pour t\u00e9l\u00e9phone de voiture est compatible avec tous les t\u00e9l\u00e9phones mobiles et appareils de 47mm-71mm de large t\u00e9l\u00e9phones mobiles. Mat\u00e9riau ABS de haute qualit\u00e9, r\u00e9sistant et pas facile \u00e0 gratter, design \u00e9l\u00e9gant, facile \u00e0 installer, simple et pratique. Il peut \u00eatre install\u00e9 non seulement sur le r\u00e9troviseur dans la voiture, [&hellip;]<\/p>","protected":false},"featured_media":672,"comment_status":"open","ping_status":"closed","template":"","meta":[],"product_brand":[],"product_cat":[38],"product_tag":[],"class_list":{"0":"post-669","1":"product","2":"type-product","3":"status-publish","4":"has-post-thumbnail","6":"product_cat-support-telephone","8":"first","9":"instock","10":"shipping-taxable","11":"purchasable","12":"product-type-simple"},"jetpack_sharing_enabled":true,"_links":{"self":[{"href":"https:\/\/autopdz.com\/ar\/wp-json\/wp\/v2\/product\/669","targetHints":{"allow":["GET"]}}],"collection":[{"href":"https:\/\/autopdz.com\/ar\/wp-json\/wp\/v2\/product"}],"about":[{"href":"https:\/\/autopdz.com\/ar\/wp-json\/wp\/v2\/types\/product"}],"replies":[{"embeddable":true,"href":"https:\/\/autopdz.com\/ar\/wp-json\/wp\/v2\/comments?post=669"}],"wp:featuredmedia":[{"embeddable":true,"href":"https:\/\/autopdz.com\/ar\/wp-json\/wp\/v2\/media\/672"}],"wp:attachment":[{"href":"https:\/\/autopdz.com\/ar\/wp-json\/wp\/v2\/media?parent=669"}],"wp:term":[{"taxonomy":"product_brand","embeddable":true,"href":"https:\/\/autopdz.com\/ar\/wp-json\/wp\/v2\/product_brand?post=669"},{"taxonomy":"product_cat","embeddable":true,"href":"https:\/\/autopdz.com\/ar\/wp-json\/wp\/v2\/product_cat?post=669"},{"taxonomy":"product_tag","embeddable":true,"href":"https:\/\/autopdz.com\/ar\/wp-json\/wp\/v2\/product_tag?post=669"}],"curies":[{"name":"wp","href":"https:\/\/api.w.org\/{rel}","templated":true}]}}