{"id":674,"date":"2023-09-28T20:00:02","date_gmt":"2023-09-28T19:00:02","guid":{"rendered":"https:\/\/autopdz.com\/?post_type=product&#038;p=674"},"modified":"2025-01-14T23:06:08","modified_gmt":"2025-01-14T22:06:08","slug":"audio-de-voiture-universel-500w","status":"publish","type":"product","link":"https:\/\/autopdz.com\/ar\/product\/audio-de-voiture-universel-500w\/","title":{"rendered":"Audio de voiture universel 500W"},"content":{"rendered":"<p><span style=\"color: #000000;\"><b data-spm-anchor-id=\"a2g0o.detail.1000023.i1.5543Px94Px94fK\">Caract\u00e9ristiques:<\/b><\/span><br \/>\n<span style=\"color: #000000;\" data-spm-anchor-id=\"a2g0o.detail.1000023.i0.5543Px94Px94fK\">OOTDTY<\/span><br \/>\n<span style=\"color: #000000;\">D\u00e9couvrez des sons puissants et clairs avec le haut-parleur universel \u00e0 bobine de mini tweeter \u00e0 d\u00f4me \u00e0 haute efficacit\u00e9. Parfait pour les syst\u00e8mes audios de voiture, ce haut-parleur offre une qualit\u00e9 sonore avec une sensibilit\u00e9 \u00e9lev\u00e9e.<\/span><br \/>\n<span style=\"color: #000000;\">Avec sa taille compacte et son installation facile, le mini tweeter \u00e0 d\u00f4me est con\u00e7u pour s&rsquo;adapter \u00e0 n&rsquo;importe quelle voiture. Sa longue dur\u00e9e de vie assure un entretien sans tracas, ce qui en fait un choix pratique pour les amateurs de voitures.<\/span><br \/>\n<span style=\"color: #000000;\">Id\u00e9al pour les amateurs de musique automobile, le mini tweeter \u00e0 d\u00f4me universel \u00e0 haut rendement am\u00e9liore votre exp\u00e9rience de conduite avec sa qualit\u00e9 sonore et ses performances exceptionnelles.<\/span><br \/>\n<span style=\"color: #000000;\">Que vous soyez en voyage ou en d\u00e9placement pour vous rendre au travail, le mini tweeter \u00e0 d\u00f4me est un compagnon musical agr\u00e9able, ajoutant plaisir et confort \u00e0 votre voyage.<\/span><br \/>\n<span style=\"color: #000000;\">\u00c9l\u00e8ve votre syst\u00e8me d&rsquo;audios de voiture avec le mini tweeter \u00e0 d\u00f4me universel \u00e0 haute efficacit\u00e9. Plongez dans le son haute fid\u00e9lit\u00e9 et profitez d&rsquo;une exp\u00e9rience musicale de qualit\u00e9 sup\u00e9rieure en conduisant.<\/span><\/p>\n<p><span style=\"color: #000000;\"><b>Sp\u00e9cifications:<\/b><\/span><br \/>\n<span style=\"color: #000000;\">Mat\u00e9riau: ABS<\/span><br \/>\n<span style=\"color: #000000;\">Taille: comme image montr\u00e9e<\/span><br \/>\n<span style=\"color: #000000;\">Puissance de sortie efficace: TP006A 500W<\/span><\/p>\n<p><span style=\"color: #000000;\"><b>Le forfait comprend<\/b><\/span><br \/>\n<span style=\"color: #000000;\">2x Haut-parleur<\/span><\/p>","protected":false},"excerpt":{"rendered":"<p>Caract\u00e9ristiques: OOTDTY D\u00e9couvrez des sons puissants et clairs avec le haut-parleur universel \u00e0 bobine de mini tweeter \u00e0 d\u00f4me \u00e0 haute efficacit\u00e9. Parfait pour les syst\u00e8mes audios de voiture, ce haut-parleur offre une qualit\u00e9 sonore avec une sensibilit\u00e9 \u00e9lev\u00e9e. Avec sa taille compacte et son installation facile, le mini tweeter \u00e0 d\u00f4me est con\u00e7u pour [&hellip;]<\/p>","protected":false},"featured_media":676,"comment_status":"open","ping_status":"closed","template":"","meta":[],"product_brand":[],"product_cat":[24],"product_tag":[],"class_list":{"0":"post-674","1":"product","2":"type-product","3":"status-publish","4":"has-post-thumbnail","6":"product_cat-accessoires-interieur","8":"first","9":"instock","10":"shipping-taxable","11":"purchasable","12":"product-type-simple"},"jetpack_sharing_enabled":true,"_links":{"self":[{"href":"https:\/\/autopdz.com\/ar\/wp-json\/wp\/v2\/product\/674","targetHints":{"allow":["GET"]}}],"collection":[{"href":"https:\/\/autopdz.com\/ar\/wp-json\/wp\/v2\/product"}],"about":[{"href":"https:\/\/autopdz.com\/ar\/wp-json\/wp\/v2\/types\/product"}],"replies":[{"embeddable":true,"href":"https:\/\/autopdz.com\/ar\/wp-json\/wp\/v2\/comments?post=674"}],"wp:featuredmedia":[{"embeddable":true,"href":"https:\/\/autopdz.com\/ar\/wp-json\/wp\/v2\/media\/676"}],"wp:attachment":[{"href":"https:\/\/autopdz.com\/ar\/wp-json\/wp\/v2\/media?parent=674"}],"wp:term":[{"taxonomy":"product_brand","embeddable":true,"href":"https:\/\/autopdz.com\/ar\/wp-json\/wp\/v2\/product_brand?post=674"},{"taxonomy":"product_cat","embeddable":true,"href":"https:\/\/autopdz.com\/ar\/wp-json\/wp\/v2\/product_cat?post=674"},{"taxonomy":"product_tag","embeddable":true,"href":"https:\/\/autopdz.com\/ar\/wp-json\/wp\/v2\/product_tag?post=674"}],"curies":[{"name":"wp","href":"https:\/\/api.w.org\/{rel}","templated":true}]}}