{"id":6787,"date":"2024-11-18T12:36:01","date_gmt":"2024-11-18T11:36:01","guid":{"rendered":"https:\/\/autopdz.com\/product\/boite-agrafe-3-etage-680pcs\/"},"modified":"2025-12-28T15:30:52","modified_gmt":"2025-12-28T14:30:52","slug":"boite-agrafe-3-etage-680pcs","status":"publish","type":"product","link":"https:\/\/autopdz.com\/ar\/product\/boite-agrafe-3-etage-680pcs\/","title":{"rendered":"Bo\u00eete Agrafe 3 \u00e9tage 680Pcs"},"content":{"rendered":"<p>Solution polyvalente de stockage de voitures: stocker facilement des articles suppl\u00e9mentaires, des portefeuilles et plus encore avec ce porte-sacs \u00e0 main de voiture qui couvre compl\u00e8tement l&rsquo;espace entre les si\u00e8ges avant.<\/p>\n<p>\u2022 Int\u00e9rieur s\u00e9curis\u00e9 et organis\u00e9: le stockage et la poche durables forment une barri\u00e8re sp\u00e9ciale pour prot\u00e9ger vos biens des animaux de compagnie et des enfants \u00e0 l&rsquo;arri\u00e8re.<\/p>\n<p>\u2022 Accessibilit\u00e9 pratique: acc\u00e9dez rapidement aux articles en conduisant sans d\u00e9tourner loin de la route, en aidant \u00e0 r\u00e9duire les distractions et \u00e0 am\u00e9liorer la mise au point.<\/p>\n<p>\u2022 Conception respectueuse de l&rsquo;environnement: fabriqu\u00e9 \u00e0 partir de cuir PU de haute qualit\u00e9, cet organisateur de voitures est respectueux de l&rsquo;environnement et n&rsquo;\u00e9mettra aucun gaz nocif.<\/p>\n<p>\u2022 Accessoire automatique tout-en-un: Cet ensemble de clips de voiture complet comprend une vari\u00e9t\u00e9 de fixations et de clips pour vous aider \u00e0 organiser et \u00e0 s\u00e9curiser l&rsquo;int\u00e9rieur de votre v\u00e9hicule.<\/p>","protected":false},"excerpt":{"rendered":"<p>Solution polyvalente de stockage de voitures: stocker facilement des articles suppl\u00e9mentaires, des portefeuilles et plus encore avec ce porte-sacs \u00e0 main de voiture qui couvre compl\u00e8tement l&rsquo;espace entre les si\u00e8ges avant. \u2022 Int\u00e9rieur s\u00e9curis\u00e9 et organis\u00e9: le stockage et la poche durables forment une barri\u00e8re sp\u00e9ciale pour prot\u00e9ger vos biens des animaux de compagnie et [&hellip;]<\/p>","protected":false},"featured_media":6783,"comment_status":"open","ping_status":"closed","template":"","meta":[],"product_brand":[],"product_cat":[26,24],"product_tag":[],"class_list":{"0":"post-6787","1":"product","2":"type-product","3":"status-publish","4":"has-post-thumbnail","6":"product_cat-accessoires-exterieur","7":"product_cat-accessoires-interieur","9":"first","10":"instock","11":"sale","12":"shipping-taxable","13":"purchasable","14":"product-type-simple"},"jetpack_sharing_enabled":true,"_links":{"self":[{"href":"https:\/\/autopdz.com\/ar\/wp-json\/wp\/v2\/product\/6787","targetHints":{"allow":["GET"]}}],"collection":[{"href":"https:\/\/autopdz.com\/ar\/wp-json\/wp\/v2\/product"}],"about":[{"href":"https:\/\/autopdz.com\/ar\/wp-json\/wp\/v2\/types\/product"}],"replies":[{"embeddable":true,"href":"https:\/\/autopdz.com\/ar\/wp-json\/wp\/v2\/comments?post=6787"}],"wp:featuredmedia":[{"embeddable":true,"href":"https:\/\/autopdz.com\/ar\/wp-json\/wp\/v2\/media\/6783"}],"wp:attachment":[{"href":"https:\/\/autopdz.com\/ar\/wp-json\/wp\/v2\/media?parent=6787"}],"wp:term":[{"taxonomy":"product_brand","embeddable":true,"href":"https:\/\/autopdz.com\/ar\/wp-json\/wp\/v2\/product_brand?post=6787"},{"taxonomy":"product_cat","embeddable":true,"href":"https:\/\/autopdz.com\/ar\/wp-json\/wp\/v2\/product_cat?post=6787"},{"taxonomy":"product_tag","embeddable":true,"href":"https:\/\/autopdz.com\/ar\/wp-json\/wp\/v2\/product_tag?post=6787"}],"curies":[{"name":"wp","href":"https:\/\/api.w.org\/{rel}","templated":true}]}}