{"id":683,"date":"2023-09-28T22:01:40","date_gmt":"2023-09-28T21:01:40","guid":{"rendered":"https:\/\/autopdz.com\/?post_type=product&#038;p=683"},"modified":"2025-06-20T19:23:33","modified_gmt":"2025-06-20T18:23:33","slug":"xenon-kit-conversion-h7-standard-hid-35w-6000k","status":"publish","type":"product","link":"https:\/\/autopdz.com\/ar\/product\/xenon-kit-conversion-h7-standard-hid-35w-6000k\/","title":{"rendered":"Xenon Kit conversion H7 Standard HID 35w\/6000k"},"content":{"rendered":"<p>Kit conversion Xenon H7 Standard HID 35w\/6000k complet &#8211; Compos\u00e9 de 2 ballasts slims, 2 ampoules X\u00e9non et faisceau complet avec connecteurs &#8211; Ballasts \u00e0 allumage rapides slims m\u00e9talliques pour une meilleur \u00e9tanch\u00e9it\u00e9 et r\u00e9partition de la chaleur &#8211; Homologu\u00e9 &#8211; Usage routier &#8211;<\/p>\n<table class=\"table table--fpDescTb fpDescTb fpDescTbPub\" role=\"table\" aria-label=\"Semantic Elements\" aria-describedby=\"semantic_elements_table_desc\" aria-rowcount=\"81\">\n<tbody class=\"table__body\" role=\"rowgroup\">\n<tr class=\"table__row\" role=\"row\">\n<th class=\"table__head\" role=\"cell\" colspan=\"2\" scope=\"col\">Informations g\u00e9n\u00e9rales sur le produit<\/th>\n<\/tr>\n<tr class=\"table__row\" role=\"row\">\n<th class=\"table__cell\" role=\"cell\" scope=\"row\">Nom du produit<\/th>\n<td class=\"table__cell\" role=\"cell\">Xenon Kit conversion H7 Standard HID 35w\/6000k<\/td>\n<\/tr>\n<tr class=\"table__row\" role=\"row\">\n<th class=\"table__cell\" role=\"cell\" scope=\"row\">Cat\u00e9gorie<\/th>\n<td class=\"table__cell\" role=\"cell\">AMPOULE TABLEAU BORD<\/td>\n<\/tr>\n<tr class=\"table__row\" role=\"row\">\n<th class=\"table__cell\" role=\"cell\" scope=\"row\">R\u00e9f\u00e9rence<\/th>\n<td class=\"table__cell\" role=\"cell\">FR#U253-188-020<\/td>\n<\/tr>\n<\/tbody>\n<\/table>","protected":false},"excerpt":{"rendered":"<p>Kit conversion Xenon H7 Standard HID 35w\/6000k complet &#8211; Compos\u00e9 de 2 ballasts slims, 2 ampoules X\u00e9non et faisceau complet avec connecteurs &#8211; Ballasts \u00e0 allumage rapides slims m\u00e9talliques pour une meilleur \u00e9tanch\u00e9it\u00e9 et r\u00e9partition de la chaleur &#8211; Homologu\u00e9 &#8211; Usage routier &#8211; Informations g\u00e9n\u00e9rales sur le produit Nom du produit Xenon Kit conversion [&hellip;]<\/p>","protected":false},"featured_media":687,"comment_status":"open","ping_status":"closed","template":"","meta":[],"product_brand":[],"product_cat":[23],"product_tag":[],"class_list":{"0":"post-683","1":"product","2":"type-product","3":"status-publish","4":"has-post-thumbnail","6":"product_cat-eclairage","8":"first","9":"outofstock","10":"shipping-taxable","11":"purchasable","12":"product-type-simple"},"jetpack_sharing_enabled":true,"_links":{"self":[{"href":"https:\/\/autopdz.com\/ar\/wp-json\/wp\/v2\/product\/683","targetHints":{"allow":["GET"]}}],"collection":[{"href":"https:\/\/autopdz.com\/ar\/wp-json\/wp\/v2\/product"}],"about":[{"href":"https:\/\/autopdz.com\/ar\/wp-json\/wp\/v2\/types\/product"}],"replies":[{"embeddable":true,"href":"https:\/\/autopdz.com\/ar\/wp-json\/wp\/v2\/comments?post=683"}],"wp:featuredmedia":[{"embeddable":true,"href":"https:\/\/autopdz.com\/ar\/wp-json\/wp\/v2\/media\/687"}],"wp:attachment":[{"href":"https:\/\/autopdz.com\/ar\/wp-json\/wp\/v2\/media?parent=683"}],"wp:term":[{"taxonomy":"product_brand","embeddable":true,"href":"https:\/\/autopdz.com\/ar\/wp-json\/wp\/v2\/product_brand?post=683"},{"taxonomy":"product_cat","embeddable":true,"href":"https:\/\/autopdz.com\/ar\/wp-json\/wp\/v2\/product_cat?post=683"},{"taxonomy":"product_tag","embeddable":true,"href":"https:\/\/autopdz.com\/ar\/wp-json\/wp\/v2\/product_tag?post=683"}],"curies":[{"name":"wp","href":"https:\/\/api.w.org\/{rel}","templated":true}]}}