{"id":6877,"date":"2024-11-19T14:18:05","date_gmt":"2024-11-19T13:18:05","guid":{"rendered":"https:\/\/autopdz.com\/product\/camera-de-recul-hd-180\/"},"modified":"2025-10-25T13:25:09","modified_gmt":"2025-10-25T12:25:09","slug":"camera-de-recul-hd-180","status":"publish","type":"product","link":"https:\/\/autopdz.com\/ar\/product\/camera-de-recul-hd-180\/","title":{"rendered":"Cam\u00e9ra de Recul HD 180\u00b0"},"content":{"rendered":"<p>ANGLE VISUEL 180\u00b0<\/p>\n<p>100% \u00c9TANCHE \u00c0 L&rsquo;EAU<\/p>\n<p>SYST\u00c8ME DE CAM\u00c9RA COULEUR CCD\/CMOS<\/p>\n<p>VISION NOCTURNE CLAIRE<\/p>\n<p>S\u00c9CURIT\u00c9\/ANGLE DE VUE LARGE<\/p>\n<p>LE CONDUCTEUR EST UN BON SOUS-SERVITEUR<\/p>","protected":false},"excerpt":{"rendered":"<p>ANGLE VISUEL 180\u00b0 100% \u00c9TANCHE \u00c0 L&rsquo;EAU SYST\u00c8ME DE CAM\u00c9RA COULEUR CCD\/CMOS VISION NOCTURNE CLAIRE S\u00c9CURIT\u00c9\/ANGLE DE VUE LARGE LE CONDUCTEUR EST UN BON SOUS-SERVITEUR<\/p>","protected":false},"featured_media":6875,"comment_status":"open","ping_status":"closed","template":"","meta":[],"product_brand":[],"product_cat":[26],"product_tag":[],"class_list":{"0":"post-6877","1":"product","2":"type-product","3":"status-publish","4":"has-post-thumbnail","6":"product_cat-accessoires-exterieur","8":"first","9":"instock","10":"shipping-taxable","11":"purchasable","12":"product-type-simple"},"jetpack_sharing_enabled":true,"_links":{"self":[{"href":"https:\/\/autopdz.com\/ar\/wp-json\/wp\/v2\/product\/6877","targetHints":{"allow":["GET"]}}],"collection":[{"href":"https:\/\/autopdz.com\/ar\/wp-json\/wp\/v2\/product"}],"about":[{"href":"https:\/\/autopdz.com\/ar\/wp-json\/wp\/v2\/types\/product"}],"replies":[{"embeddable":true,"href":"https:\/\/autopdz.com\/ar\/wp-json\/wp\/v2\/comments?post=6877"}],"wp:featuredmedia":[{"embeddable":true,"href":"https:\/\/autopdz.com\/ar\/wp-json\/wp\/v2\/media\/6875"}],"wp:attachment":[{"href":"https:\/\/autopdz.com\/ar\/wp-json\/wp\/v2\/media?parent=6877"}],"wp:term":[{"taxonomy":"product_brand","embeddable":true,"href":"https:\/\/autopdz.com\/ar\/wp-json\/wp\/v2\/product_brand?post=6877"},{"taxonomy":"product_cat","embeddable":true,"href":"https:\/\/autopdz.com\/ar\/wp-json\/wp\/v2\/product_cat?post=6877"},{"taxonomy":"product_tag","embeddable":true,"href":"https:\/\/autopdz.com\/ar\/wp-json\/wp\/v2\/product_tag?post=6877"}],"curies":[{"name":"wp","href":"https:\/\/api.w.org\/{rel}","templated":true}]}}