{"id":705,"date":"2023-09-30T10:41:29","date_gmt":"2023-09-30T09:41:29","guid":{"rendered":"https:\/\/autopdz.com\/?post_type=product&#038;p=705"},"modified":"2025-10-10T19:27:28","modified_gmt":"2025-10-10T18:27:28","slug":"autocollant-de-protection-anti-collision-de-porte-de-voiture","status":"publish","type":"product","link":"https:\/\/autopdz.com\/ar\/product\/autocollant-de-protection-anti-collision-de-porte-de-voiture\/","title":{"rendered":"Autocollant de protection anti-collision de porte de voiture 3m"},"content":{"rendered":"<p><span style=\"color:#000000\" data-spm-anchor-id=\"a2g0o.detail.1000023.i0.5c98a5H8a5H8Pv\">* Bande universelle et de haute qualit\u00e9 en fibre de carbone.<\/span><br \/>\n<span style=\"color:#000000\">* La texture en fibre de carbone est brillante et brillante<\/span><br \/>\n<span style=\"color:#000000\">* Couche de protection en mat\u00e9riau de haute qualit\u00e9, anti-rayures, prot\u00e8ge le seuil de la porte du coffre contre les rayures<\/span><br \/>\n<span style=\"color:#000000\">* Pliez librement. Peut s&rsquo;adapter \u00e0 la courbure de la voiture, prot\u00e9ger le coffre, anti-rayures, anti-rayures, installation non destructive<\/span><br \/>\n<span style=\"color:#000000\">* Prot\u00e9gez le pare-chocs contre les frottements et cassez la peinture, rendant la voiture plus belle<\/span><br \/>\n<span style=\"color:#000000\">* Support adh\u00e9sif. Facile \u00e0 couper et \u00e0 installer, utilisez des ciseaux pour couper librement n&rsquo;importe quelle forme<\/span><br \/>\n<span style=\"color:#000000\">* Convient pour la d\u00e9coration et la protection. Couvre les rayures existantes et emp\u00eache l&rsquo;usure de votre voiture, les rayures de peinture, etc.<\/span><br \/>\n<span style=\"color:#000000\">* Peut \u00eatre adapt\u00e9 \u00e0 la carrosserie automobile, au seuil, \u00e0 la taille de la porte, \u00e0 la jupe lat\u00e9rale, au coffre-fort avant et arri\u00e8re, au r\u00e9troviseur, au couvercle de coffre\/seuil, \u00e0 la l\u00e8vre avant et arri\u00e8re, au contour avant et arri\u00e8re, portes, grilles, pare-chocs, int\u00e9rieur, r\u00e9troviseur, p\u00e9dale de bienvenue, plaque de protection de coffre etc. ..<\/span><br \/>\n<span style=\"color:#000000\"><strong>Sp\u00e9cifications:<\/strong><br \/>\n<\/span><\/p>\n<p><span style=\"color:#000000\">Mat\u00e9riel: caoutchouc + plastique, PVC mat\u00e9riau de colle souple<\/span><br \/>\n<span style=\"color:#000000\">Longueur : 3 m\u00e8tre<\/span><br \/>\n<span style=\"color:#000000\">Largeur: 5cm<\/span><br \/>\n<span style=\"color:#000000\">Couleur: motif en fibre de carbone, galvanoplastie rouge, galvanoplastie argent<\/span><br \/>\n<span style=\"color:#000000\">Mod\u00e8les applicables: tous les mod\u00e8les sont g\u00e9n\u00e9raux<\/span><br \/>\n<span style=\"color:#000000\">Emplacement d&rsquo;installation: Porte, coffre, corps, pare-chocs etc.<\/span><br \/>\n<span style=\"color:#000000\" data-spm-anchor-id=\"a2g0o.detail.1000023.i1.5c98a5H8a5H8Pv\">\u00c9quipez: pour les accessoires g\u00e9n\u00e9raux: pour la plupart des voitures, camions, SUV<\/span><\/p>\n<p><strong>Le paquet comprend:<\/strong><\/p>\n<p><span style=\"color:#000000\">Protecteur de seuil de porte 1m<\/span><\/p>","protected":false},"excerpt":{"rendered":"<p>* Bande universelle et de haute qualit\u00e9 en fibre de carbone. * La texture en fibre de carbone est brillante et brillante * Couche de protection en mat\u00e9riau de haute qualit\u00e9, anti-rayures, prot\u00e8ge le seuil de la porte du coffre contre les rayures * Pliez librement. Peut s&rsquo;adapter \u00e0 la courbure de la voiture, prot\u00e9ger [&hellip;]<\/p>","protected":false},"featured_media":706,"comment_status":"open","ping_status":"closed","template":"","meta":[],"product_brand":[],"product_cat":[26,24],"product_tag":[],"class_list":{"0":"post-705","1":"product","2":"type-product","3":"status-publish","4":"has-post-thumbnail","6":"product_cat-accessoires-exterieur","7":"product_cat-accessoires-interieur","9":"first","10":"outofstock","11":"shipping-taxable","12":"purchasable","13":"product-type-variable"},"jetpack_sharing_enabled":true,"_links":{"self":[{"href":"https:\/\/autopdz.com\/ar\/wp-json\/wp\/v2\/product\/705","targetHints":{"allow":["GET"]}}],"collection":[{"href":"https:\/\/autopdz.com\/ar\/wp-json\/wp\/v2\/product"}],"about":[{"href":"https:\/\/autopdz.com\/ar\/wp-json\/wp\/v2\/types\/product"}],"replies":[{"embeddable":true,"href":"https:\/\/autopdz.com\/ar\/wp-json\/wp\/v2\/comments?post=705"}],"wp:featuredmedia":[{"embeddable":true,"href":"https:\/\/autopdz.com\/ar\/wp-json\/wp\/v2\/media\/706"}],"wp:attachment":[{"href":"https:\/\/autopdz.com\/ar\/wp-json\/wp\/v2\/media?parent=705"}],"wp:term":[{"taxonomy":"product_brand","embeddable":true,"href":"https:\/\/autopdz.com\/ar\/wp-json\/wp\/v2\/product_brand?post=705"},{"taxonomy":"product_cat","embeddable":true,"href":"https:\/\/autopdz.com\/ar\/wp-json\/wp\/v2\/product_cat?post=705"},{"taxonomy":"product_tag","embeddable":true,"href":"https:\/\/autopdz.com\/ar\/wp-json\/wp\/v2\/product_tag?post=705"}],"curies":[{"name":"wp","href":"https:\/\/api.w.org\/{rel}","templated":true}]}}