{"id":713,"date":"2023-09-30T10:51:27","date_gmt":"2023-09-30T09:51:27","guid":{"rendered":"https:\/\/autopdz.com\/?post_type=product&#038;p=713"},"modified":"2025-12-02T09:54:53","modified_gmt":"2025-12-02T08:54:53","slug":"kit-dinstallation-de-fils-audio-pour-voiture-1500w","status":"publish","type":"product","link":"https:\/\/autopdz.com\/ar\/product\/kit-dinstallation-de-fils-audio-pour-voiture-1500w\/","title":{"rendered":"Kit d&rsquo;installation de fils Audio pour voiture 1500W"},"content":{"rendered":"<p><span style=\"color: #000000;\" data-spm-anchor-id=\"a2g0o.detail.1000023.i0.7e2dVKg2VKg2is\">Mat\u00e9riel de noyau de c\u00e2ble: cuivre + aluminium<br \/>\nCouleur: bleu + rouge<br \/>\nWatt: 1500W MAX<br \/>\nType:<br \/>\nC\u00e2ble d&rsquo;alimentation transparent rouge de 5.3 m\u00e8tres 8GA avec porte-fusible AGU<br \/>\nC\u00e2ble gournd transparent noir 0.7M 8GA<br \/>\nC\u00e2ble \u00e0 distance bleu 5M 18GA<br \/>\nC\u00e2ble d&rsquo;interconnexion RCA or 5M<\/p>\n<p>Caract\u00e9ristiques:<br \/>\n\u25cf Le conducteur est fabriqu\u00e9 \u00e0 haute densit\u00e9 et pr\u00e9sente les caract\u00e9ristiques d&rsquo;une faible att\u00e9nuation du signal de transmission, d&rsquo;une petite perte de signal et d&rsquo;un taux de transmission \u00e9lev\u00e9.<br \/>\n\u25cf R\u00e9sistance \u00e0 haute temp\u00e9rature, ignifuge, r\u00e9sistant \u00e0 l&rsquo;usure, r\u00e9sistant aux acides et aux alcalis, r\u00e9sistant \u00e0 l&rsquo;huile,<br \/>\n\u25cf Longue dur\u00e9e de vie<\/p>\n<p>Application: amplificateur de puissance de kit de voiture, haut-parleur de voiture, woofer de voiture, etc.<\/p>\n<p>Le paquet incluent:<br \/>\n\u25cf 1 x combinaison de c\u00e2ble amplificateur de puissance de voiture<\/span><\/p>\n<div><\/div>","protected":false},"excerpt":{"rendered":"<p>Mat\u00e9riel de noyau de c\u00e2ble: cuivre + aluminium Couleur: bleu + rouge Watt: 1500W MAX Type: C\u00e2ble d&rsquo;alimentation transparent rouge de 5.3 m\u00e8tres 8GA avec porte-fusible AGU C\u00e2ble gournd transparent noir 0.7M 8GA C\u00e2ble \u00e0 distance bleu 5M 18GA C\u00e2ble d&rsquo;interconnexion RCA or 5M Caract\u00e9ristiques: \u25cf Le conducteur est fabriqu\u00e9 \u00e0 haute densit\u00e9 et pr\u00e9sente [&hellip;]<\/p>","protected":false},"featured_media":714,"comment_status":"open","ping_status":"closed","template":"","meta":[],"product_brand":[],"product_cat":[24],"product_tag":[],"class_list":{"0":"post-713","1":"product","2":"type-product","3":"status-publish","4":"has-post-thumbnail","6":"product_cat-accessoires-interieur","8":"first","9":"outofstock","10":"shipping-taxable","11":"purchasable","12":"product-type-simple"},"jetpack_sharing_enabled":true,"_links":{"self":[{"href":"https:\/\/autopdz.com\/ar\/wp-json\/wp\/v2\/product\/713","targetHints":{"allow":["GET"]}}],"collection":[{"href":"https:\/\/autopdz.com\/ar\/wp-json\/wp\/v2\/product"}],"about":[{"href":"https:\/\/autopdz.com\/ar\/wp-json\/wp\/v2\/types\/product"}],"replies":[{"embeddable":true,"href":"https:\/\/autopdz.com\/ar\/wp-json\/wp\/v2\/comments?post=713"}],"wp:featuredmedia":[{"embeddable":true,"href":"https:\/\/autopdz.com\/ar\/wp-json\/wp\/v2\/media\/714"}],"wp:attachment":[{"href":"https:\/\/autopdz.com\/ar\/wp-json\/wp\/v2\/media?parent=713"}],"wp:term":[{"taxonomy":"product_brand","embeddable":true,"href":"https:\/\/autopdz.com\/ar\/wp-json\/wp\/v2\/product_brand?post=713"},{"taxonomy":"product_cat","embeddable":true,"href":"https:\/\/autopdz.com\/ar\/wp-json\/wp\/v2\/product_cat?post=713"},{"taxonomy":"product_tag","embeddable":true,"href":"https:\/\/autopdz.com\/ar\/wp-json\/wp\/v2\/product_tag?post=713"}],"curies":[{"name":"wp","href":"https:\/\/api.w.org\/{rel}","templated":true}]}}