{"id":7136,"date":"2024-11-23T11:51:09","date_gmt":"2024-11-23T10:51:09","guid":{"rendered":"https:\/\/autopdz.com\/product\/camera-de-recul-poignee-de-coffre-arriere-skoda-vw-audi\/"},"modified":"2025-08-27T09:25:24","modified_gmt":"2025-08-27T08:25:24","slug":"camera-de-recul-poignee-de-coffre-arriere-skoda-vw-audi","status":"publish","type":"product","link":"https:\/\/autopdz.com\/ar\/product\/camera-de-recul-poignee-de-coffre-arriere-skoda-vw-audi\/","title":{"rendered":"Cam\u00e9ra de recul poign\u00e9e de coffre arri\u00e8re  VW"},"content":{"rendered":"","protected":false},"excerpt":{"rendered":"","protected":false},"featured_media":7132,"comment_status":"open","ping_status":"closed","template":"","meta":[],"product_brand":[],"product_cat":[26],"product_tag":[],"class_list":{"0":"post-7136","1":"product","2":"type-product","3":"status-publish","4":"has-post-thumbnail","6":"product_cat-accessoires-exterieur","8":"first","9":"outofstock","10":"shipping-taxable","11":"purchasable","12":"product-type-simple"},"jetpack_sharing_enabled":true,"_links":{"self":[{"href":"https:\/\/autopdz.com\/ar\/wp-json\/wp\/v2\/product\/7136","targetHints":{"allow":["GET"]}}],"collection":[{"href":"https:\/\/autopdz.com\/ar\/wp-json\/wp\/v2\/product"}],"about":[{"href":"https:\/\/autopdz.com\/ar\/wp-json\/wp\/v2\/types\/product"}],"replies":[{"embeddable":true,"href":"https:\/\/autopdz.com\/ar\/wp-json\/wp\/v2\/comments?post=7136"}],"wp:featuredmedia":[{"embeddable":true,"href":"https:\/\/autopdz.com\/ar\/wp-json\/wp\/v2\/media\/7132"}],"wp:attachment":[{"href":"https:\/\/autopdz.com\/ar\/wp-json\/wp\/v2\/media?parent=7136"}],"wp:term":[{"taxonomy":"product_brand","embeddable":true,"href":"https:\/\/autopdz.com\/ar\/wp-json\/wp\/v2\/product_brand?post=7136"},{"taxonomy":"product_cat","embeddable":true,"href":"https:\/\/autopdz.com\/ar\/wp-json\/wp\/v2\/product_cat?post=7136"},{"taxonomy":"product_tag","embeddable":true,"href":"https:\/\/autopdz.com\/ar\/wp-json\/wp\/v2\/product_tag?post=7136"}],"curies":[{"name":"wp","href":"https:\/\/api.w.org\/{rel}","templated":true}]}}