{"id":7143,"date":"2024-11-23T14:28:15","date_gmt":"2024-11-23T13:28:15","guid":{"rendered":"https:\/\/autopdz.com\/?post_type=product&#038;p=7143"},"modified":"2026-02-01T15:28:25","modified_gmt":"2026-02-01T14:28:25","slug":"couvert-poignee-chrome-4pcs","status":"publish","type":"product","link":"https:\/\/autopdz.com\/ar\/product\/couvert-poignee-chrome-4pcs\/","title":{"rendered":"Couvert poign\u00e9e chrom\u00e9 4pcs"},"content":{"rendered":"<p>Ces poign\u00e9es de portes sont en acier inoxydable 304, il ne contient pas de plastique, ne rouille pas et r\u00e9siste au froid et \u00e0 la chaleur<\/p>","protected":false},"excerpt":{"rendered":"<p>Ces poign\u00e9es de portes sont en acier inoxydable 304, il ne contient pas de plastique, ne rouille pas et r\u00e9siste au froid et \u00e0 la chaleur<\/p>","protected":false},"featured_media":7174,"comment_status":"open","ping_status":"closed","template":"","meta":[],"product_brand":[],"product_cat":[26],"product_tag":[],"class_list":{"0":"post-7143","1":"product","2":"type-product","3":"status-publish","4":"has-post-thumbnail","6":"product_cat-accessoires-exterieur","8":"first","9":"instock","10":"shipping-taxable","11":"purchasable","12":"product-type-variable"},"jetpack_sharing_enabled":true,"_links":{"self":[{"href":"https:\/\/autopdz.com\/ar\/wp-json\/wp\/v2\/product\/7143","targetHints":{"allow":["GET"]}}],"collection":[{"href":"https:\/\/autopdz.com\/ar\/wp-json\/wp\/v2\/product"}],"about":[{"href":"https:\/\/autopdz.com\/ar\/wp-json\/wp\/v2\/types\/product"}],"replies":[{"embeddable":true,"href":"https:\/\/autopdz.com\/ar\/wp-json\/wp\/v2\/comments?post=7143"}],"wp:featuredmedia":[{"embeddable":true,"href":"https:\/\/autopdz.com\/ar\/wp-json\/wp\/v2\/media\/7174"}],"wp:attachment":[{"href":"https:\/\/autopdz.com\/ar\/wp-json\/wp\/v2\/media?parent=7143"}],"wp:term":[{"taxonomy":"product_brand","embeddable":true,"href":"https:\/\/autopdz.com\/ar\/wp-json\/wp\/v2\/product_brand?post=7143"},{"taxonomy":"product_cat","embeddable":true,"href":"https:\/\/autopdz.com\/ar\/wp-json\/wp\/v2\/product_cat?post=7143"},{"taxonomy":"product_tag","embeddable":true,"href":"https:\/\/autopdz.com\/ar\/wp-json\/wp\/v2\/product_tag?post=7143"}],"curies":[{"name":"wp","href":"https:\/\/api.w.org\/{rel}","templated":true}]}}