{"id":719,"date":"2023-09-30T10:55:51","date_gmt":"2023-09-30T09:55:51","guid":{"rendered":"https:\/\/autopdz.com\/?post_type=product&#038;p=719"},"modified":"2025-05-26T14:38:03","modified_gmt":"2025-05-26T13:38:03","slug":"colle-a-deux-composants-kafuteng-ab-70g","status":"publish","type":"product","link":"https:\/\/autopdz.com\/ar\/product\/colle-a-deux-composants-kafuteng-ab-70g\/","title":{"rendered":"Colle \u00e0 deux composants, kafuteng AB 20g"},"content":{"rendered":"<div id=\"nav-description\">\n<div>\n<div class=\"extend--content--DlnAngg\">\n<div>\n<div id=\"product-description\" class=\"description--product-description--nxRv0lW\" data-spm=\"1000023\" data-pl=\"product-description\">\n<div class=\"description--origin-part--SsZJoGC\">\n<div class=\"detailmodule_html\">\n<div class=\"detail-desc-decorate-richtext\">\n<p data-spm-anchor-id=\"a2g0o.detail.1000023.i0.64ea0GrW0GrWVL\">Colle \u00e0 deux composants avec une force adh\u00e9sive \u00e9lev\u00e9e. Convient pour coller des surfaces d&rsquo;huile. Couture de colle apr\u00e8s collage durable et solide, id\u00e9al pour coller du plastique, du verre, de la pierre, du m\u00e9tal, de la c\u00e9ramique et d&rsquo;autres mat\u00e9riaux.<\/p>\n<p>Sp\u00e9cifications<\/p>\n<p>Viscosit\u00e9, CPS: 4000 \u00b1 500<\/p>\n<p>Temps de cong\u00e9lation, 25 \u00b0 c: 5 minutes<\/p>\n<p>R\u00e9sistance \u00e0 la traction, MPA: &amp; GE; 18<\/p>\n<p>R\u00e9sistance du joint d&rsquo;impact, KJ\/M3: &amp; GE; 10<\/p>\n<p>Application<\/p>\n<p>Avant l&rsquo;utilisation, nettoyez la surface de la salet\u00e9.<\/p>\n<p>Pressez les tubes avec un nombre \u00e9gal de colle et m\u00e9langez bien. Appliquez la substance obtenue sur les parties coll\u00e9es.<\/p>\n<p>La Solidification se produit pendant 5-10 minutes \u00e0 temp\u00e9rature ambiante. Le s\u00e9chage complet arrive en 30 minutes.<\/p>\n<p data-spm-anchor-id=\"a2g0o.detail.1000023.i1.64ea0GrW0GrWVL\">La colle peut r\u00e9sister \u00e0 des temp\u00e9ratures de-60 \u00b0c \u00e0 200 \u00b0c.<\/p>\n<p>Stocker la colle dans un endroit frais et sec et utiliser uniquement dans des pi\u00e8ces bien a\u00e9r\u00e9es.<\/p>\n<\/div>\n<\/div>\n<\/div>\n<\/div>\n<\/div>\n<\/div>\n<\/div>\n<\/div>","protected":false},"excerpt":{"rendered":"<p>Colle \u00e0 deux composants avec une force adh\u00e9sive \u00e9lev\u00e9e. Convient pour coller des surfaces d&rsquo;huile. Couture de colle apr\u00e8s collage durable et solide, id\u00e9al pour coller du plastique, du verre, de la pierre, du m\u00e9tal, de la c\u00e9ramique et d&rsquo;autres mat\u00e9riaux. Sp\u00e9cifications Viscosit\u00e9, CPS: 4000 \u00b1 500 Temps de cong\u00e9lation, 25 \u00b0 c: 5 minutes [&hellip;]<\/p>","protected":false},"featured_media":721,"comment_status":"open","ping_status":"closed","template":"","meta":[],"product_brand":[],"product_cat":[26,24],"product_tag":[],"class_list":{"0":"post-719","1":"product","2":"type-product","3":"status-publish","4":"has-post-thumbnail","6":"product_cat-accessoires-exterieur","7":"product_cat-accessoires-interieur","9":"first","10":"instock","11":"shipping-taxable","12":"purchasable","13":"product-type-simple"},"jetpack_sharing_enabled":true,"_links":{"self":[{"href":"https:\/\/autopdz.com\/ar\/wp-json\/wp\/v2\/product\/719","targetHints":{"allow":["GET"]}}],"collection":[{"href":"https:\/\/autopdz.com\/ar\/wp-json\/wp\/v2\/product"}],"about":[{"href":"https:\/\/autopdz.com\/ar\/wp-json\/wp\/v2\/types\/product"}],"replies":[{"embeddable":true,"href":"https:\/\/autopdz.com\/ar\/wp-json\/wp\/v2\/comments?post=719"}],"wp:featuredmedia":[{"embeddable":true,"href":"https:\/\/autopdz.com\/ar\/wp-json\/wp\/v2\/media\/721"}],"wp:attachment":[{"href":"https:\/\/autopdz.com\/ar\/wp-json\/wp\/v2\/media?parent=719"}],"wp:term":[{"taxonomy":"product_brand","embeddable":true,"href":"https:\/\/autopdz.com\/ar\/wp-json\/wp\/v2\/product_brand?post=719"},{"taxonomy":"product_cat","embeddable":true,"href":"https:\/\/autopdz.com\/ar\/wp-json\/wp\/v2\/product_cat?post=719"},{"taxonomy":"product_tag","embeddable":true,"href":"https:\/\/autopdz.com\/ar\/wp-json\/wp\/v2\/product_tag?post=719"}],"curies":[{"name":"wp","href":"https:\/\/api.w.org\/{rel}","templated":true}]}}