{"id":739,"date":"2023-09-30T11:44:39","date_gmt":"2023-09-30T10:44:39","guid":{"rendered":"https:\/\/autopdz.com\/?post_type=product&#038;p=739"},"modified":"2024-11-28T07:36:59","modified_gmt":"2024-11-28T06:36:59","slug":"couverture-universelle-de-rehausseur-de-volant-de-voiture","status":"publish","type":"product","link":"https:\/\/autopdz.com\/ar\/product\/couverture-universelle-de-rehausseur-de-volant-de-voiture\/","title":{"rendered":"Couvre volant 2pcs Standard voiture"},"content":{"rendered":"<p data-spm-anchor-id=\"a2g0o.detail.1000023.i1.7a8dmaUgmaUgVK\"><span style=\"color: #000000;\" data-spm-anchor-id=\"a2g0o.detail.1000023.i0.7a8dmaUgmaUgVK\">Caract\u00e9ristiques:<br \/>\n* 100% neuf et de haute qualit\u00e9<br \/>\n* Fabriqu\u00e9 en mat\u00e9riau de haute qualit\u00e9, durable et pratique \u00e0 utiliser<br \/>\n* Bonne aide sur les voyages d&rsquo;affaires et les visites de conduite!<br \/>\n* Permet au conducteur de diriger plus pr\u00e9cis\u00e9ment lorsque vous conduisez lentement ofr parking.<br \/>\n* En tournant la voiture, il all\u00e8ge le rayon de braquage et aide<br \/>\nD\u00e9butants et femmes pilotes pour conduire en toute s\u00e9curit\u00e9 et commod\u00e9ment.<br \/>\nR\u00e9soudre la fatigue de conduite.<br \/>\n* Permet au conducteur de diriger plus pr\u00e9cis\u00e9ment lorsque vous conduisez lentement ofr parking.<br \/>\n* Le design \u00e9l\u00e9gant et \u00e9l\u00e9gant am\u00e9liore la mode de la voiture.<br \/>\n* Dynamique<br \/>\nEt design sportif pour une direction assist\u00e9e plus s\u00fbre! Soutenir l&rsquo;op\u00e9ration<br \/>\nVolant pratique et en douceur Excellente prise en main, Ergonomie<br \/>\nFacile \u00e0 installer\/convient \u00e0 la plupart des voitures<br \/>\n* Si le volant est \u00e9quip\u00e9 d&rsquo;un \u00e9tui ou si le diam\u00e8tre est trop grand! Veuillez retirer le kit interne directement.<br \/>\n* Soulagement du stress<br \/>\nInt\u00e9gr\u00e9<br \/>\nLes boutons anti-stress vous permettent de conduire avec facilit\u00e9 et effort minimum.<br \/>\nUne meilleure adh\u00e9rence sur le volant donne aux d\u00e9butants plus de contro sur le<br \/>\nRoute, vous apporter une exp\u00e9rience de conduite confortable et agr\u00e9able<br \/>\nCoffre-fort<br \/>\nEt fiable, conduisez facilement avec un minimum d&rsquo;effort et une meilleure adh\u00e9rence sur<br \/>\nLe volant donne des amies et des d\u00e9butants<\/p>\n<p>* Facile \u00e0 installer:<br \/>\nInstallation en deux \u00e9tapes Le processus de d\u00e9molition est super rapide. Pas d&rsquo;outils et pas de vis pour installer.<\/p>\n<p>Sp\u00e9cification:<br \/>\n* Couleur: aspect fibre de carbone rouge<br \/>\n* Mat\u00e9riau du produit: ABS<br \/>\n* Compatibilit\u00e9: il s&rsquo;adapte \u00e0 la plupart des roues standard, une \u00e0 gauche et l&rsquo;autre \u00e0 droite pour une utilisation plus pratique<\/p>\n<p>Le paquet comprend:<br \/>\nUne paire de couvre-volant de voiture<\/p>\n<p>Remarque:<br \/>\n1. La couleur r\u00e9elle de l&rsquo;article peut \u00eatre l\u00e9g\u00e8rement diff\u00e9rente des photos<br \/>\nAffich\u00e9 sur le site Web caus\u00e9 par de nombreux facteurs tels que la luminosit\u00e9 de votre<br \/>\nMoniteur et luminosit\u00e9 de la lumi\u00e8re.<br \/>\n2. Veuillez permettre un l\u00e9ger \u00e9cart de mesure manuel pour les donn\u00e9es.<\/span><\/p>","protected":false},"excerpt":{"rendered":"<p>Caract\u00e9ristiques: * 100% neuf et de haute qualit\u00e9 * Fabriqu\u00e9 en mat\u00e9riau de haute qualit\u00e9, durable et pratique \u00e0 utiliser * Bonne aide sur les voyages d&rsquo;affaires et les visites de conduite! * Permet au conducteur de diriger plus pr\u00e9cis\u00e9ment lorsque vous conduisez lentement ofr parking. * En tournant la voiture, il all\u00e8ge le rayon [&hellip;]<\/p>","protected":false},"featured_media":744,"comment_status":"open","ping_status":"closed","template":"","meta":[],"product_brand":[],"product_cat":[15],"product_tag":[],"class_list":{"0":"post-739","1":"product","2":"type-product","3":"status-publish","4":"has-post-thumbnail","6":"product_cat-divers","8":"first","9":"instock","10":"sale","11":"shipping-taxable","12":"purchasable","13":"product-type-variable"},"jetpack_sharing_enabled":true,"_links":{"self":[{"href":"https:\/\/autopdz.com\/ar\/wp-json\/wp\/v2\/product\/739","targetHints":{"allow":["GET"]}}],"collection":[{"href":"https:\/\/autopdz.com\/ar\/wp-json\/wp\/v2\/product"}],"about":[{"href":"https:\/\/autopdz.com\/ar\/wp-json\/wp\/v2\/types\/product"}],"replies":[{"embeddable":true,"href":"https:\/\/autopdz.com\/ar\/wp-json\/wp\/v2\/comments?post=739"}],"wp:featuredmedia":[{"embeddable":true,"href":"https:\/\/autopdz.com\/ar\/wp-json\/wp\/v2\/media\/744"}],"wp:attachment":[{"href":"https:\/\/autopdz.com\/ar\/wp-json\/wp\/v2\/media?parent=739"}],"wp:term":[{"taxonomy":"product_brand","embeddable":true,"href":"https:\/\/autopdz.com\/ar\/wp-json\/wp\/v2\/product_brand?post=739"},{"taxonomy":"product_cat","embeddable":true,"href":"https:\/\/autopdz.com\/ar\/wp-json\/wp\/v2\/product_cat?post=739"},{"taxonomy":"product_tag","embeddable":true,"href":"https:\/\/autopdz.com\/ar\/wp-json\/wp\/v2\/product_tag?post=739"}],"curies":[{"name":"wp","href":"https:\/\/api.w.org\/{rel}","templated":true}]}}