{"id":7457,"date":"2024-11-27T12:29:20","date_gmt":"2024-11-27T11:29:20","guid":{"rendered":"https:\/\/autopdz.com\/product\/lampe-frontale-de-course-usb\/"},"modified":"2026-02-05T12:16:53","modified_gmt":"2026-02-05T11:16:53","slug":"lampe-frontale-de-course-usb","status":"publish","type":"product","link":"https:\/\/autopdz.com\/ar\/product\/lampe-frontale-de-course-usb\/","title":{"rendered":"Lampe Frontale De Course USB"},"content":{"rendered":"<p>\u00c9clairage \u00e0 lumi\u00e8re blanche Cob \/ avertissement \u00e0 lumi\u00e8re rouge<\/p>\n<p>\u00c9CLAIRAGE GRAND ANGLE<\/p>\n<p>Exploration de grottes<\/p>\n<p>CAMPING<\/p>\n<p>Cyclisme de nuit<\/p>\n<p>R\u00e9paration<\/p>\n<p>Escalade<\/p>\n<p>P\u00eache<\/p>\n<p>Luminosit\u00e9: 350 lumens<\/p>\n<p>Endurance: 10 heures<\/p>\n<p>\u00c9clairage par projecteur: 260<\/p>\n<p>Hauteur de chute: 1,5 m<\/p>\n<p>\u00c9tanche: 1,5 m<\/p>\n<p>Mod\u00e8le : TM-G23<\/p>\n<p>Mat\u00e9riel : lumi\u00e8re forte &#8211; lumi\u00e8re faible &#8211; Flash<\/p>\n<p>Interrupteur arri\u00e8re : avertissement de lumi\u00e8re rouge<\/p>\n<p>Dur\u00e9e de fonctionnement maximale : 15 heures<\/p>\n<p>Projecteur grand angle<\/p>\n<p>Lampe frontale \u00e9tanche<\/p>","protected":false},"excerpt":{"rendered":"<p>\u00c9clairage \u00e0 lumi\u00e8re blanche Cob \/ avertissement \u00e0 lumi\u00e8re rouge \u00c9CLAIRAGE GRAND ANGLE Exploration de grottes CAMPING Cyclisme de nuit R\u00e9paration Escalade P\u00eache Luminosit\u00e9: 350 lumens Endurance: 10 heures \u00c9clairage par projecteur: 260 Hauteur de chute: 1,5 m \u00c9tanche: 1,5 m Mod\u00e8le : TM-G23 Mat\u00e9riel : lumi\u00e8re forte &#8211; lumi\u00e8re faible &#8211; Flash Interrupteur arri\u00e8re [&hellip;]<\/p>","protected":false},"featured_media":7451,"comment_status":"open","ping_status":"closed","template":"","meta":[],"product_brand":[],"product_cat":[26,15],"product_tag":[],"class_list":{"0":"post-7457","1":"product","2":"type-product","3":"status-publish","4":"has-post-thumbnail","6":"product_cat-accessoires-exterieur","7":"product_cat-divers","9":"first","10":"instock","11":"sale","12":"shipping-taxable","13":"purchasable","14":"product-type-simple"},"jetpack_sharing_enabled":true,"_links":{"self":[{"href":"https:\/\/autopdz.com\/ar\/wp-json\/wp\/v2\/product\/7457","targetHints":{"allow":["GET"]}}],"collection":[{"href":"https:\/\/autopdz.com\/ar\/wp-json\/wp\/v2\/product"}],"about":[{"href":"https:\/\/autopdz.com\/ar\/wp-json\/wp\/v2\/types\/product"}],"replies":[{"embeddable":true,"href":"https:\/\/autopdz.com\/ar\/wp-json\/wp\/v2\/comments?post=7457"}],"wp:featuredmedia":[{"embeddable":true,"href":"https:\/\/autopdz.com\/ar\/wp-json\/wp\/v2\/media\/7451"}],"wp:attachment":[{"href":"https:\/\/autopdz.com\/ar\/wp-json\/wp\/v2\/media?parent=7457"}],"wp:term":[{"taxonomy":"product_brand","embeddable":true,"href":"https:\/\/autopdz.com\/ar\/wp-json\/wp\/v2\/product_brand?post=7457"},{"taxonomy":"product_cat","embeddable":true,"href":"https:\/\/autopdz.com\/ar\/wp-json\/wp\/v2\/product_cat?post=7457"},{"taxonomy":"product_tag","embeddable":true,"href":"https:\/\/autopdz.com\/ar\/wp-json\/wp\/v2\/product_tag?post=7457"}],"curies":[{"name":"wp","href":"https:\/\/api.w.org\/{rel}","templated":true}]}}