{"id":7467,"date":"2024-11-27T13:22:03","date_gmt":"2024-11-27T12:22:03","guid":{"rendered":"https:\/\/autopdz.com\/product\/soufflet-levier-de-vitesse-pommeau-5v-golf5golf6-jetta\/"},"modified":"2026-03-24T14:48:33","modified_gmt":"2026-03-24T13:48:33","slug":"soufflet-levier-de-vitesse-pommeau-5v-golf5golf6-jetta","status":"publish","type":"product","link":"https:\/\/autopdz.com\/ar\/product\/soufflet-levier-de-vitesse-pommeau-5v-golf5golf6-jetta\/","title":{"rendered":"Soufflet levier de vitesse pommeau 5V Golf5,Golf6, Jetta"},"content":{"rendered":"<p>V\u00e9rifier avant achat que votre pi\u00e8ce est identique \u00e0 la notre.<\/p>","protected":false},"excerpt":{"rendered":"<p>V\u00e9rifier avant achat que votre pi\u00e8ce est identique \u00e0 la notre.<\/p>","protected":false},"featured_media":7465,"comment_status":"open","ping_status":"closed","template":"","meta":[],"product_brand":[],"product_cat":[15],"product_tag":[],"class_list":{"0":"post-7467","1":"product","2":"type-product","3":"status-publish","4":"has-post-thumbnail","6":"product_cat-divers","8":"first","9":"outofstock","10":"shipping-taxable","11":"purchasable","12":"product-type-simple"},"jetpack_sharing_enabled":true,"_links":{"self":[{"href":"https:\/\/autopdz.com\/ar\/wp-json\/wp\/v2\/product\/7467","targetHints":{"allow":["GET"]}}],"collection":[{"href":"https:\/\/autopdz.com\/ar\/wp-json\/wp\/v2\/product"}],"about":[{"href":"https:\/\/autopdz.com\/ar\/wp-json\/wp\/v2\/types\/product"}],"replies":[{"embeddable":true,"href":"https:\/\/autopdz.com\/ar\/wp-json\/wp\/v2\/comments?post=7467"}],"wp:featuredmedia":[{"embeddable":true,"href":"https:\/\/autopdz.com\/ar\/wp-json\/wp\/v2\/media\/7465"}],"wp:attachment":[{"href":"https:\/\/autopdz.com\/ar\/wp-json\/wp\/v2\/media?parent=7467"}],"wp:term":[{"taxonomy":"product_brand","embeddable":true,"href":"https:\/\/autopdz.com\/ar\/wp-json\/wp\/v2\/product_brand?post=7467"},{"taxonomy":"product_cat","embeddable":true,"href":"https:\/\/autopdz.com\/ar\/wp-json\/wp\/v2\/product_cat?post=7467"},{"taxonomy":"product_tag","embeddable":true,"href":"https:\/\/autopdz.com\/ar\/wp-json\/wp\/v2\/product_tag?post=7467"}],"curies":[{"name":"wp","href":"https:\/\/api.w.org\/{rel}","templated":true}]}}