{"id":7547,"date":"2024-11-28T14:39:41","date_gmt":"2024-11-28T13:39:41","guid":{"rendered":"https:\/\/autopdz.com\/product\/canne-antivol-blockage-volant-pedal-co-legend\/"},"modified":"2024-12-10T10:59:37","modified_gmt":"2024-12-10T09:59:37","slug":"canne-antivol-blockage-volant-pedal-co-legend","status":"publish","type":"product","link":"https:\/\/autopdz.com\/ar\/product\/canne-antivol-blockage-volant-pedal-co-legend\/","title":{"rendered":"Canne Antivol Blockage Volant &amp; Pedal CO Legend"},"content":{"rendered":"<p>(Sp\u00e9cificit\u00e9s) Il s&rsquo;agit d&rsquo;un verrou de volant antivol pour v\u00e9hicules. La barre de s\u00e9curit\u00e9 rigide pour voiture verrouille le volant et les palettes, prot\u00e8ge efficacement votre v\u00e9hicule \u00e0 long terme.<br \/>\n(Application) Utilisation universelle sur les v\u00e9hicules comme verrou d&#8217;embrayage, verrou de volant ou verrou de friction d&rsquo;acc\u00e9l\u00e9rateur.<br \/>\n(Caract\u00e9ristique) Conception r\u00e9glable en 3 sections, structure analytique, fabriqu\u00e9e en acier inoxydable, installation facile et pas facile \u00e0 casser.Instructions d&rsquo;entretien<\/p>\n<p>Lors de l&rsquo;utilisation, dans le cas o\u00f9 les d\u00e9bris de sol p\u00e9n\u00e8trent dans le trou de la serrure, ce qui peut entra\u00eener des difficult\u00e9s de sortie ou de rotation des cl\u00e9s, etc., n&rsquo;injectez pas de lubrifiant \u00e0 forte viscosit\u00e9.<\/p>","protected":false},"excerpt":{"rendered":"<p>(Sp\u00e9cificit\u00e9s) Il s&rsquo;agit d&rsquo;un verrou de volant antivol pour v\u00e9hicules. La barre de s\u00e9curit\u00e9 rigide pour voiture verrouille le volant et les palettes, prot\u00e8ge efficacement votre v\u00e9hicule \u00e0 long terme. (Application) Utilisation universelle sur les v\u00e9hicules comme verrou d&#8217;embrayage, verrou de volant ou verrou de friction d&rsquo;acc\u00e9l\u00e9rateur. (Caract\u00e9ristique) Conception r\u00e9glable en 3 sections, structure analytique, [&hellip;]<\/p>","protected":false},"featured_media":7541,"comment_status":"open","ping_status":"closed","template":"","meta":[],"product_brand":[],"product_cat":[24],"product_tag":[],"class_list":{"0":"post-7547","1":"product","2":"type-product","3":"status-publish","4":"has-post-thumbnail","6":"product_cat-accessoires-interieur","8":"first","9":"instock","10":"shipping-taxable","11":"purchasable","12":"product-type-simple"},"jetpack_sharing_enabled":true,"_links":{"self":[{"href":"https:\/\/autopdz.com\/ar\/wp-json\/wp\/v2\/product\/7547","targetHints":{"allow":["GET"]}}],"collection":[{"href":"https:\/\/autopdz.com\/ar\/wp-json\/wp\/v2\/product"}],"about":[{"href":"https:\/\/autopdz.com\/ar\/wp-json\/wp\/v2\/types\/product"}],"replies":[{"embeddable":true,"href":"https:\/\/autopdz.com\/ar\/wp-json\/wp\/v2\/comments?post=7547"}],"wp:featuredmedia":[{"embeddable":true,"href":"https:\/\/autopdz.com\/ar\/wp-json\/wp\/v2\/media\/7541"}],"wp:attachment":[{"href":"https:\/\/autopdz.com\/ar\/wp-json\/wp\/v2\/media?parent=7547"}],"wp:term":[{"taxonomy":"product_brand","embeddable":true,"href":"https:\/\/autopdz.com\/ar\/wp-json\/wp\/v2\/product_brand?post=7547"},{"taxonomy":"product_cat","embeddable":true,"href":"https:\/\/autopdz.com\/ar\/wp-json\/wp\/v2\/product_cat?post=7547"},{"taxonomy":"product_tag","embeddable":true,"href":"https:\/\/autopdz.com\/ar\/wp-json\/wp\/v2\/product_tag?post=7547"}],"curies":[{"name":"wp","href":"https:\/\/api.w.org\/{rel}","templated":true}]}}