{"id":765,"date":"2023-09-30T12:24:49","date_gmt":"2023-09-30T11:24:49","guid":{"rendered":"https:\/\/autopdz.com\/?post_type=product&#038;p=765"},"modified":"2025-01-14T15:21:20","modified_gmt":"2025-01-14T14:21:20","slug":"upport-de-telephone-de-voiture-a-ventouse-pour-tableau-de-bord","status":"publish","type":"product","link":"https:\/\/autopdz.com\/ar\/product\/upport-de-telephone-de-voiture-a-ventouse-pour-tableau-de-bord\/","title":{"rendered":"Support de t\u00e9l\u00e9phone de voiture \u00e0 ventouse pour tableau de bord"},"content":{"rendered":"<div id=\"featurebullets_feature_div\" class=\"celwidget\" data-feature-name=\"featurebullets\" data-csa-c-type=\"widget\" data-csa-c-content-id=\"featurebullets\" data-csa-c-slot-id=\"featurebullets_feature_div\" data-csa-c-asin=\"B0CC274B2Y\" data-csa-c-is-in-initial-active-row=\"false\" data-csa-c-id=\"e1d721-qrr5k9-akppt5-apfozh\" data-cel-widget=\"featurebullets_feature_div\">\n<div id=\"feature-bullets\" class=\"a-section a-spacing-medium a-spacing-top-small\">\n<ul class=\"a-unordered-list a-vertical a-spacing-mini\">\n<li class=\"a-spacing-mini\"><span class=\"a-list-item\" style=\"color: #000000;\">Support de t\u00e9l\u00e9phone universel pour voiture pour lib\u00e9rer vos mains et am\u00e9liorer la s\u00e9curit\u00e9 de conduite.<\/span><\/li>\n<li class=\"a-spacing-mini\"><span class=\"a-list-item\" style=\"color: #000000;\">Le bras r\u00e9glable vous permet de positionner votre appareil \u00e0 l&rsquo;angle parfait pour plus de visibilit\u00e9 et de commodit\u00e9.<\/span><\/li>\n<li class=\"a-spacing-mini\"><span class=\"a-list-item\" style=\"color: #000000;\">Utilisez-le dans votre v\u00e9hicule pour garder votre t\u00e9l\u00e9phone \u00e0 port\u00e9e de main et en vue tout en naviguant, en passant des appels ou en jouant de la musique en mains libres.<\/span><\/li>\n<li class=\"a-spacing-mini\"><span class=\"a-list-item\" style=\"color: #000000;\">Fabriqu\u00e9 en plastique durable, ce support de t\u00e9l\u00e9phone est con\u00e7u pour r\u00e9sister \u00e0 l&rsquo;usure de l&rsquo;utilisation sur la route.<\/span><\/li>\n<li class=\"a-spacing-mini\"><span class=\"a-list-item\" style=\"color: #000000;\">Le clip est assez serr\u00e9 pour \u00eatre fix\u00e9 sur le tableau de bord et ne glissera pas, ainsi que pour saisir votre appareil.<\/span><\/li>\n<\/ul>\n<\/div>\n<\/div>\n<div id=\"provenanceCertifications_feature_div\" class=\"celwidget\" data-feature-name=\"provenanceCertifications\" data-csa-c-type=\"widget\" data-csa-c-content-id=\"provenanceCertifications\" data-csa-c-slot-id=\"provenanceCertifications_feature_div\" data-csa-c-asin=\"B0CC274B2Y\" data-csa-c-is-in-initial-active-row=\"false\" data-csa-c-id=\"eluelk-cksx32-u12odp-y8mmiz\" data-cel-widget=\"provenanceCertifications_feature_div\"><\/div>\n<div id=\"handmadeArtisanCard_feature_div\" class=\"celwidget\" data-feature-name=\"handmadeArtisanCard\" data-csa-c-type=\"widget\" data-csa-c-content-id=\"handmadeArtisanCard\" data-csa-c-slot-id=\"handmadeArtisanCard_feature_div\" data-csa-c-asin=\"B0CC274B2Y\" data-csa-c-is-in-initial-active-row=\"false\" data-csa-c-id=\"6jwsn2-y00rou-d8hrwc-9riup9\" data-cel-widget=\"handmadeArtisanCard_feature_div\"><\/div>\n<div id=\"customerReviewsAttributeNoExceptions_feature_div\" class=\"celwidget\" data-feature-name=\"customerReviewsAttributeNoExceptions\" data-csa-c-type=\"widget\" data-csa-c-content-id=\"customerReviewsAttributeNoExceptions\" data-csa-c-slot-id=\"customerReviewsAttributeNoExceptions_feature_div\" data-csa-c-asin=\"B0CC274B2Y\" data-csa-c-is-in-initial-active-row=\"false\" data-csa-c-id=\"jawhw1-p25e9z-66rvfw-femqru\" data-cel-widget=\"customerReviewsAttributeNoExceptions_feature_div\"><\/div>\n<div id=\"globalStoreInfoBullets_feature_div\" class=\"celwidget\" data-feature-name=\"globalStoreInfoBullets\" data-csa-c-type=\"widget\" data-csa-c-content-id=\"globalStoreInfoBullets\" data-csa-c-slot-id=\"globalStoreInfoBullets_feature_div\" data-csa-c-asin=\"B0CC274B2Y\" data-csa-c-is-in-initial-active-row=\"false\" data-csa-c-id=\"addn92-p93vxp-u7w0kc-ptl4ut\" data-cel-widget=\"globalStoreInfoBullets_feature_div\"><\/div>\n<div id=\"addOnItem_feature_div\" class=\"celwidget\" data-feature-name=\"addOnItem\" data-csa-c-type=\"widget\" data-csa-c-content-id=\"addOnItem\" data-csa-c-slot-id=\"addOnItem_feature_div\" data-csa-c-asin=\"B0CC274B2Y\" data-csa-c-is-in-initial-active-row=\"false\" data-csa-c-id=\"rx0dhw-4vl5xu-e4prhu-o6h23u\" data-cel-widget=\"addOnItem_feature_div\"><\/div>\n<div id=\"andonCord_feature_div\" class=\"celwidget\" data-feature-name=\"andonCord\" data-csa-c-type=\"widget\" data-csa-c-content-id=\"andonCord\" data-csa-c-slot-id=\"andonCord_feature_div\" data-csa-c-asin=\"B0CC274B2Y\" data-csa-c-is-in-initial-active-row=\"false\" data-csa-c-id=\"1cj6pu-j770lu-b2euod-9s4arg\" data-cel-widget=\"andonCord_feature_div\"><\/div>\n<div id=\"whiteGloveMessage_feature_div\" class=\"celwidget\" data-feature-name=\"whiteGloveMessage\" data-csa-c-type=\"widget\" data-csa-c-content-id=\"whiteGloveMessage\" data-csa-c-slot-id=\"whiteGloveMessage_feature_div\" data-csa-c-asin=\"B0CC274B2Y\" data-csa-c-is-in-initial-active-row=\"false\" data-csa-c-id=\"bi8t5w-jcuopt-qb0ujg-28t4x4\" data-cel-widget=\"whiteGloveMessage_feature_div\"><\/div>\n<div id=\"HLCXComparisonJumplink_feature_div\"><\/div>\n<div id=\"buyingOptionNostosBadge_feature_div\" class=\"celwidget\" data-feature-name=\"buyingOptionNostosBadge\" data-csa-c-type=\"widget\" data-csa-c-content-id=\"buyingOptionNostosBadge\" data-csa-c-slot-id=\"buyingOptionNostosBadge_feature_div\" data-csa-c-asin=\"B0CC274B2Y\" data-csa-c-is-in-initial-active-row=\"false\" data-csa-c-id=\"wxr22q-7yl6me-2oo3bb-sgd922\" data-cel-widget=\"buyingOptionNostosBadge_feature_div\"><\/div>\n<div id=\"edpIngress_feature_div\" class=\"celwidget\" data-feature-name=\"edpIngress\" data-csa-c-type=\"widget\" data-csa-c-content-id=\"edpIngress\" data-csa-c-slot-id=\"edpIngress_feature_div\" data-csa-c-asin=\"B0CC274B2Y\" data-csa-c-is-in-initial-active-row=\"false\" data-csa-c-id=\"550wec-inc3v5-uckbcp-5u2kja\" data-cel-widget=\"edpIngress_feature_div\"><\/div>\n<div id=\"newerVersion_feature_div\" class=\"celwidget\" data-feature-name=\"newerVersion\" data-csa-c-type=\"widget\" data-csa-c-content-id=\"newerVersion\" data-csa-c-slot-id=\"newerVersion_feature_div\" data-csa-c-asin=\"B0CC274B2Y\" data-csa-c-is-in-initial-active-row=\"false\" data-csa-c-id=\"qvlusx-wrml8n-8o8glw-1k21bc\" data-cel-widget=\"newerVersion_feature_div\"><\/div>\n<div id=\"valuePick_feature_div\" class=\"celwidget\" data-feature-name=\"valuePick\" data-csa-c-type=\"widget\" data-csa-c-content-id=\"valuePick\" data-csa-c-slot-id=\"valuePick_feature_div\" data-csa-c-asin=\"B0CC274B2Y\" data-csa-c-is-in-initial-active-row=\"false\" data-csa-c-id=\"vhmcpk-40kz5j-cnnpnr-lz65zt\" data-cel-widget=\"valuePick_feature_div\"><\/div>\n<div id=\"certifiedRefurbishedVersion_feature_div\" class=\"celwidget\" data-feature-name=\"certifiedRefurbishedVersion\" data-csa-c-type=\"widget\" data-csa-c-content-id=\"certifiedRefurbishedVersion\" data-csa-c-slot-id=\"certifiedRefurbishedVersion_feature_div\" data-csa-c-asin=\"B0CC274B2Y\" data-csa-c-is-in-initial-active-row=\"false\" data-csa-c-id=\"c6nn8t-sugd1j-3w6anx-79v4rr\" data-cel-widget=\"certifiedRefurbishedVersion_feature_div\"><\/div>\n<div id=\"productAlert_feature_div\" class=\"celwidget\" data-feature-name=\"productAlert\" data-csa-c-type=\"widget\" data-csa-c-content-id=\"productAlert\" data-csa-c-slot-id=\"productAlert_feature_div\" data-csa-c-asin=\"B0CC274B2Y\" data-csa-c-is-in-initial-active-row=\"false\" data-csa-c-id=\"bx2xky-r13z9u-tkyd3t-idnqfn\" data-cel-widget=\"productAlert_feature_div\">\n<div id=\"product-alert-grid_feature_div\"><\/div>\n<\/div>","protected":false},"excerpt":{"rendered":"<p>Support de t\u00e9l\u00e9phone universel pour voiture pour lib\u00e9rer vos mains et am\u00e9liorer la s\u00e9curit\u00e9 de conduite. Le bras r\u00e9glable vous permet de positionner votre appareil \u00e0 l&rsquo;angle parfait pour plus de visibilit\u00e9 et de commodit\u00e9. Utilisez-le dans votre v\u00e9hicule pour garder votre t\u00e9l\u00e9phone \u00e0 port\u00e9e de main et en vue tout en naviguant, en passant [&hellip;]<\/p>","protected":false},"featured_media":767,"comment_status":"open","ping_status":"closed","template":"","meta":[],"product_brand":[],"product_cat":[38],"product_tag":[],"class_list":{"0":"post-765","1":"product","2":"type-product","3":"status-publish","4":"has-post-thumbnail","6":"product_cat-support-telephone","8":"first","9":"instock","10":"shipping-taxable","11":"purchasable","12":"product-type-simple"},"jetpack_sharing_enabled":true,"_links":{"self":[{"href":"https:\/\/autopdz.com\/ar\/wp-json\/wp\/v2\/product\/765","targetHints":{"allow":["GET"]}}],"collection":[{"href":"https:\/\/autopdz.com\/ar\/wp-json\/wp\/v2\/product"}],"about":[{"href":"https:\/\/autopdz.com\/ar\/wp-json\/wp\/v2\/types\/product"}],"replies":[{"embeddable":true,"href":"https:\/\/autopdz.com\/ar\/wp-json\/wp\/v2\/comments?post=765"}],"wp:featuredmedia":[{"embeddable":true,"href":"https:\/\/autopdz.com\/ar\/wp-json\/wp\/v2\/media\/767"}],"wp:attachment":[{"href":"https:\/\/autopdz.com\/ar\/wp-json\/wp\/v2\/media?parent=765"}],"wp:term":[{"taxonomy":"product_brand","embeddable":true,"href":"https:\/\/autopdz.com\/ar\/wp-json\/wp\/v2\/product_brand?post=765"},{"taxonomy":"product_cat","embeddable":true,"href":"https:\/\/autopdz.com\/ar\/wp-json\/wp\/v2\/product_cat?post=765"},{"taxonomy":"product_tag","embeddable":true,"href":"https:\/\/autopdz.com\/ar\/wp-json\/wp\/v2\/product_tag?post=765"}],"curies":[{"name":"wp","href":"https:\/\/api.w.org\/{rel}","templated":true}]}}