{"id":781,"date":"2023-09-30T18:33:04","date_gmt":"2023-09-30T17:33:04","guid":{"rendered":"https:\/\/autopdz.com\/?post_type=product&#038;p=781"},"modified":"2026-01-19T09:16:47","modified_gmt":"2026-01-19T08:16:47","slug":"led-phare-h4-feux-de-brouillard-pour-les-phares-avant","status":"publish","type":"product","link":"https:\/\/autopdz.com\/ar\/product\/led-phare-h4-feux-de-brouillard-pour-les-phares-avant\/","title":{"rendered":"LED Phare C6 pour les phares avant"},"content":{"rendered":"<p><strong>Fonctionnalit\u00e9s<\/strong><\/p>\n<p>1. Haute vitesse ventilateur de refroidissement du turbo pour acc\u00e9l\u00e9rer le rayonnement de chaleur<\/p>\n<p>2. LED de 360 degr\u00e9s \u00e9mettant extr\u00eamement lumineux<\/p>\n<p>3. Haute qualit\u00e9 dans 12 mois de garantie<\/p>\n<p>4. Service disponible OEM<\/p>\n<p>&nbsp;<\/p>\n<div class=\"rich-text-table\">\n<table border=\"1\">\n<tbody>\n<tr>\n<td colspan=\"2\"><strong>La sp\u00e9cification<\/strong><\/td>\n<\/tr>\n<tr>\n<td>Mod\u00e8le<\/td>\n<td>\u00a0 Projecteur \u00e0 LED<\/td>\n<\/tr>\n<tr>\n<td>L&rsquo;alimentation<\/td>\n<td>50W<\/td>\n<\/tr>\n<tr>\n<td>Lumen<\/td>\n<td>4000lumen<\/td>\n<\/tr>\n<tr>\n<td>La temp\u00e9rature de couleur<\/td>\n<td>3000Kevin<\/td>\n<\/tr>\n<tr>\n<td>La temp\u00e9rature de fonctionnement<\/td>\n<td>-45\u00baC \u00e0 +165\u00baC<\/td>\n<\/tr>\n<tr>\n<td>L&rsquo;entr\u00e9e(Amper)<\/td>\n<td>2.2A\u00b10, 2 A<\/td>\n<\/tr>\n<tr>\n<td>Angle de faisceau<\/td>\n<td>\u00c9mettant \u00e0 360\u00b0<\/td>\n<\/tr>\n<tr>\n<td>La tension<\/td>\n<td>DC 12V pour les v\u00e9hicules 24 V<\/td>\n<\/tr>\n<tr>\n<td><\/td>\n<td><\/td>\n<\/tr>\n<tr>\n<td>Syst\u00e8me de refroidissement<\/td>\n<td>Les a\u00e9ronefs de l&rsquo;aluminium bas le rayonnement de chaleur et de cuivre conseil la conduction de chaleur<\/td>\n<\/tr>\n<tr>\n<td>La dur\u00e9e de vie<\/td>\n<td>&gt; 50.000 heures<\/td>\n<\/tr>\n<tr>\n<td>\u00c9tanche<\/td>\n<td>IP66<\/td>\n<\/tr>\n<tr>\n<td>La garantie<\/td>\n<td>Garantie de 12 mois<\/td>\n<\/tr>\n<tr>\n<td>Sockets disponibles<\/td>\n<td>H1\/H3\/880\/881\/9005\/HB3\/9006\/HB4\/H10\/H11\/H8\/H9\/H11<\/p>\n<p>H7\/H4\/HB2\/9004\/9007\/H13\/H16\/5202&#8230;<\/td>\n<\/tr>\n<\/tbody>\n<\/table>\n<\/div>\n<p>&nbsp;<\/p>","protected":false},"excerpt":{"rendered":"<p>Fonctionnalit\u00e9s 1. Haute vitesse ventilateur de refroidissement du turbo pour acc\u00e9l\u00e9rer le rayonnement de chaleur 2. LED de 360 degr\u00e9s \u00e9mettant extr\u00eamement lumineux 3. Haute qualit\u00e9 dans 12 mois de garantie 4. Service disponible OEM &nbsp; La sp\u00e9cification Mod\u00e8le \u00a0 Projecteur \u00e0 LED L&rsquo;alimentation 50W Lumen 4000lumen La temp\u00e9rature de couleur 3000Kevin La temp\u00e9rature de [&hellip;]<\/p>","protected":false},"featured_media":785,"comment_status":"open","ping_status":"closed","template":"","meta":[],"product_brand":[],"product_cat":[23],"product_tag":[50,49],"class_list":{"0":"post-781","1":"product","2":"type-product","3":"status-publish","4":"has-post-thumbnail","6":"product_cat-eclairage","7":"product_tag-led-c6","8":"product_tag-led-phare","10":"first","11":"instock","12":"shipping-taxable","13":"purchasable","14":"product-type-variable"},"jetpack_sharing_enabled":true,"_links":{"self":[{"href":"https:\/\/autopdz.com\/ar\/wp-json\/wp\/v2\/product\/781","targetHints":{"allow":["GET"]}}],"collection":[{"href":"https:\/\/autopdz.com\/ar\/wp-json\/wp\/v2\/product"}],"about":[{"href":"https:\/\/autopdz.com\/ar\/wp-json\/wp\/v2\/types\/product"}],"replies":[{"embeddable":true,"href":"https:\/\/autopdz.com\/ar\/wp-json\/wp\/v2\/comments?post=781"}],"wp:featuredmedia":[{"embeddable":true,"href":"https:\/\/autopdz.com\/ar\/wp-json\/wp\/v2\/media\/785"}],"wp:attachment":[{"href":"https:\/\/autopdz.com\/ar\/wp-json\/wp\/v2\/media?parent=781"}],"wp:term":[{"taxonomy":"product_brand","embeddable":true,"href":"https:\/\/autopdz.com\/ar\/wp-json\/wp\/v2\/product_brand?post=781"},{"taxonomy":"product_cat","embeddable":true,"href":"https:\/\/autopdz.com\/ar\/wp-json\/wp\/v2\/product_cat?post=781"},{"taxonomy":"product_tag","embeddable":true,"href":"https:\/\/autopdz.com\/ar\/wp-json\/wp\/v2\/product_tag?post=781"}],"curies":[{"name":"wp","href":"https:\/\/api.w.org\/{rel}","templated":true}]}}