{"id":7818,"date":"2024-12-03T14:19:12","date_gmt":"2024-12-03T13:19:12","guid":{"rendered":"https:\/\/autopdz.com\/product\/accoudoir-central-avec-porte-gobelet-standard\/"},"modified":"2026-02-09T12:55:43","modified_gmt":"2026-02-09T11:55:43","slug":"accoudoir-central-avec-porte-gobelet-standard","status":"publish","type":"product","link":"https:\/\/autopdz.com\/ar\/product\/accoudoir-central-avec-porte-gobelet-standard\/","title":{"rendered":"Accoudoir Central Avec Porte Gobelet Standard"},"content":{"rendered":"<p>Vous pouvez vous adapter \u00e0 la droite de votre coude \u00e0 droite<br \/>\nIl n&rsquo;a aucun effet sur les courroies de conduite et de s\u00e9curit\u00e9 normales et emp\u00eache les effets personnels de tomber dans l&rsquo;espace de si\u00e8ges.<br \/>\n-Made de cuir artificiel robuste, il peut couvrir des \u00e9gratignures existantes et emp\u00eacher votre voiture d&rsquo;\u00eatre ray\u00e9 d&rsquo;objets durs.<br \/>\n-L&rsquo;apparence de profil\u00e9 et conception \u00e9l\u00e9gante, am\u00e9liorez votre niveau de voiture.<br \/>\nL&rsquo;installation est simple et ne n\u00e9cessite pas d&rsquo;op\u00e9rations particuli\u00e8rement compliqu\u00e9es.Il est imperm\u00e9able et r\u00e9sistant \u00e0 la poussi\u00e8re pour tous les temps, faciles \u00e0 nettoyer.<\/p>","protected":false},"excerpt":{"rendered":"<p>Vous pouvez vous adapter \u00e0 la droite de votre coude \u00e0 droite Il n&rsquo;a aucun effet sur les courroies de conduite et de s\u00e9curit\u00e9 normales et emp\u00eache les effets personnels de tomber dans l&rsquo;espace de si\u00e8ges. -Made de cuir artificiel robuste, il peut couvrir des \u00e9gratignures existantes et emp\u00eacher votre voiture d&rsquo;\u00eatre ray\u00e9 d&rsquo;objets durs. [&hellip;]<\/p>","protected":false},"featured_media":7813,"comment_status":"open","ping_status":"closed","template":"","meta":[],"product_brand":[],"product_cat":[24],"product_tag":[],"class_list":{"0":"post-7818","1":"product","2":"type-product","3":"status-publish","4":"has-post-thumbnail","6":"product_cat-accessoires-interieur","8":"first","9":"instock","10":"sale","11":"shipping-taxable","12":"purchasable","13":"product-type-simple"},"jetpack_sharing_enabled":true,"_links":{"self":[{"href":"https:\/\/autopdz.com\/ar\/wp-json\/wp\/v2\/product\/7818","targetHints":{"allow":["GET"]}}],"collection":[{"href":"https:\/\/autopdz.com\/ar\/wp-json\/wp\/v2\/product"}],"about":[{"href":"https:\/\/autopdz.com\/ar\/wp-json\/wp\/v2\/types\/product"}],"replies":[{"embeddable":true,"href":"https:\/\/autopdz.com\/ar\/wp-json\/wp\/v2\/comments?post=7818"}],"wp:featuredmedia":[{"embeddable":true,"href":"https:\/\/autopdz.com\/ar\/wp-json\/wp\/v2\/media\/7813"}],"wp:attachment":[{"href":"https:\/\/autopdz.com\/ar\/wp-json\/wp\/v2\/media?parent=7818"}],"wp:term":[{"taxonomy":"product_brand","embeddable":true,"href":"https:\/\/autopdz.com\/ar\/wp-json\/wp\/v2\/product_brand?post=7818"},{"taxonomy":"product_cat","embeddable":true,"href":"https:\/\/autopdz.com\/ar\/wp-json\/wp\/v2\/product_cat?post=7818"},{"taxonomy":"product_tag","embeddable":true,"href":"https:\/\/autopdz.com\/ar\/wp-json\/wp\/v2\/product_tag?post=7818"}],"curies":[{"name":"wp","href":"https:\/\/api.w.org\/{rel}","templated":true}]}}