{"id":787,"date":"2023-09-30T19:36:48","date_gmt":"2023-09-30T18:36:48","guid":{"rendered":"https:\/\/autopdz.com\/?post_type=product&#038;p=787"},"modified":"2024-07-30T17:31:29","modified_gmt":"2024-07-30T16:31:29","slug":"mini-projecteur-led-h4-y9","status":"publish","type":"product","link":"https:\/\/autopdz.com\/ar\/product\/mini-projecteur-led-h4-y9\/","title":{"rendered":"Mini projecteur Led H4 Y9"},"content":{"rendered":"<p align=\"start\"><span style=\"color: #000000;\" data-spm-anchor-id=\"a2g0o.detail.1000023.i0.4e83TB4GTB4GCx\">Mod\u00e8le: H4 Hi\/Lo<\/span><\/p>\n<p align=\"start\"><span style=\"color: #000000;\">Puce LED: CSP avanc\u00e9<\/span><\/p>\n<p align=\"start\"><span style=\"color: #000000;\">Tension: cc 9-32V<\/span><\/p>\n<p align=\"start\"><span style=\"color: #000000;\">Puissance: 50W\/ampoule<\/span><\/p>\n<p align=\"start\"><span style=\"color: #000000;\">Flux lumineux: 8000lm\/ampoule<\/span><\/p>\n<p align=\"start\"><span style=\"color: #000000;\">Temp\u00e9rature de couleur: 6500K (blanc)<\/span><\/p>\n<p align=\"start\"><span style=\"color: #000000;\">Dur\u00e9e de vie: &gt;30000 heures<\/span><\/p>\n<p align=\"start\"><span style=\"color: #000000;\">Cat\u00e9gorie imperm\u00e9able: IP65<\/span><\/p>\n<p align=\"start\"><span style=\"color: #000000;\">Sp\u00e9cialit\u00e9: objectif Mini proejctor<\/span><\/p>\n<p align=\"start\"><span style=\"color: #000000;\">Application: phare de voiture\/moto<\/span><\/p>\n<p align=\"start\"><span style=\"color: #000000;\">Dissipation thermique: dissipateur thermique en aluminium + refroidissement du ventilateur<\/span><\/p>\n<p align=\"start\"><span style=\"color: #000000;\"><strong>Le forfait comprend:<\/strong><\/span><\/p>\n<p align=\"start\"><span style=\"color: #000000;\">Phares led h4. 2 pi\u00e8ces\/paire.<\/span><\/p>\n<div id=\"nav-specification\" data-pl=\"product-specs\">\n<ul class=\"specification--list--fiWsSyv\">\n<li class=\"specification--line--iUJOqof\">\n<div class=\"specification--prop--RejitI8\">\n<div class=\"specification--title--UbVeyic\"><span style=\"color: #000000;\" data-spm-anchor-id=\"a2g0o.detail.0.i5.4e83TB4GTB4GCx\">Marque d&rsquo;automobile<\/span><\/div>\n<div class=\"specification--desc--Mz148Bl\" title=\"Universal\"><span style=\"color: #000000;\">Universal<\/span><\/div>\n<\/div>\n<div class=\"specification--prop--RejitI8\">\n<div class=\"specification--title--UbVeyic\"><span style=\"color: #000000;\">Puissance<\/span><\/div>\n<div class=\"specification--desc--Mz148Bl\" title=\"35W\"><span style=\"color: #000000;\">35W<\/span><\/div>\n<\/div>\n<\/li>\n<li class=\"specification--line--iUJOqof\">\n<div class=\"specification--prop--RejitI8\">\n<div class=\"specification--title--UbVeyic\"><span style=\"color: #000000;\">Tension<\/span><\/div>\n<div class=\"specification--desc--Mz148Bl\" title=\"12v\"><span style=\"color: #000000;\">12v<\/span><\/div>\n<\/div>\n<div class=\"specification--prop--RejitI8\">\n<div class=\"specification--title--UbVeyic\"><span style=\"color: #000000;\">Mod\u00e8le de voiture<\/span><\/div>\n<div class=\"specification--desc--Mz148Bl\" title=\"Universal\"><span style=\"color: #000000;\">Universal<\/span><\/div>\n<\/div>\n<\/li>\n<li class=\"specification--line--iUJOqof\">\n<div class=\"specification--prop--RejitI8\">\n<div class=\"specification--title--UbVeyic\"><span style=\"color: #000000;\">Nom de marque<\/span><\/div>\n<div class=\"specification--desc--Mz148Bl\" title=\"TEEZE\"><span style=\"color: #000000;\">TEEZE<\/span><\/div>\n<\/div>\n<div class=\"specification--prop--RejitI8\">\n<div class=\"specification--title--UbVeyic\"><span style=\"color: #000000;\">Origine<\/span><\/div>\n<div class=\"specification--desc--Mz148Bl\" title=\"CN (Origine)\"><span style=\"color: #000000;\">CN (Origine)<\/span><\/div>\n<\/div>\n<\/li>\n<li class=\"specification--line--iUJOqof\">\n<div class=\"specification--prop--RejitI8\">\n<div class=\"specification--title--UbVeyic\"><span style=\"color: #000000;\">Certification<\/span><\/div>\n<div class=\"specification--desc--Mz148Bl\" title=\"CE\"><span style=\"color: #000000;\">CE<\/span><\/div>\n<\/div>\n<div class=\"specification--prop--RejitI8\">\n<div class=\"specification--title--UbVeyic\"><span style=\"color: #000000;\">current<\/span><\/div>\n<div class=\"specification--desc--Mz148Bl\" title=\"2.9\"><span style=\"color: #000000;\">2.9<\/span><\/div>\n<\/div>\n<\/li>\n<li class=\"specification--line--iUJOqof\">\n<div class=\"specification--prop--RejitI8\">\n<div class=\"specification--title--UbVeyic\"><span style=\"color: #000000;\">model<\/span><\/div>\n<div class=\"specification--desc--Mz148Bl\" title=\"Y9-3570-H4 MINI\"><span style=\"color: #000000;\">Y9-3570-H4 MINI<\/span><\/div>\n<\/div>\n<div class=\"specification--prop--RejitI8\">\n<div class=\"specification--title--UbVeyic\"><span style=\"color: #000000;\">Part number<\/span><\/div>\n<div class=\"specification--desc--Mz148Bl\" title=\"Y6D\/Y9\"><span style=\"color: #000000;\">Y6D\/Y9<\/span><\/div>\n<\/div>\n<\/li>\n<li class=\"specification--line--iUJOqof\">\n<div class=\"specification--prop--RejitI8\">\n<div class=\"specification--title--UbVeyic\"><span style=\"color: #000000;\">Power source<\/span><\/div>\n<div class=\"specification--desc--Mz148Bl\" title=\"35\"><span style=\"color: #000000;\">35<\/span><\/div>\n<\/div>\n<div class=\"specification--prop--RejitI8\">\n<div class=\"specification--title--UbVeyic\"><span style=\"color: #000000;\">material<\/span><\/div>\n<div class=\"specification--desc--Mz148Bl\" title=\"aluminum\"><span style=\"color: #000000;\">aluminum<\/span><\/div>\n<\/div>\n<\/li>\n<li class=\"specification--line--iUJOqof\">\n<div class=\"specification--prop--RejitI8\">\n<div class=\"specification--title--UbVeyic\"><span style=\"color: #000000;\">Voltage<\/span><\/div>\n<div class=\"specification--desc--Mz148Bl\" title=\"12\"><span style=\"color: #000000;\">12<\/span><\/div>\n<\/div>\n<\/li>\n<\/ul>\n<\/div>","protected":false},"excerpt":{"rendered":"<p>Mod\u00e8le: H4 Hi\/Lo Puce LED: CSP avanc\u00e9 Tension: cc 9-32V Puissance: 50W\/ampoule Flux lumineux: 8000lm\/ampoule Temp\u00e9rature de couleur: 6500K (blanc) Dur\u00e9e de vie: &gt;30000 heures Cat\u00e9gorie imperm\u00e9able: IP65 Sp\u00e9cialit\u00e9: objectif Mini proejctor Application: phare de voiture\/moto Dissipation thermique: dissipateur thermique en aluminium + refroidissement du ventilateur Le forfait comprend: Phares led h4. 2 pi\u00e8ces\/paire. Marque [&hellip;]<\/p>","protected":false},"featured_media":789,"comment_status":"open","ping_status":"closed","template":"","meta":[],"product_brand":[],"product_cat":[23],"product_tag":[],"class_list":{"0":"post-787","1":"product","2":"type-product","3":"status-publish","4":"has-post-thumbnail","6":"product_cat-eclairage","8":"first","9":"outofstock","10":"shipping-taxable","11":"purchasable","12":"product-type-simple"},"jetpack_sharing_enabled":true,"_links":{"self":[{"href":"https:\/\/autopdz.com\/ar\/wp-json\/wp\/v2\/product\/787","targetHints":{"allow":["GET"]}}],"collection":[{"href":"https:\/\/autopdz.com\/ar\/wp-json\/wp\/v2\/product"}],"about":[{"href":"https:\/\/autopdz.com\/ar\/wp-json\/wp\/v2\/types\/product"}],"replies":[{"embeddable":true,"href":"https:\/\/autopdz.com\/ar\/wp-json\/wp\/v2\/comments?post=787"}],"wp:featuredmedia":[{"embeddable":true,"href":"https:\/\/autopdz.com\/ar\/wp-json\/wp\/v2\/media\/789"}],"wp:attachment":[{"href":"https:\/\/autopdz.com\/ar\/wp-json\/wp\/v2\/media?parent=787"}],"wp:term":[{"taxonomy":"product_brand","embeddable":true,"href":"https:\/\/autopdz.com\/ar\/wp-json\/wp\/v2\/product_brand?post=787"},{"taxonomy":"product_cat","embeddable":true,"href":"https:\/\/autopdz.com\/ar\/wp-json\/wp\/v2\/product_cat?post=787"},{"taxonomy":"product_tag","embeddable":true,"href":"https:\/\/autopdz.com\/ar\/wp-json\/wp\/v2\/product_tag?post=787"}],"curies":[{"name":"wp","href":"https:\/\/api.w.org\/{rel}","templated":true}]}}