{"id":7878,"date":"2024-12-04T14:46:48","date_gmt":"2024-12-04T13:46:48","guid":{"rendered":"https:\/\/autopdz.com\/product\/anti-vol-de-voiture-pour-pedal\/"},"modified":"2025-06-20T19:22:39","modified_gmt":"2025-06-20T18:22:39","slug":"anti-vol-de-voiture-pour-pedal","status":"publish","type":"product","link":"https:\/\/autopdz.com\/ar\/product\/anti-vol-de-voiture-pour-pedal\/","title":{"rendered":"Anti Vol De Voiture Pour Pedal"},"content":{"rendered":"<p>\u2194Qualit\u00e9 sup\u00e9rieure : prot\u00e9gez votre voiture contre le vol avec ce verrou de frein de voiture en mat\u00e9riau robuste. Il est inoxydable, durable et durable et r\u00e9siste \u00e0 toute tentative de rupture.<br \/>\n\u2194Emp\u00eache le vol : ce verrou de frein antivol prot\u00e8ge votre v\u00e9hicule contre toute utilisation non autoris\u00e9e et verrouille en toute s\u00e9curit\u00e9 la p\u00e9dale d&#8217;embrayage ou de frein, de sorte qu&rsquo;il est impossible de conduire sans l&rsquo;enlever.<br \/>\n\u2194Solution peu encombrante : vous n&rsquo;avez pas \u00e0 vous soucier de trouver un endroit pour ranger votre serrure antivol de voiture. Le design petit et l\u00e9ger se glisse sous le si\u00e8ge ou dans le coffre.<br \/>\n\u2194Cadeau exquis : ce verrou de frein fixe votre p\u00e9dale de frein et rend impossible de d\u00e9marrer ou de conduire votre v\u00e9hicule sans la cl\u00e9. C&rsquo;est un cadeau utile pour vos amis et votre famille qui aiment leur protection de voiture.<br \/>\n\u2194Largement utilis\u00e9 : ce verrou de frein s&rsquo;adapte \u00e0 tous les v\u00e9hicules, de la voiture au camping-car. Vous pouvez l&rsquo;utiliser sans cl\u00e9 ni code. \u00c9tant donn\u00e9 que la p\u00e9dale de frein et le volant sont bloqu\u00e9s, votre v\u00e9hicule est en s\u00e9curit\u00e9.<\/p>","protected":false},"excerpt":{"rendered":"<p>\u2194Qualit\u00e9 sup\u00e9rieure : prot\u00e9gez votre voiture contre le vol avec ce verrou de frein de voiture en mat\u00e9riau robuste. Il est inoxydable, durable et durable et r\u00e9siste \u00e0 toute tentative de rupture. \u2194Emp\u00eache le vol : ce verrou de frein antivol prot\u00e8ge votre v\u00e9hicule contre toute utilisation non autoris\u00e9e et verrouille en toute s\u00e9curit\u00e9 la [&hellip;]<\/p>","protected":false},"featured_media":7874,"comment_status":"open","ping_status":"closed","template":"","meta":[],"product_brand":[],"product_cat":[24],"product_tag":[],"class_list":{"0":"post-7878","1":"product","2":"type-product","3":"status-publish","4":"has-post-thumbnail","6":"product_cat-accessoires-interieur","8":"first","9":"instock","10":"shipping-taxable","11":"purchasable","12":"product-type-simple"},"jetpack_sharing_enabled":true,"_links":{"self":[{"href":"https:\/\/autopdz.com\/ar\/wp-json\/wp\/v2\/product\/7878","targetHints":{"allow":["GET"]}}],"collection":[{"href":"https:\/\/autopdz.com\/ar\/wp-json\/wp\/v2\/product"}],"about":[{"href":"https:\/\/autopdz.com\/ar\/wp-json\/wp\/v2\/types\/product"}],"replies":[{"embeddable":true,"href":"https:\/\/autopdz.com\/ar\/wp-json\/wp\/v2\/comments?post=7878"}],"wp:featuredmedia":[{"embeddable":true,"href":"https:\/\/autopdz.com\/ar\/wp-json\/wp\/v2\/media\/7874"}],"wp:attachment":[{"href":"https:\/\/autopdz.com\/ar\/wp-json\/wp\/v2\/media?parent=7878"}],"wp:term":[{"taxonomy":"product_brand","embeddable":true,"href":"https:\/\/autopdz.com\/ar\/wp-json\/wp\/v2\/product_brand?post=7878"},{"taxonomy":"product_cat","embeddable":true,"href":"https:\/\/autopdz.com\/ar\/wp-json\/wp\/v2\/product_cat?post=7878"},{"taxonomy":"product_tag","embeddable":true,"href":"https:\/\/autopdz.com\/ar\/wp-json\/wp\/v2\/product_tag?post=7878"}],"curies":[{"name":"wp","href":"https:\/\/api.w.org\/{rel}","templated":true}]}}