{"id":800,"date":"2023-09-30T21:24:28","date_gmt":"2023-09-30T20:24:28","guid":{"rendered":"https:\/\/autopdz.com\/?post_type=product&#038;p=800"},"modified":"2025-02-08T07:23:14","modified_gmt":"2025-02-08T06:23:14","slug":"extincteur-multi-purpose-poudre-chimique-avec-support-en-plastique-2kg","status":"publish","type":"product","link":"https:\/\/autopdz.com\/ar\/product\/extincteur-multi-purpose-poudre-chimique-avec-support-en-plastique-2kg\/","title":{"rendered":"Extincteur Multi-Purpose poudre chimique avec support en plastique 2KG"},"content":{"rendered":"<div class=\"ps-page__content\">\n<div class=\"ps-product--detail ps-product--full\">\n<div class=\"row\">\n<div class=\"col-12 col-xl-7\">\n<div class=\"ps-product__info\">\n<div class=\"ps-product__content\">\n<div id=\"productContent\" class=\"tab-content\">\n<div id=\"description-content\" class=\"tab-pane fade show active\" role=\"tabpanel\" aria-labelledby=\"description-tab\">\n<ul>\n<li>Poudre utilis\u00e9e: Abc Dry Powder<\/li>\n<li>Gaz pr\u00e9p\u00e9linien: azote<\/li>\n<li>Pression de travail: 14Bar (+ 20 \u00b0 C)<\/li>\n<li>Pression d&rsquo;essai: 23 bar<\/li>\n<li>Temp\u00e9rature de fonctionnement: -20 \u00b0 C ~ + 60 \u00b0 C<\/li>\n<li>Temps de d\u00e9charge 7 secondes<\/li>\n<li>Classement au feu: 1A21B \/ C<\/li>\n<li>Port\u00e9e du feu: 3-4,5 m\u00e8tres<\/li>\n<li>Capacit\u00e9: 2 kg.<\/li>\n<li>\n<h3>Grande ouverture de remplissage pour un entretien extr\u00eamement facile.<br \/>\nT\u00eate d&rsquo;\u00e9crou de capture, fermeture du capuchon Fournit un alignement facile du manom\u00e8tre et des instructions d\u00e9taill\u00e9es apr\u00e8s l&rsquo;entretien.<br \/>\nPoudre s\u00e8che la plus efficace avec un effet d&rsquo;extinction brutal.<br \/>\nHaute durabilit\u00e9 du cylindre en acier car il est correctement enduit de phosphate sous traitement pour r\u00e9sister \u00e0 la corrosion et \u00e0 la rouille.<br \/>\nValve en laiton chrom\u00e9 avec poign\u00e9e en acier. Large plage de temp\u00e9ratures de fonctionnement&#8230;.<\/h3>\n<\/li>\n<\/ul>\n<\/div>\n<\/div>\n<\/div>\n<\/div>\n<\/div>\n<\/div>\n<\/div>\n<\/div>","protected":false},"excerpt":{"rendered":"<p>Poudre utilis\u00e9e: Abc Dry Powder Gaz pr\u00e9p\u00e9linien: azote Pression de travail: 14Bar (+ 20 \u00b0 C) Pression d&rsquo;essai: 23 bar Temp\u00e9rature de fonctionnement: -20 \u00b0 C ~ + 60 \u00b0 C Temps de d\u00e9charge 7 secondes Classement au feu: 1A21B \/ C Port\u00e9e du feu: 3-4,5 m\u00e8tres Capacit\u00e9: 2 kg. Grande ouverture de remplissage pour [&hellip;]<\/p>","protected":false},"featured_media":804,"comment_status":"open","ping_status":"closed","template":"","meta":[],"product_brand":[],"product_cat":[15],"product_tag":[],"class_list":{"0":"post-800","1":"product","2":"type-product","3":"status-publish","4":"has-post-thumbnail","6":"product_cat-divers","8":"first","9":"instock","10":"shipping-taxable","11":"purchasable","12":"product-type-simple"},"jetpack_sharing_enabled":true,"_links":{"self":[{"href":"https:\/\/autopdz.com\/ar\/wp-json\/wp\/v2\/product\/800","targetHints":{"allow":["GET"]}}],"collection":[{"href":"https:\/\/autopdz.com\/ar\/wp-json\/wp\/v2\/product"}],"about":[{"href":"https:\/\/autopdz.com\/ar\/wp-json\/wp\/v2\/types\/product"}],"replies":[{"embeddable":true,"href":"https:\/\/autopdz.com\/ar\/wp-json\/wp\/v2\/comments?post=800"}],"wp:featuredmedia":[{"embeddable":true,"href":"https:\/\/autopdz.com\/ar\/wp-json\/wp\/v2\/media\/804"}],"wp:attachment":[{"href":"https:\/\/autopdz.com\/ar\/wp-json\/wp\/v2\/media?parent=800"}],"wp:term":[{"taxonomy":"product_brand","embeddable":true,"href":"https:\/\/autopdz.com\/ar\/wp-json\/wp\/v2\/product_brand?post=800"},{"taxonomy":"product_cat","embeddable":true,"href":"https:\/\/autopdz.com\/ar\/wp-json\/wp\/v2\/product_cat?post=800"},{"taxonomy":"product_tag","embeddable":true,"href":"https:\/\/autopdz.com\/ar\/wp-json\/wp\/v2\/product_tag?post=800"}],"curies":[{"name":"wp","href":"https:\/\/api.w.org\/{rel}","templated":true}]}}