{"id":8044,"date":"2024-12-07T13:57:11","date_gmt":"2024-12-07T12:57:11","guid":{"rendered":"https:\/\/autopdz.com\/product\/ampoules-de-phare-led-h1-haute-puissance\/"},"modified":"2024-12-07T13:57:11","modified_gmt":"2024-12-07T12:57:11","slug":"ampoules-de-phare-led-h1-haute-puissance","status":"publish","type":"product","link":"https:\/\/autopdz.com\/ar\/product\/ampoules-de-phare-led-h1-haute-puissance\/","title":{"rendered":"Ampoules de phare LED H1 haute puissance"},"content":{"rendered":"<p>+ 8 c\u00f4t\u00e9s d&rsquo;\u00e9clairage \/ 8 faces<br \/>\n+ Nombre d&rsquo;ampoules : 2<br \/>\n+ Puissance lumen : 24 000 (la paire)<br \/>\n+ Puissance lumen : 12 000 (chaque ampoule)<br \/>\n+ Lumi\u00e8re haute et basse (h1), Lumi\u00e8re blanche 6000K<br \/>\n+ Puissance de sortie : 30 watts<br \/>\n+ \u00c9galement disponible dans les mod\u00e8les : H1<\/p>","protected":false},"excerpt":{"rendered":"<p>+ 8 c\u00f4t\u00e9s d&rsquo;\u00e9clairage \/ 8 faces + Nombre d&rsquo;ampoules : 2 + Puissance lumen : 24 000 (la paire) + Puissance lumen : 12 000 (chaque ampoule) + Lumi\u00e8re haute et basse (h1), Lumi\u00e8re blanche 6000K + Puissance de sortie : 30 watts + \u00c9galement disponible dans les mod\u00e8les : H1<\/p>","protected":false},"featured_media":8042,"comment_status":"open","ping_status":"closed","template":"","meta":[],"product_brand":[],"product_cat":[23],"product_tag":[],"class_list":{"0":"post-8044","1":"product","2":"type-product","3":"status-publish","4":"has-post-thumbnail","6":"product_cat-eclairage","8":"first","9":"instock","10":"shipping-taxable","11":"purchasable","12":"product-type-simple"},"jetpack_sharing_enabled":true,"_links":{"self":[{"href":"https:\/\/autopdz.com\/ar\/wp-json\/wp\/v2\/product\/8044","targetHints":{"allow":["GET"]}}],"collection":[{"href":"https:\/\/autopdz.com\/ar\/wp-json\/wp\/v2\/product"}],"about":[{"href":"https:\/\/autopdz.com\/ar\/wp-json\/wp\/v2\/types\/product"}],"replies":[{"embeddable":true,"href":"https:\/\/autopdz.com\/ar\/wp-json\/wp\/v2\/comments?post=8044"}],"wp:featuredmedia":[{"embeddable":true,"href":"https:\/\/autopdz.com\/ar\/wp-json\/wp\/v2\/media\/8042"}],"wp:attachment":[{"href":"https:\/\/autopdz.com\/ar\/wp-json\/wp\/v2\/media?parent=8044"}],"wp:term":[{"taxonomy":"product_brand","embeddable":true,"href":"https:\/\/autopdz.com\/ar\/wp-json\/wp\/v2\/product_brand?post=8044"},{"taxonomy":"product_cat","embeddable":true,"href":"https:\/\/autopdz.com\/ar\/wp-json\/wp\/v2\/product_cat?post=8044"},{"taxonomy":"product_tag","embeddable":true,"href":"https:\/\/autopdz.com\/ar\/wp-json\/wp\/v2\/product_tag?post=8044"}],"curies":[{"name":"wp","href":"https:\/\/api.w.org\/{rel}","templated":true}]}}