{"id":805,"date":"2023-09-30T21:28:08","date_gmt":"2023-09-30T20:28:08","guid":{"rendered":"https:\/\/autopdz.com\/?post_type=product&#038;p=805"},"modified":"2023-09-30T21:28:08","modified_gmt":"2023-09-30T20:28:08","slug":"proloc-colle-mdf-pro-loc-50g-200ml","status":"publish","type":"product","link":"https:\/\/autopdz.com\/ar\/product\/proloc-colle-mdf-pro-loc-50g-200ml\/","title":{"rendered":"ProLoc COLLE MDF PRO LOC 50G &#8211; 200ML"},"content":{"rendered":"<article class=\"col8 -pvs\">\n<div class=\"card-b -fh\">\n<div class=\"markup -pam\">\n<ul>\n<li>Facile \u00e0 appliquer et peut coller en quelques secondes avec Mitreapel Adhesive Activator<\/li>\n<li>Collage solide et durable<\/li>\n<li>Temps de durcissement tr\u00e8s rapide (5 &#8211; 13 secondes)<\/li>\n<li>Faible consommation. Une seule goutte peut contenir des objets lourds<\/li>\n<li>Peut \u00eatre utilis\u00e9 m\u00eame sur des surfaces verticales gr\u00e2ce \u00e0 sa viscosit\u00e9 sp\u00e9ciale<\/li>\n<\/ul>\n<\/div>\n<\/div>\n<\/article>\n<article class=\"col8 -pvs\">\n<div class=\"card-b -fh\"><\/div>\n<\/article>","protected":false},"excerpt":{"rendered":"<p>Facile \u00e0 appliquer et peut coller en quelques secondes avec Mitreapel Adhesive Activator Collage solide et durable Temps de durcissement tr\u00e8s rapide (5 &#8211; 13 secondes) Faible consommation. Une seule goutte peut contenir des objets lourds Peut \u00eatre utilis\u00e9 m\u00eame sur des surfaces verticales gr\u00e2ce \u00e0 sa viscosit\u00e9 sp\u00e9ciale<\/p>","protected":false},"featured_media":806,"comment_status":"open","ping_status":"closed","template":"","meta":[],"product_brand":[],"product_cat":[15],"product_tag":[],"class_list":{"0":"post-805","1":"product","2":"type-product","3":"status-publish","4":"has-post-thumbnail","6":"product_cat-divers","8":"first","9":"instock","10":"shipping-taxable","11":"purchasable","12":"product-type-simple"},"jetpack_sharing_enabled":true,"_links":{"self":[{"href":"https:\/\/autopdz.com\/ar\/wp-json\/wp\/v2\/product\/805","targetHints":{"allow":["GET"]}}],"collection":[{"href":"https:\/\/autopdz.com\/ar\/wp-json\/wp\/v2\/product"}],"about":[{"href":"https:\/\/autopdz.com\/ar\/wp-json\/wp\/v2\/types\/product"}],"replies":[{"embeddable":true,"href":"https:\/\/autopdz.com\/ar\/wp-json\/wp\/v2\/comments?post=805"}],"wp:featuredmedia":[{"embeddable":true,"href":"https:\/\/autopdz.com\/ar\/wp-json\/wp\/v2\/media\/806"}],"wp:attachment":[{"href":"https:\/\/autopdz.com\/ar\/wp-json\/wp\/v2\/media?parent=805"}],"wp:term":[{"taxonomy":"product_brand","embeddable":true,"href":"https:\/\/autopdz.com\/ar\/wp-json\/wp\/v2\/product_brand?post=805"},{"taxonomy":"product_cat","embeddable":true,"href":"https:\/\/autopdz.com\/ar\/wp-json\/wp\/v2\/product_cat?post=805"},{"taxonomy":"product_tag","embeddable":true,"href":"https:\/\/autopdz.com\/ar\/wp-json\/wp\/v2\/product_tag?post=805"}],"curies":[{"name":"wp","href":"https:\/\/api.w.org\/{rel}","templated":true}]}}