{"id":819,"date":"2023-10-05T11:48:27","date_gmt":"2023-10-05T10:48:27","guid":{"rendered":"https:\/\/autopdz.com\/?post_type=product&#038;p=819"},"modified":"2025-01-13T17:08:00","modified_gmt":"2025-01-13T16:08:00","slug":"canne-antivol-bloque-frein-main-et-levier-de-vitesse","status":"publish","type":"product","link":"https:\/\/autopdz.com\/ar\/product\/canne-antivol-bloque-frein-main-et-levier-de-vitesse\/","title":{"rendered":"Canne Antivol-Bloque Frein Main Et Levier De Vitesse"},"content":{"rendered":"<div class=\"card aim -mtm\">\n<div class=\"markup -mhm -pvl -oxa -sc\">M\u00e9canisme de verrouillage robuste,\u00a0Prot\u00e9gez votre v\u00e9hicule avec ce puissant moyen de dissuasion physique et visuelle pour les voleurs de voitures.\u00a0Le verrou de s\u00e9curit\u00e9 anti-vol qui est relier du frein main jusqu&rsquo;au levier de vitesse qui avec cette m\u00e9thode\u00a0est impossible pour le voleur de d\u00e9placer\u00a0la voiture Aide \u00e0 pr\u00e9venir le vol de votre v\u00e9hicule car il est exceptionnellement difficile \u00e0 enlever sans la cl\u00e9.<br \/>\nMat\u00e9riel: Acier\u00a0M\u00e9canisme de verrouillage robuste,\u00a0Type de v\u00e9hicule : Voiture, V\u00e9hicule utilitaire l\u00e9gerAntivol bloque frein main et levier de vitesseCondamnation du frein main avec le levier de vitesse. tres facile pour l&rsquo;utilisation<\/div>\n<\/div>\n<section class=\"card aim -mtm -fs16\">\n<div id=\"specifications\" class=\"hook\">\n<article class=\"col8 -pvs\">\n<div class=\"card-b -fh\">\n<h2 class=\"hdr -upp -fs14 -m -pam\">PRINCIPALES CARACT\u00c9RISTIQUES<\/h2>\n<div class=\"markup -pam\">\n<ul>\n<li>Mat\u00e9riel: Acier<\/li>\n<li>M\u00e9canisme de verrouillage robuste,<\/li>\n<li>Type de v\u00e9hicule : Voiture, V\u00e9hicule utilitaire l\u00e9ger<\/li>\n<li>Antivol bloque frein main et levier de vitesse<\/li>\n<li>Condamnation du frein main et levier de vitesse<\/li>\n<\/ul>\n<\/div>\n<\/div>\n<\/article>\n<article class=\"col8 -pvs\">\n<div class=\"card-b -fh\"><\/div>\n<\/article>\n<\/div>\n<header class=\"-pvs -bb\"><\/header>\n<\/section>","protected":false},"excerpt":{"rendered":"<p>M\u00e9canisme de verrouillage robuste,\u00a0Prot\u00e9gez votre v\u00e9hicule avec ce puissant moyen de dissuasion physique et visuelle pour les voleurs de voitures.\u00a0Le verrou de s\u00e9curit\u00e9 anti-vol qui est relier du frein main jusqu&rsquo;au levier de vitesse qui avec cette m\u00e9thode\u00a0est impossible pour le voleur de d\u00e9placer\u00a0la voiture Aide \u00e0 pr\u00e9venir le vol de votre v\u00e9hicule car il [&hellip;]<\/p>","protected":false},"featured_media":822,"comment_status":"open","ping_status":"closed","template":"","meta":[],"product_brand":[],"product_cat":[24],"product_tag":[51,52],"class_list":{"0":"post-819","1":"product","2":"type-product","3":"status-publish","4":"has-post-thumbnail","6":"product_cat-accessoires-interieur","7":"product_tag-anti-vol","8":"product_tag-canne-anti-vol","10":"first","11":"instock","12":"shipping-taxable","13":"purchasable","14":"product-type-simple"},"jetpack_sharing_enabled":true,"_links":{"self":[{"href":"https:\/\/autopdz.com\/ar\/wp-json\/wp\/v2\/product\/819","targetHints":{"allow":["GET"]}}],"collection":[{"href":"https:\/\/autopdz.com\/ar\/wp-json\/wp\/v2\/product"}],"about":[{"href":"https:\/\/autopdz.com\/ar\/wp-json\/wp\/v2\/types\/product"}],"replies":[{"embeddable":true,"href":"https:\/\/autopdz.com\/ar\/wp-json\/wp\/v2\/comments?post=819"}],"wp:featuredmedia":[{"embeddable":true,"href":"https:\/\/autopdz.com\/ar\/wp-json\/wp\/v2\/media\/822"}],"wp:attachment":[{"href":"https:\/\/autopdz.com\/ar\/wp-json\/wp\/v2\/media?parent=819"}],"wp:term":[{"taxonomy":"product_brand","embeddable":true,"href":"https:\/\/autopdz.com\/ar\/wp-json\/wp\/v2\/product_brand?post=819"},{"taxonomy":"product_cat","embeddable":true,"href":"https:\/\/autopdz.com\/ar\/wp-json\/wp\/v2\/product_cat?post=819"},{"taxonomy":"product_tag","embeddable":true,"href":"https:\/\/autopdz.com\/ar\/wp-json\/wp\/v2\/product_tag?post=819"}],"curies":[{"name":"wp","href":"https:\/\/api.w.org\/{rel}","templated":true}]}}