{"id":824,"date":"2023-10-05T11:52:54","date_gmt":"2023-10-05T10:52:54","guid":{"rendered":"https:\/\/autopdz.com\/?post_type=product&#038;p=824"},"modified":"2023-10-05T11:52:54","modified_gmt":"2023-10-05T10:52:54","slug":"canne-antivol-bloque-volant-pedale-gris","status":"publish","type":"product","link":"https:\/\/autopdz.com\/ar\/product\/canne-antivol-bloque-volant-pedale-gris\/","title":{"rendered":"Canne Antivol &#8211; Bloque Volant \/ P\u00e9dale-Gris"},"content":{"rendered":"<div class=\"card aim -mtm\">\n<div class=\"markup -mhm -pvl -oxa -sc\"><b>M\u00e9canisme de verrouillage robuste<\/b>,\u00a0Prot\u00e9gez votre v\u00e9hicule avec ce puissant moyen de dissuasion physique et visuelle pour les voleurs de voitures.\u00a0Le verrou de s\u00e9curit\u00e9 anti-vol du volant de la voiture Aide \u00e0 pr\u00e9venir le vol de votre v\u00e9hicule car il est exceptionnellement difficile \u00e0 enlever sans la cl\u00e9.<\/p>\n<p>Mat\u00e9riel: Acier\u00a0M\u00e9canisme de verrouillage robuste,\u00a0Type de v\u00e9hicule : Voiture, V\u00e9hicule utilitaire l\u00e9gerAntivol bloque volant, usage pr\u00e9ventif.\u00a0Condamnation du volant + p\u00e9dale d&#8217;embrayage ou de frein.Mat\u00e9riel: Acier\u00a0M\u00e9canisme de verrouillage robuste,\u00a0Type de v\u00e9hicule : Voiture, V\u00e9hicule utilitaire l\u00e9gerAntivol bloque volant, usage pr\u00e9ventif.\u00a0Condamnation du volant + p\u00e9dale d&#8217;embrayage ou de frein.<\/p><\/div>\n<\/div>\n<section class=\"card aim -mtm -fs16\">\n<div id=\"specifications\" class=\"hook\">\n<section class=\"card aim -mtm -fs16\">\n<div class=\"row -pas\">\n<article class=\"col8 -pvs\">\n<div class=\"card-b -fh\">\n<h2 class=\"hdr -upp -fs14 -m -pam\">PRINCIPALES CARACT\u00c9RISTIQUES<\/h2>\n<div class=\"markup -pam\">\nMat\u00e9riel: Acier\u00a0M\u00e9canisme de verrouillage robuste,\u00a0Type de v\u00e9hicule : Voiture, V\u00e9hicule utilitaire l\u00e9gerAntivol bloque volant, usage pr\u00e9ventif.\u00a0Condamnation du volant + p\u00e9dale d&#8217;embrayage ou de frein.<\/div>\n<\/div>\n<\/article>\n<article class=\"col8 -pvs\">\n<div class=\"card-b -fh\">\n<h2 class=\"hdr -upp -fs14 -m -pam\">VENDU AVEC LE PRODUIT<\/h2>\n<div class=\"markup -pam\">une canne antivol<\/div>\n<\/div>\n<\/article>\n<article class=\"col8 -pvs\">\n<div class=\"card-b -fh\">\n<h2 class=\"hdr -upp -fs14 -m -pam\">DESCRIPTIF TECHNIQUE<\/h2>\n<ul class=\"-pvs -mvxs -phm -lsn\">\n<li class=\"-pvxs\"><span class=\"-b\">SKU<\/span>: BR102CA176OIONAFAMZ<\/li>\n<li class=\"-pvxs\"><span class=\"-b\">Gamme de produits<\/span>: accessoire antivol<\/li>\n<li class=\"-pvxs\"><span class=\"-b\">Mod\u00e8le<\/span>: anti vol pour voiture<\/li>\n<li class=\"-pvxs\"><span class=\"-b\">Poids (kg)<\/span>: 1<\/li>\n<li class=\"-pvxs\"><span class=\"-b\">\u0627\u0644\u0644\u0648\u0646<\/span>: gris<\/li>\n<li class=\"-pvxs\"><span class=\"-b\">Mat\u00e9riau principal<\/span>: acier<\/li>\n<\/ul>\n<\/div>\n<\/article>\n<\/div>\n<\/section>\n<div class=\"reco _res -mtm\" data-list=\"viewtogether\" data-plc=\"s\" data-page-type=\"pdp\" data-sku=\"BR102CA176OIONAFAMZ\" data-strategy=\"viewed-together\">\n<div class=\"reco-w\" data-reco-type=\"fallback\">\n<section class=\"card -oh _fw -rad4\">\n<header class=\"row _no-g -fw-nw -j-bet -i-ctr -phm -mh-48px\">\n<div class=\"cola -df -i-ctr -oh\"><\/div>\n<\/header>\n<\/section>\n<\/div>\n<\/div>\n<\/div>\n<header class=\"-pvs -bb\"><\/header>\n<\/section>","protected":false},"excerpt":{"rendered":"<p>M\u00e9canisme de verrouillage robuste,\u00a0Prot\u00e9gez votre v\u00e9hicule avec ce puissant moyen de dissuasion physique et visuelle pour les voleurs de voitures.\u00a0Le verrou de s\u00e9curit\u00e9 anti-vol du volant de la voiture Aide \u00e0 pr\u00e9venir le vol de votre v\u00e9hicule car il est exceptionnellement difficile \u00e0 enlever sans la cl\u00e9. Mat\u00e9riel: Acier\u00a0M\u00e9canisme de verrouillage robuste,\u00a0Type de v\u00e9hicule : [&hellip;]<\/p>","protected":false},"featured_media":825,"comment_status":"open","ping_status":"closed","template":"","meta":[],"product_brand":[],"product_cat":[24],"product_tag":[],"class_list":{"0":"post-824","1":"product","2":"type-product","3":"status-publish","4":"has-post-thumbnail","6":"product_cat-accessoires-interieur","8":"first","9":"instock","10":"shipping-taxable","11":"purchasable","12":"product-type-simple"},"jetpack_sharing_enabled":true,"_links":{"self":[{"href":"https:\/\/autopdz.com\/ar\/wp-json\/wp\/v2\/product\/824","targetHints":{"allow":["GET"]}}],"collection":[{"href":"https:\/\/autopdz.com\/ar\/wp-json\/wp\/v2\/product"}],"about":[{"href":"https:\/\/autopdz.com\/ar\/wp-json\/wp\/v2\/types\/product"}],"replies":[{"embeddable":true,"href":"https:\/\/autopdz.com\/ar\/wp-json\/wp\/v2\/comments?post=824"}],"wp:featuredmedia":[{"embeddable":true,"href":"https:\/\/autopdz.com\/ar\/wp-json\/wp\/v2\/media\/825"}],"wp:attachment":[{"href":"https:\/\/autopdz.com\/ar\/wp-json\/wp\/v2\/media?parent=824"}],"wp:term":[{"taxonomy":"product_brand","embeddable":true,"href":"https:\/\/autopdz.com\/ar\/wp-json\/wp\/v2\/product_brand?post=824"},{"taxonomy":"product_cat","embeddable":true,"href":"https:\/\/autopdz.com\/ar\/wp-json\/wp\/v2\/product_cat?post=824"},{"taxonomy":"product_tag","embeddable":true,"href":"https:\/\/autopdz.com\/ar\/wp-json\/wp\/v2\/product_tag?post=824"}],"curies":[{"name":"wp","href":"https:\/\/api.w.org\/{rel}","templated":true}]}}