{"id":8306,"date":"2024-12-14T10:45:12","date_gmt":"2024-12-14T09:45:12","guid":{"rendered":"https:\/\/autopdz.com\/product\/systeme-dalarme-de-voiture-a-verrouillage-centralise\/"},"modified":"2025-04-27T10:50:41","modified_gmt":"2025-04-27T09:50:41","slug":"systeme-dalarme-de-voiture-a-verrouillage-centralise","status":"publish","type":"product","link":"https:\/\/autopdz.com\/ar\/product\/systeme-dalarme-de-voiture-a-verrouillage-centralise\/","title":{"rendered":"Syst\u00e8me d&rsquo;alarme de voiture \u00e0 verrouillage centralis\u00e9"},"content":{"rendered":"<p>Performance garantie<\/p>\n<p>M\u00e9moire d&rsquo;alarme<\/p>\n<p>S\u00e9lection super \u00e0 distance<\/p>\n<p>HAUTE QUALIT\u00c9<\/p>\n<p>+ ARMER ET D\u00c9SARMER<\/p>\n<p>+ALARME SILENCIEUSE<\/p>\n<p>+ARMEMENT AUTOMATIQUE<\/p>\n<p>+ PANIQUE ET RECHERCHE DE VOITURE<\/p>\n<p>+ARRET SIRENE TEMPORAIREMENT<\/p>\n<p>+APPEL \u00c0 L&rsquo;AIDE D&rsquo;URGENCE<\/p>\n<p>+ANTI-D\u00c9TOURNEMENT (OPTION)<\/p>\n<p>+VERROUILLAGE CENTRALIS\u00c9 AUTOMATIQUE<\/p>\n<p>+ENREGISTREMENT DE VIBRATION<\/p>\n<p>+ CONSEILS POUR L&rsquo;ARMEMENT<\/p>\n<p>+ AVERTISSEMENTS EN CAS DE FERMETURE INCORRECTE DES PORTES<\/p>\n<p>+ AVERTISSEMENTS DE SITUATION ANORMALE<\/p>\n<p>+ V\u00c9RIFICATION DE LA SIR\u00c8NE EN DEUX \u00c9TAPES<\/p>\n<p>+ALARME M\u00c9MOIRE<\/p>\n<p>+APPRENTISSAGE DU CODE<\/p>\n<p>+ LIB\u00c9RATION DU COFFRE<\/p>","protected":false},"excerpt":{"rendered":"<p>Performance garantie M\u00e9moire d&rsquo;alarme S\u00e9lection super \u00e0 distance HAUTE QUALIT\u00c9 + ARMER ET D\u00c9SARMER +ALARME SILENCIEUSE +ARMEMENT AUTOMATIQUE + PANIQUE ET RECHERCHE DE VOITURE +ARRET SIRENE TEMPORAIREMENT +APPEL \u00c0 L&rsquo;AIDE D&rsquo;URGENCE +ANTI-D\u00c9TOURNEMENT (OPTION) +VERROUILLAGE CENTRALIS\u00c9 AUTOMATIQUE +ENREGISTREMENT DE VIBRATION + CONSEILS POUR L&rsquo;ARMEMENT + AVERTISSEMENTS EN CAS DE FERMETURE INCORRECTE DES PORTES + AVERTISSEMENTS DE [&hellip;]<\/p>","protected":false},"featured_media":8855,"comment_status":"open","ping_status":"closed","template":"","meta":[],"product_brand":[],"product_cat":[26],"product_tag":[],"class_list":{"0":"post-8306","1":"product","2":"type-product","3":"status-publish","4":"has-post-thumbnail","6":"product_cat-accessoires-exterieur","8":"first","9":"outofstock","10":"shipping-taxable","11":"purchasable","12":"product-type-simple"},"jetpack_sharing_enabled":true,"_links":{"self":[{"href":"https:\/\/autopdz.com\/ar\/wp-json\/wp\/v2\/product\/8306","targetHints":{"allow":["GET"]}}],"collection":[{"href":"https:\/\/autopdz.com\/ar\/wp-json\/wp\/v2\/product"}],"about":[{"href":"https:\/\/autopdz.com\/ar\/wp-json\/wp\/v2\/types\/product"}],"replies":[{"embeddable":true,"href":"https:\/\/autopdz.com\/ar\/wp-json\/wp\/v2\/comments?post=8306"}],"wp:featuredmedia":[{"embeddable":true,"href":"https:\/\/autopdz.com\/ar\/wp-json\/wp\/v2\/media\/8855"}],"wp:attachment":[{"href":"https:\/\/autopdz.com\/ar\/wp-json\/wp\/v2\/media?parent=8306"}],"wp:term":[{"taxonomy":"product_brand","embeddable":true,"href":"https:\/\/autopdz.com\/ar\/wp-json\/wp\/v2\/product_brand?post=8306"},{"taxonomy":"product_cat","embeddable":true,"href":"https:\/\/autopdz.com\/ar\/wp-json\/wp\/v2\/product_cat?post=8306"},{"taxonomy":"product_tag","embeddable":true,"href":"https:\/\/autopdz.com\/ar\/wp-json\/wp\/v2\/product_tag?post=8306"}],"curies":[{"name":"wp","href":"https:\/\/api.w.org\/{rel}","templated":true}]}}