{"id":8314,"date":"2024-12-14T10:57:42","date_gmt":"2024-12-14T09:57:42","guid":{"rendered":"https:\/\/autopdz.com\/product\/ecran-dvd-mp5-7-lcd-monitor-touchscreen\/"},"modified":"2025-06-22T14:58:50","modified_gmt":"2025-06-22T13:58:50","slug":"ecran-dvd-mp5-7-lcd-monitor-touchscreen","status":"publish","type":"product","link":"https:\/\/autopdz.com\/ar\/product\/ecran-dvd-mp5-7-lcd-monitor-touchscreen\/","title":{"rendered":"Ecran DVD Mp5  7&Prime; LCD Monitor touchscreen PER VOI"},"content":{"rendered":"<p>Profitez des audios avec USB et Bluetooth<\/p>\n<p>regardez un film de 1080 pixels en utilisant une cl\u00e9 USB et une carte SD<\/p>\n<p>Ultra Slim design avec lecteur MP5 \u00c9cran LCD 7 pouces Zone d\u2019affichage : 154,08 mm x 86,58 mm<\/p>\n<p>R\u00e9solution : 800 x 480 Syst\u00e8me vid\u00e9o : PAL\/NTSC \u00c9cran : commutateur 16:9\/4:3 \u00c9cran large, haute d\u00e9finition, couleur T\u00e9l\u00e9commande sans fil compl\u00e8te et Commandes conviviales Facile \u00e0 installer avec 2 fa\u00e7ons disponibles : debout et montage 2 entr\u00e9es vid\u00e9o RCA (V1 pour lecteur DVD\/V2 pour cam\u00e9ra de recul) et basculement automatique<br \/>\nSp\u00e9cification<\/p>\n<p>Taille de l&rsquo;\u00e9cran :<\/p>\n<p>7 pouces<\/p>\n<p>R\u00e9solution:<\/p>\n<p>800&#215;480<\/p>\n<p>Syst\u00e8me:<\/p>\n<p>NTSC\/PAL<\/p>\n<p>Source d&rsquo;alimentation :<\/p>\n<p>12V-24V<\/p>\n<p>Consommation d&rsquo;\u00e9nergie :<\/p>\n<p>&lt;9W<\/p>\n<p>Entr\u00e9e vid\u00e9o :<\/p>\n<p>Signal vid\u00e9o de composition<\/p>\n<p>Temp\u00e9rature de fonctionnement :<\/p>\n<p>0\u00b0C~60\u00b0C<\/p>\n<p>Temp\u00e9rature de stockage :<\/p>\n<p>-20\u00b0C-80\u00b0C<\/p>\n<p>CAM\u00c9RA ARRI\u00c8RE NON INCLU<\/p>","protected":false},"excerpt":{"rendered":"<p>Profitez des audios avec USB et Bluetooth regardez un film de 1080 pixels en utilisant une cl\u00e9 USB et une carte SD Ultra Slim design avec lecteur MP5 \u00c9cran LCD 7 pouces Zone d\u2019affichage : 154,08 mm x 86,58 mm R\u00e9solution : 800 x 480 Syst\u00e8me vid\u00e9o : PAL\/NTSC \u00c9cran : commutateur 16:9\/4:3 \u00c9cran large, [&hellip;]<\/p>","protected":false},"featured_media":9408,"comment_status":"open","ping_status":"closed","template":"","meta":[],"product_brand":[],"product_cat":[24],"product_tag":[],"class_list":{"0":"post-8314","1":"product","2":"type-product","3":"status-publish","4":"has-post-thumbnail","6":"product_cat-accessoires-interieur","8":"first","9":"outofstock","10":"shipping-taxable","11":"purchasable","12":"product-type-simple"},"jetpack_sharing_enabled":true,"_links":{"self":[{"href":"https:\/\/autopdz.com\/ar\/wp-json\/wp\/v2\/product\/8314","targetHints":{"allow":["GET"]}}],"collection":[{"href":"https:\/\/autopdz.com\/ar\/wp-json\/wp\/v2\/product"}],"about":[{"href":"https:\/\/autopdz.com\/ar\/wp-json\/wp\/v2\/types\/product"}],"replies":[{"embeddable":true,"href":"https:\/\/autopdz.com\/ar\/wp-json\/wp\/v2\/comments?post=8314"}],"wp:featuredmedia":[{"embeddable":true,"href":"https:\/\/autopdz.com\/ar\/wp-json\/wp\/v2\/media\/9408"}],"wp:attachment":[{"href":"https:\/\/autopdz.com\/ar\/wp-json\/wp\/v2\/media?parent=8314"}],"wp:term":[{"taxonomy":"product_brand","embeddable":true,"href":"https:\/\/autopdz.com\/ar\/wp-json\/wp\/v2\/product_brand?post=8314"},{"taxonomy":"product_cat","embeddable":true,"href":"https:\/\/autopdz.com\/ar\/wp-json\/wp\/v2\/product_cat?post=8314"},{"taxonomy":"product_tag","embeddable":true,"href":"https:\/\/autopdz.com\/ar\/wp-json\/wp\/v2\/product_tag?post=8314"}],"curies":[{"name":"wp","href":"https:\/\/api.w.org\/{rel}","templated":true}]}}