{"id":833,"date":"2023-10-05T13:32:26","date_gmt":"2023-10-05T12:32:26","guid":{"rendered":"https:\/\/autopdz.com\/?post_type=product&#038;p=833"},"modified":"2023-10-05T13:33:00","modified_gmt":"2023-10-05T12:33:00","slug":"bache-voiture","status":"publish","type":"product","link":"https:\/\/autopdz.com\/ar\/product\/bache-voiture\/","title":{"rendered":"B\u00e2che voiture"},"content":{"rendered":"<p><span style=\"color: #000000;\"><strong data-spm-anchor-id=\"a2g0o.detail.1000023.i0.3836CK9zCK9zq5\">Caract\u00e9ristiques:<\/strong><\/span><br \/>\n<span style=\"color: #000000;\">Il est compos\u00e9 de mat\u00e9riaux de haute qualit\u00e9, durables \u00e0 utiliser.<\/span><br \/>\n<span style=\"color: #000000;\">Sa surface peut efficacement bloquer l&rsquo;irradiation des rayons ultraviolets du soleil, ayant un certain degr\u00e9 de protection.<\/span><br \/>\n<span style=\"color: #000000;\">Il emp\u00eache efficacement la poussi\u00e8re dans la voiture, gardant la voiture \u00e0 l&rsquo;int\u00e9rieur et \u00e0 l&rsquo;ext\u00e9rieur propre et rang\u00e9e.<\/span><br \/>\n<span style=\"color: #000000;\">Il peut prot\u00e9ger la surface de la voiture contre les rayures.<\/span><br \/>\n<span style=\"color: #000000;\">Facile \u00e0 laver et \u00e0 ramasser.<\/span><\/p>\n<p><span style=\"color: #000000;\"><strong>Sp\u00e9cifications:<\/strong><\/span><br \/>\n<span style=\"color: #000000;\">Type d&rsquo;article: Housses de voiture<\/span><br \/>\n<span style=\"color: #000000;\">Type de mat\u00e9riau: Dacron<\/span><br \/>\n<span style=\"color: #000000;\">Couleur: Argent Gris<\/span><br \/>\n<span style=\"color: #000000;\">Type de voiture compatible: pour berline<\/span><br \/>\n<span style=\"color: #000000;\">Caract\u00e9ristiques sp\u00e9ciales: Protection solaire, Anti-poussi\u00e8re Anti-UV, Protection contre la chaleur, R\u00e9sistant aux rayures<\/span><br \/>\n<span style=\"color: #000000;\">Taille: XXL<\/span><br \/>\n<span style=\"color: #000000;\">D\u00e9plier la taille: 5.3*2.0*1.5m \/ 17.4*6.6 * 4.9ft<\/span><br \/>\n<span style=\"color: #000000;\">Taille du paquet: 31*29*5.0cm \/ 12.2*11.4*2.0in<\/span><br \/>\n<span style=\"color: #000000;\">Poids du colis: 800g \/ 1.8lb<\/span><\/p>\n<p><span style=\"color: #000000;\"><strong>Liste des paquets:<\/strong><\/span><br \/>\n<span style=\"color: #000000;\">1 * Couverture<\/span><br \/>\n<span style=\"color: #000000;\">1 * Sac de rangement<\/span><\/p>\n<p><span style=\"color: #000000;\"><strong>Taille et mod\u00e8les compatibles:<\/strong><\/span><\/p>\n<div><span style=\"color: #000000;\"><strong>S: 4.15*1.7*1.5m<\/strong><\/span><br \/>\n<span style=\"color: #000000;\">Remplacement pour Ford Fiesta<\/span><br \/>\n<span style=\"color: #000000;\">Remplacement pour Suzuki Null<\/span><br \/>\n<span style=\"color: #000000;\">Remplacement pour Buick Sail<\/span><br \/>\n<span style=\"color: #000000;\">Remplacement pour Fiat Perla<\/span><span style=\"color: #000000;\"><strong>M: 4.5*1.75*1.5m<\/strong><\/span><br \/>\n<span style=\"color: #000000;\">Remplacement pour Peugeot 207 Sedan,301<\/span><br \/>\n<span style=\"color: #000000;\">Remplacement pour Honda Fit, Sidi, Frontier,INAIGHT<\/span><br \/>\n<span style=\"color: #000000;\">Remplacement pour Volkswagen POLO Sedan,BeetleFIAT perla, FIAT Siena<\/span><br \/>\n<span style=\"color: #000000;\">Remplacement pour TOYOTA VIOS,YARIS L<\/span><br \/>\n<span style=\"color: #000000;\">Remplacement pour Ford Fiesta berline<\/span><br \/>\n<span style=\"color: #000000;\">Remplacement pour SUZUKI Liana Sedan<\/span><br \/>\n<span style=\"color: #000000;\">Remplacement pour Chevrolet aveo Sedan<\/span><br \/>\n<span style=\"color: #000000;\">Pour Dodge Coolbo<\/span><br \/>\n<span style=\"color: #000000;\">Pour VW Jetta, Bora<\/span><br \/>\n<span style=\"color: #000000;\">Pour Buick Excelle<\/span><br \/>\n<span style=\"color: #000000;\">Pour Mazda 2<\/span><span style=\"color: #000000;\"><strong>L: 4.7*1.8*1.5m<\/strong><\/span><br \/>\n<span style=\"color: #000000;\">Remplacement pour Audi A3 Berline<\/span><br \/>\n<span style=\"color: #000000;\">Remplacement pour Audi A4, Audi s3, Audi rs3<\/span><br \/>\n<span style=\"color: #000000;\">Remplacement pour BMW S\u00e9rie 1 2 SeriessedanCorolla EX<\/span><br \/>\n<span style=\"color: #000000;\">Remplacement pour Benz Classe A berline<\/span><br \/>\n<span style=\"color: #000000;\">Remplacement pour Honda GREIZ,CIVIC<\/span><br \/>\n<span style=\"color: #000000;\">Remplacement pour Peugeot 307<\/span><br \/>\n<span style=\"color: #000000;\">Remplacement pour Volvo S40<\/span><br \/>\n<span style=\"color: #000000;\">Remplacement pour Mazda 3<\/span><br \/>\n<span style=\"color: #000000;\">Remplacement pour Audi A4<\/span><\/p>\n<p><span style=\"color: #000000;\">XL: 4.9*1.8*1.5m<\/span><br \/>\n<span style=\"color: #000000;\">Remplacement pour Volkswagen Magotan, Passat<\/span><br \/>\n<span style=\"color: #000000;\">Remplacement pour Toyota Camry, Crown, Reiz<\/span><br \/>\n<span style=\"color: #000000;\">Remplacement pour Hyundai Sonata, Respect<\/span><br \/>\n<span style=\"color: #000000;\">Remplacement pour Mercedes-Benz Classe E<\/span><br \/>\n<span style=\"color: #000000;\">Remplacement pour Citroen Triumph<\/span><br \/>\n<span style=\"color: #000000;\">Remplacement pour Chevrolet Epica<\/span><br \/>\n<span style=\"color: #000000;\">Remplacement pour Ford Mondeo<\/span><br \/>\n<span style=\"color: #000000;\">Remplacement pour BMW S\u00e9rie 5<\/span><br \/>\n<span style=\"color: #000000;\">Remplacement pour Audi A4L<\/span><br \/>\n<span style=\"color: #000000;\">Remplacement pour Lexus ES<\/span><br \/>\n<span style=\"color: #000000;\">Remplacement pour Kia Optima<\/span><br \/>\n<span style=\"color: #000000;\">Remplacement pour Mazda 6<\/span><\/p>\n<p><span style=\"color: #000000;\"><strong>XXL: 5.1*1.9*1.5m<\/strong><br \/>\nRemplacement pour Audi A6 A6L A7 S7 RS7<br \/>\nRemplacement pour BrabuS-CLASS<br \/>\nRemplacement pour BMW S\u00e9rie 3 GT, S\u00e9rie 5, S\u00e9rie 6, S\u00e9rie 7<br \/>\nRemplacement pour Benz Classe E, Benz Classe CLS, Benz Classe E, Remplacement pour Honda Accord<br \/>\nRemplacement pour Volkswagen<br \/>\nRemplacement pour Audi A6L<br \/>\nRemplacement pour Lexus LS<br \/>\nRemplacement pour Audi A8<\/span><\/p>\n<\/div>\n<div><img fetchpriority=\"high\" decoding=\"async\" class=\"alignnone size-medium wp-image-843\" src=\"https:\/\/autopdz.com\/wp-content\/uploads\/2023\/10\/Capture-decran-2023-10-05-124217-467x400.png\" alt=\"\" width=\"467\" height=\"400\" srcset=\"https:\/\/autopdz.com\/wp-content\/uploads\/2023\/10\/Capture-decran-2023-10-05-124217-467x400.png 467w, https:\/\/autopdz.com\/wp-content\/uploads\/2023\/10\/Capture-decran-2023-10-05-124217-510x437.png 510w, https:\/\/autopdz.com\/wp-content\/uploads\/2023\/10\/Capture-decran-2023-10-05-124217.png 532w\" sizes=\"(max-width: 467px) 100vw, 467px\" \/><\/div>","protected":false},"excerpt":{"rendered":"<p>Caract\u00e9ristiques: Il est compos\u00e9 de mat\u00e9riaux de haute qualit\u00e9, durables \u00e0 utiliser. Sa surface peut efficacement bloquer l&rsquo;irradiation des rayons ultraviolets du soleil, ayant un certain degr\u00e9 de protection. Il emp\u00eache efficacement la poussi\u00e8re dans la voiture, gardant la voiture \u00e0 l&rsquo;int\u00e9rieur et \u00e0 l&rsquo;ext\u00e9rieur propre et rang\u00e9e. Il peut prot\u00e9ger la surface de la [&hellip;]<\/p>","protected":false},"featured_media":841,"comment_status":"open","ping_status":"closed","template":"","meta":[],"product_brand":[],"product_cat":[15],"product_tag":[54,53],"class_list":{"0":"post-833","1":"product","2":"type-product","3":"status-publish","4":"has-post-thumbnail","6":"product_cat-divers","7":"product_tag-bache-voiture","8":"product_tag-car-cover","10":"first","11":"instock","12":"shipping-taxable","13":"purchasable","14":"product-type-variable"},"jetpack_sharing_enabled":true,"_links":{"self":[{"href":"https:\/\/autopdz.com\/ar\/wp-json\/wp\/v2\/product\/833","targetHints":{"allow":["GET"]}}],"collection":[{"href":"https:\/\/autopdz.com\/ar\/wp-json\/wp\/v2\/product"}],"about":[{"href":"https:\/\/autopdz.com\/ar\/wp-json\/wp\/v2\/types\/product"}],"replies":[{"embeddable":true,"href":"https:\/\/autopdz.com\/ar\/wp-json\/wp\/v2\/comments?post=833"}],"wp:featuredmedia":[{"embeddable":true,"href":"https:\/\/autopdz.com\/ar\/wp-json\/wp\/v2\/media\/841"}],"wp:attachment":[{"href":"https:\/\/autopdz.com\/ar\/wp-json\/wp\/v2\/media?parent=833"}],"wp:term":[{"taxonomy":"product_brand","embeddable":true,"href":"https:\/\/autopdz.com\/ar\/wp-json\/wp\/v2\/product_brand?post=833"},{"taxonomy":"product_cat","embeddable":true,"href":"https:\/\/autopdz.com\/ar\/wp-json\/wp\/v2\/product_cat?post=833"},{"taxonomy":"product_tag","embeddable":true,"href":"https:\/\/autopdz.com\/ar\/wp-json\/wp\/v2\/product_tag?post=833"}],"curies":[{"name":"wp","href":"https:\/\/api.w.org\/{rel}","templated":true}]}}