{"id":857,"date":"2023-10-05T21:10:08","date_gmt":"2023-10-05T20:10:08","guid":{"rendered":"https:\/\/autopdz.com\/?post_type=product&#038;p=857"},"modified":"2024-11-23T13:42:15","modified_gmt":"2024-11-23T12:42:15","slug":"desodorisant-diffuseur-pour-voiture-accroche-retro","status":"publish","type":"product","link":"https:\/\/autopdz.com\/ar\/product\/desodorisant-diffuseur-pour-voiture-accroche-retro\/","title":{"rendered":"D\u00e9sodorisant Diffuseur pour Voiture Accroche R\u00e9tro"},"content":{"rendered":"<p><span style=\"color: #000000;\">Ce d\u00e9sodorisant diffuseur se place sur le r\u00e9troviseur du v\u00e9hicule, \u00e0 l&rsquo;aide d&rsquo;un cordon \u00e9lastiqu\u00e9 fourni, afin d&rsquo;\u00e9liminer les odeurs avec efficacit\u00e9. Marque : Little Bottle Dur\u00e9e : environ 45 jours.<\/span><\/p>\n<div id=\"descContent\" class=\"o-block__content o-block__content--white u-mb-xl\">\n<div class=\"fpBlk testSep\" data-cs-override-id=\"Descriptif\">\n<table class=\"table table--fpDescTb fpDescTb fpDescTbPub\" role=\"table\" aria-label=\"Semantic Elements\" aria-describedby=\"semantic_elements_table_desc\" aria-rowcount=\"81\">\n<tbody class=\"table__body\" role=\"rowgroup\">\n<tr class=\"table__row\" role=\"row\">\n<th class=\"table__cell\" role=\"cell\" scope=\"row\">Marque<\/th>\n<td class=\"table__cell\" role=\"cell\">LD<\/td>\n<\/tr>\n<tr class=\"table__row\" role=\"row\">\n<th class=\"table__cell\" role=\"cell\" scope=\"row\">Nom du produit<\/th>\n<td class=\"table__cell\" role=\"cell\">D\u00e9sodorisant Diffuseur pour Voiture Accroche R\u00e9tro<\/td>\n<\/tr>\n<tr class=\"table__row\" role=\"row\">\n<th class=\"table__cell\" role=\"cell\" scope=\"row\">Cat\u00e9gorie<\/th>\n<td class=\"table__cell\" role=\"cell\">D\u00c9SODORISANT AUTO<\/td>\n<\/tr>\n<\/tbody>\n<\/table>\n<\/div>\n<\/div>\n<div class=\"o-block\">\n<div class=\"o-block__header\"><\/div>\n<div class=\"o-block__content\"><\/div>\n<\/div>\n<div id=\"rating\" class=\"anchor\"><\/div>\n<div id=\"fpFAQRatings\" class=\"noRating noQuestion\"><\/div>","protected":false},"excerpt":{"rendered":"<p>Ce d\u00e9sodorisant diffuseur se place sur le r\u00e9troviseur du v\u00e9hicule, \u00e0 l&rsquo;aide d&rsquo;un cordon \u00e9lastiqu\u00e9 fourni, afin d&rsquo;\u00e9liminer les odeurs avec efficacit\u00e9. Marque : Little Bottle Dur\u00e9e : environ 45 jours. Marque LD Nom du produit D\u00e9sodorisant Diffuseur pour Voiture Accroche R\u00e9tro Cat\u00e9gorie D\u00c9SODORISANT AUTO<\/p>","protected":false},"featured_media":868,"comment_status":"open","ping_status":"closed","template":"","meta":[],"product_brand":[],"product_cat":[15],"product_tag":[],"class_list":{"0":"post-857","1":"product","2":"type-product","3":"status-publish","4":"has-post-thumbnail","6":"product_cat-divers","8":"first","9":"outofstock","10":"shipping-taxable","11":"purchasable","12":"product-type-variable"},"jetpack_sharing_enabled":true,"_links":{"self":[{"href":"https:\/\/autopdz.com\/ar\/wp-json\/wp\/v2\/product\/857","targetHints":{"allow":["GET"]}}],"collection":[{"href":"https:\/\/autopdz.com\/ar\/wp-json\/wp\/v2\/product"}],"about":[{"href":"https:\/\/autopdz.com\/ar\/wp-json\/wp\/v2\/types\/product"}],"replies":[{"embeddable":true,"href":"https:\/\/autopdz.com\/ar\/wp-json\/wp\/v2\/comments?post=857"}],"wp:featuredmedia":[{"embeddable":true,"href":"https:\/\/autopdz.com\/ar\/wp-json\/wp\/v2\/media\/868"}],"wp:attachment":[{"href":"https:\/\/autopdz.com\/ar\/wp-json\/wp\/v2\/media?parent=857"}],"wp:term":[{"taxonomy":"product_brand","embeddable":true,"href":"https:\/\/autopdz.com\/ar\/wp-json\/wp\/v2\/product_brand?post=857"},{"taxonomy":"product_cat","embeddable":true,"href":"https:\/\/autopdz.com\/ar\/wp-json\/wp\/v2\/product_cat?post=857"},{"taxonomy":"product_tag","embeddable":true,"href":"https:\/\/autopdz.com\/ar\/wp-json\/wp\/v2\/product_tag?post=857"}],"curies":[{"name":"wp","href":"https:\/\/api.w.org\/{rel}","templated":true}]}}