{"id":8694,"date":"2024-12-22T13:53:17","date_gmt":"2024-12-22T12:53:17","guid":{"rendered":"https:\/\/autopdz.com\/product\/regulateur-de-tension-de-generateur-alternateur-pour-differents-modeles-de-voitures\/"},"modified":"2024-12-22T13:53:17","modified_gmt":"2024-12-22T12:53:17","slug":"regulateur-de-tension-de-generateur-alternateur-pour-differents-modeles-de-voitures","status":"publish","type":"product","link":"https:\/\/autopdz.com\/ar\/product\/regulateur-de-tension-de-generateur-alternateur-pour-differents-modeles-de-voitures\/","title":{"rendered":"R\u00e9gulateur de tension de g\u00e9n\u00e9rateur alternateur pour diff\u00e9rents mod\u00e8les de voitures"},"content":{"rendered":"<p>Article neuf de qualit\u00e9 sup\u00e9rieure, coupe optimale<br \/>\nTension de fonctionnement : 14,1 V Limitation<\/p>\n<p>Tension nominale : 12 V<br \/>\nNum\u00e9ros de comparaison OEM : 0003894469, 0003899291, 028903803A, 043903803G, 049903803B, 049903803C, 049903803E, 049903803F, 052903803F, 052903803F, 052903803F, 803F. 803, 00.53903803, 059903803B, 059903803C,063903803, 070903803A, 289038031, 3259038031, 409038033, 12311268073, 12311268073, 12311268073, 123903807331126 8073, 12268073, 12268073, 122680731126 8387, 12311286073, 12311356063, 12311459286, 12311710732, 44747559286 5, 992 7829, 9934791, 9936532, 9940343, 999943, 9999940343, 9999940343, 99999350085. , 1447502, 1477502, 5011366 4, 501 2444, 5013273, 6036646, 6057627, 71BB10316AA, 74GB10316AA,<br \/>\n78GB10300AA, 78GB10316AA, 81DB10316AA, A830X10316FA, A840X10316CA, 0021540606, 0021541806, 0021542506, 002154322 506, 00215432506. 06, 00. 21545806, A0021540606, A0021541806, A0021542506, A0021543206, A0021545806, 1204244, 1204246, 1204252, 244, 120 4252, 244. 4332, 90009353, 90017589, 90018777, 94626061, 8123625, 4474755, 7074261, 7075469, 9927829, 9934791, 99365333 2, 994 494. 0343, 1301670<\/p>","protected":false},"excerpt":{"rendered":"<p>Article neuf de qualit\u00e9 sup\u00e9rieure, coupe optimale Tension de fonctionnement : 14,1 V Limitation Tension nominale : 12 V Num\u00e9ros de comparaison OEM : 0003894469, 0003899291, 028903803A, 043903803G, 049903803B, 049903803C, 049903803E, 049903803F, 052903803F, 052903803F, 052903803F, 803F. 803, 00.53903803, 059903803B, 059903803C,063903803, 070903803A, 289038031, 3259038031, 409038033, 12311268073, 12311268073, 12311268073, 123903807331126 8073, 12268073, 12268073, 122680731126 8387, 12311286073, 12311356063, [&hellip;]<\/p>","protected":false},"featured_media":8692,"comment_status":"open","ping_status":"closed","template":"","meta":[],"product_brand":[],"product_cat":[15],"product_tag":[],"class_list":{"0":"post-8694","1":"product","2":"type-product","3":"status-publish","4":"has-post-thumbnail","6":"product_cat-divers","8":"first","9":"instock","10":"shipping-taxable","11":"purchasable","12":"product-type-simple"},"jetpack_sharing_enabled":true,"_links":{"self":[{"href":"https:\/\/autopdz.com\/ar\/wp-json\/wp\/v2\/product\/8694","targetHints":{"allow":["GET"]}}],"collection":[{"href":"https:\/\/autopdz.com\/ar\/wp-json\/wp\/v2\/product"}],"about":[{"href":"https:\/\/autopdz.com\/ar\/wp-json\/wp\/v2\/types\/product"}],"replies":[{"embeddable":true,"href":"https:\/\/autopdz.com\/ar\/wp-json\/wp\/v2\/comments?post=8694"}],"wp:featuredmedia":[{"embeddable":true,"href":"https:\/\/autopdz.com\/ar\/wp-json\/wp\/v2\/media\/8692"}],"wp:attachment":[{"href":"https:\/\/autopdz.com\/ar\/wp-json\/wp\/v2\/media?parent=8694"}],"wp:term":[{"taxonomy":"product_brand","embeddable":true,"href":"https:\/\/autopdz.com\/ar\/wp-json\/wp\/v2\/product_brand?post=8694"},{"taxonomy":"product_cat","embeddable":true,"href":"https:\/\/autopdz.com\/ar\/wp-json\/wp\/v2\/product_cat?post=8694"},{"taxonomy":"product_tag","embeddable":true,"href":"https:\/\/autopdz.com\/ar\/wp-json\/wp\/v2\/product_tag?post=8694"}],"curies":[{"name":"wp","href":"https:\/\/api.w.org\/{rel}","templated":true}]}}