{"id":8713,"date":"2024-12-22T14:18:09","date_gmt":"2024-12-22T13:18:09","guid":{"rendered":"https:\/\/autopdz.com\/?post_type=product&#038;p=8713"},"modified":"2024-12-22T14:21:52","modified_gmt":"2024-12-22T13:21:52","slug":"crochet-de-remorquage-de-voiture-pour-universel","status":"publish","type":"product","link":"https:\/\/autopdz.com\/ar\/product\/crochet-de-remorquage-de-voiture-pour-universel\/","title":{"rendered":"Crochet de remorquage de voiture pour Universel"},"content":{"rendered":"<p>Mat\u00e9riau : Alliage d&rsquo;aluminium et fer. Type d&rsquo;article : Dimensions de l&rsquo;anneau de remorquage : environ 11,1 x 5 cm (L x l int\u00e9rieure). Longueur de la vis : 9,5 cm. Diam\u00e8tre de la vis : 1,6 cm<\/p>\n<p>Crochet de remorquage universel pour voiture de course<br \/>\nCompatibilit\u00e9 :<br \/>\n3,8 cm de long x 1,5 cm de large pour le filetage. Pour la plupart des voitures europ\u00e9ennes, en particulier pour BMW. Veuillez v\u00e9rifier la taille avant d&rsquo;acheter.<\/p>\n<p>Facile \u00e0 installer<br \/>\nInstallation super facile et rapide, il suffit de visser directement le crochet de course<\/p>\n<p>Design pli\u00e9<br \/>\nFonction pliable sp\u00e9ciale pour une utilisation pratique et accentuer le style sportif de votre v\u00e9hicule<\/p>","protected":false},"excerpt":{"rendered":"<p>Mat\u00e9riau : Alliage d&rsquo;aluminium et fer. Type d&rsquo;article : Dimensions de l&rsquo;anneau de remorquage : environ 11,1 x 5 cm (L x l int\u00e9rieure). Longueur de la vis : 9,5 cm. Diam\u00e8tre de la vis : 1,6 cm Crochet de remorquage universel pour voiture de course Compatibilit\u00e9 : 3,8 cm de long x 1,5 cm [&hellip;]<\/p>","protected":false},"featured_media":8712,"comment_status":"open","ping_status":"closed","template":"","meta":[],"product_brand":[],"product_cat":[26],"product_tag":[],"class_list":{"0":"post-8713","1":"product","2":"type-product","3":"status-publish","4":"has-post-thumbnail","6":"product_cat-accessoires-exterieur","8":"first","9":"instock","10":"shipping-taxable","11":"purchasable","12":"product-type-variable"},"jetpack_sharing_enabled":true,"_links":{"self":[{"href":"https:\/\/autopdz.com\/ar\/wp-json\/wp\/v2\/product\/8713","targetHints":{"allow":["GET"]}}],"collection":[{"href":"https:\/\/autopdz.com\/ar\/wp-json\/wp\/v2\/product"}],"about":[{"href":"https:\/\/autopdz.com\/ar\/wp-json\/wp\/v2\/types\/product"}],"replies":[{"embeddable":true,"href":"https:\/\/autopdz.com\/ar\/wp-json\/wp\/v2\/comments?post=8713"}],"wp:featuredmedia":[{"embeddable":true,"href":"https:\/\/autopdz.com\/ar\/wp-json\/wp\/v2\/media\/8712"}],"wp:attachment":[{"href":"https:\/\/autopdz.com\/ar\/wp-json\/wp\/v2\/media?parent=8713"}],"wp:term":[{"taxonomy":"product_brand","embeddable":true,"href":"https:\/\/autopdz.com\/ar\/wp-json\/wp\/v2\/product_brand?post=8713"},{"taxonomy":"product_cat","embeddable":true,"href":"https:\/\/autopdz.com\/ar\/wp-json\/wp\/v2\/product_cat?post=8713"},{"taxonomy":"product_tag","embeddable":true,"href":"https:\/\/autopdz.com\/ar\/wp-json\/wp\/v2\/product_tag?post=8713"}],"curies":[{"name":"wp","href":"https:\/\/api.w.org\/{rel}","templated":true}]}}