{"id":8825,"date":"2024-12-23T12:35:03","date_gmt":"2024-12-23T11:35:03","guid":{"rendered":"https:\/\/autopdz.com\/product\/diffuseur-de-desodorisant-de-voiture-en-forme-helico\/"},"modified":"2025-06-20T19:22:52","modified_gmt":"2025-06-20T18:22:52","slug":"diffuseur-de-desodorisant-de-voiture-en-forme-helico","status":"publish","type":"product","link":"https:\/\/autopdz.com\/ar\/product\/diffuseur-de-desodorisant-de-voiture-en-forme-helico\/","title":{"rendered":"Diffuseur de d\u00e9sodorisant de Voiture en forme helico"},"content":{"rendered":"<p>\u3010Parfum de voiture\u3011 : le d\u00e9sodorisant de voiture peut aider \u00e0 assurer une circulation d&rsquo;air confortable et \u00e0 masquer efficacement les odeurs particuli\u00e8res, vous apportant un parfum frais.<br \/>\n\u3010Mat\u00e9riau robuste\u3011 : le diffuseur de voiture est fabriqu\u00e9 en mat\u00e9riau PP, robuste et difficile \u00e0 casser, et longue dur\u00e9e d&rsquo;utilisation. Taille compacte, ne prendra pas trop de place.<br \/>\n\u3010D\u00e9coration de voiture\u3011 : d\u00e9sodorisant de sortie d&rsquo;air de voiture de dessin anim\u00e9 mignon, forme d&rsquo;ours cr\u00e9ative, h\u00e9lice rotative, finition, c&rsquo;est une d\u00e9coration attrayante pour l&rsquo;espace int\u00e9rieur de votre voiture.<br \/>\n\u3010Applications larges\u3011 : l&rsquo;ornement de grille d&rsquo;a\u00e9ration avec conception \u00e0 clip convient \u00e0 la plupart des sorties de climatiseur de voiture, facile \u00e0 installer, rapide et pratique.<br \/>\n\u3010Beau cadeau\u3011 : le parfum pour grille d&rsquo;a\u00e9ration de voiture est un choix de cadeau pour la famille et les amis.<\/p>","protected":false},"excerpt":{"rendered":"<p>\u3010Parfum de voiture\u3011 : le d\u00e9sodorisant de voiture peut aider \u00e0 assurer une circulation d&rsquo;air confortable et \u00e0 masquer efficacement les odeurs particuli\u00e8res, vous apportant un parfum frais. \u3010Mat\u00e9riau robuste\u3011 : le diffuseur de voiture est fabriqu\u00e9 en mat\u00e9riau PP, robuste et difficile \u00e0 casser, et longue dur\u00e9e d&rsquo;utilisation. Taille compacte, ne prendra pas trop [&hellip;]<\/p>","protected":false},"featured_media":8823,"comment_status":"open","ping_status":"closed","template":"","meta":[],"product_brand":[],"product_cat":[24],"product_tag":[],"class_list":{"0":"post-8825","1":"product","2":"type-product","3":"status-publish","4":"has-post-thumbnail","6":"product_cat-accessoires-interieur","8":"first","9":"instock","10":"shipping-taxable","11":"purchasable","12":"product-type-simple"},"jetpack_sharing_enabled":true,"_links":{"self":[{"href":"https:\/\/autopdz.com\/ar\/wp-json\/wp\/v2\/product\/8825","targetHints":{"allow":["GET"]}}],"collection":[{"href":"https:\/\/autopdz.com\/ar\/wp-json\/wp\/v2\/product"}],"about":[{"href":"https:\/\/autopdz.com\/ar\/wp-json\/wp\/v2\/types\/product"}],"replies":[{"embeddable":true,"href":"https:\/\/autopdz.com\/ar\/wp-json\/wp\/v2\/comments?post=8825"}],"wp:featuredmedia":[{"embeddable":true,"href":"https:\/\/autopdz.com\/ar\/wp-json\/wp\/v2\/media\/8823"}],"wp:attachment":[{"href":"https:\/\/autopdz.com\/ar\/wp-json\/wp\/v2\/media?parent=8825"}],"wp:term":[{"taxonomy":"product_brand","embeddable":true,"href":"https:\/\/autopdz.com\/ar\/wp-json\/wp\/v2\/product_brand?post=8825"},{"taxonomy":"product_cat","embeddable":true,"href":"https:\/\/autopdz.com\/ar\/wp-json\/wp\/v2\/product_cat?post=8825"},{"taxonomy":"product_tag","embeddable":true,"href":"https:\/\/autopdz.com\/ar\/wp-json\/wp\/v2\/product_tag?post=8825"}],"curies":[{"name":"wp","href":"https:\/\/api.w.org\/{rel}","templated":true}]}}