{"id":8851,"date":"2024-12-23T15:09:41","date_gmt":"2024-12-23T14:09:41","guid":{"rendered":"https:\/\/autopdz.com\/product\/support-telephone-voiture-2en1-master\/"},"modified":"2024-12-23T15:14:00","modified_gmt":"2024-12-23T14:14:00","slug":"support-telephone-voiture-2en1-master","status":"publish","type":"product","link":"https:\/\/autopdz.com\/ar\/product\/support-telephone-voiture-2en1-master\/","title":{"rendered":"Support T\u00e9l\u00e9phone Voiture 2en1 MASTER"},"content":{"rendered":"<p>L&rsquo;angle est librement r\u00e9glable<\/p>\n<p>Rotation \u00e0 360\u00b0<\/p>\n<p>Longueur du bras 80-130 mm<\/p>","protected":false},"excerpt":{"rendered":"<p>L&rsquo;angle est librement r\u00e9glable Rotation \u00e0 360\u00b0 Longueur du bras 80-130 mm<\/p>","protected":false},"featured_media":8850,"comment_status":"open","ping_status":"closed","template":"","meta":[],"product_brand":[],"product_cat":[38],"product_tag":[],"class_list":{"0":"post-8851","1":"product","2":"type-product","3":"status-publish","4":"has-post-thumbnail","6":"product_cat-support-telephone","8":"first","9":"instock","10":"shipping-taxable","11":"purchasable","12":"product-type-simple"},"jetpack_sharing_enabled":true,"_links":{"self":[{"href":"https:\/\/autopdz.com\/ar\/wp-json\/wp\/v2\/product\/8851","targetHints":{"allow":["GET"]}}],"collection":[{"href":"https:\/\/autopdz.com\/ar\/wp-json\/wp\/v2\/product"}],"about":[{"href":"https:\/\/autopdz.com\/ar\/wp-json\/wp\/v2\/types\/product"}],"replies":[{"embeddable":true,"href":"https:\/\/autopdz.com\/ar\/wp-json\/wp\/v2\/comments?post=8851"}],"wp:featuredmedia":[{"embeddable":true,"href":"https:\/\/autopdz.com\/ar\/wp-json\/wp\/v2\/media\/8850"}],"wp:attachment":[{"href":"https:\/\/autopdz.com\/ar\/wp-json\/wp\/v2\/media?parent=8851"}],"wp:term":[{"taxonomy":"product_brand","embeddable":true,"href":"https:\/\/autopdz.com\/ar\/wp-json\/wp\/v2\/product_brand?post=8851"},{"taxonomy":"product_cat","embeddable":true,"href":"https:\/\/autopdz.com\/ar\/wp-json\/wp\/v2\/product_cat?post=8851"},{"taxonomy":"product_tag","embeddable":true,"href":"https:\/\/autopdz.com\/ar\/wp-json\/wp\/v2\/product_tag?post=8851"}],"curies":[{"name":"wp","href":"https:\/\/api.w.org\/{rel}","templated":true}]}}