{"id":900,"date":"2023-10-10T21:14:42","date_gmt":"2023-10-10T20:14:42","guid":{"rendered":"https:\/\/autopdz.com\/?post_type=product&#038;p=900"},"modified":"2026-01-29T12:35:12","modified_gmt":"2026-01-29T11:35:12","slug":"compresseur-dair-portable-rechargeable","status":"publish","type":"product","link":"https:\/\/autopdz.com\/ar\/product\/compresseur-dair-portable-rechargeable\/","title":{"rendered":"Compresseur d&rsquo;Air Portable Rechargeable"},"content":{"rendered":"<p><span style=\"color: #000000;\"><strong id=\"tl_1\" data-spm-anchor-id=\"a2g0o.detail.1000023.i0.1250MdURMdURX7\">Caract\u00e9ristiques:<\/strong><\/span><\/p>\n<p id=\"tl_2\"><span style=\"color: #000000;\">* 1. [Laisser gonfler les pneus] Les 4 modes pr\u00e9r\u00e9gl\u00e9s disponibles et le r\u00e9glage manuel de la pression aident le gonfleur \u00e0 fonctionner sur les pneus de voiture, les pneus de moto, les pneus de v\u00e9lo et les balles avec un syst\u00e8me de surveillance pr\u00e9cis de la pression d&rsquo;air, et il s&rsquo;\u00e9teint automatiquement une fois que la pression atteint la valeur pr\u00e9r\u00e9gl\u00e9e.<\/span><\/p>\n<p id=\"tl_3\"><span style=\"color: #000000;\">* 2. [\u00c9clairage LED et banque d&rsquo;alimentation] L&rsquo;\u00e9clairage LED et le grand \u00e9cran r\u00e9tro-\u00e9clair\u00e9 facilitent le fonctionnement la nuit, en cas d&rsquo;urgence ou lorsqu&rsquo;il est faiblement \u00e9clair\u00e9.<\/span><\/p>\n<p id=\"tl_4\"><span style=\"color: #000000;\">* 3. [Gonflage rapide] Le moteur en cuivre haute puissance g\u00e9n\u00e8re un d\u00e9bit d&rsquo;air \u00e9lev\u00e9 pour gonfler compl\u00e8tement un pneu en quelques secondes. Convient pour les voitures, les motos, les v\u00e9los \u00e9lectriques, les v\u00e9los, les balles, les kayaks gonflables, etc.<\/span><\/p>\n<p id=\"tl_5\"><span style=\"color: #000000;\">* 4. [Compact et Portable] Le mini gonfleur de pneu est con\u00e7u pour un rangement compact dans le coffre, la bo\u00eete de rangement de l&rsquo;accoudoir et m\u00eame la bo\u00eete \u00e0 gants, vous pouvez le transporter avec vous en cas d&rsquo;urgence.<\/span><\/p>\n<p id=\"tl_6\"><span style=\"color: #000000;\">* 5. [Mise \u00e0 niveau de la sortie USB] Les batteries au lithium haute capacit\u00e9 2 * ou 3*2000mAh ont une longue dur\u00e9e de batterie sur une charge compl\u00e8te, et, avec le port de sortie USB (uniquement le mod\u00e8le sans fil #), vous pouvez utiliser le gonfleur comme banque d&rsquo;alimentation pour charger votre t\u00e9l\u00e9phone portable.<\/span><\/p>\n<p><span style=\"color: #000000;\"><strong id=\"tl_7\">Description:<\/strong><\/span><\/p>\n<p id=\"tl_8\"><span style=\"color: #000000;\">* 1. Mat\u00e9riau de la coque: ABS<\/span><\/p>\n<p id=\"tl_9\"><span style=\"color: #000000;\">* 2. Bloc-cylindres: cylindre simple de 19 cylindres<\/span><\/p>\n<p id=\"tl_10\"><span style=\"color: #000000;\">* 3. Puissance: 120W<\/span><\/p>\n<p id=\"tl_11\"><span style=\"color: #000000;\">* 4. Tension nominale: 12V<\/span><\/p>\n<p id=\"tl_12\"><span style=\"color: #000000;\">* 5. Capacit\u00e9 de la batterie: 2000mAh\/section<\/span><\/p>\n<p id=\"tl_13\"><span style=\"color: #000000;\">* 6. Alimentation \u00e9lectrique: USB rechargeable\/allume-cigare<\/span><\/p>\n<p><span style=\"color: #000000;\"><strong id=\"tl_14\">Le forfait comprend:<\/strong><\/span><\/p>\n<p id=\"tl_15\"><span style=\"color: #000000;\">Filaire: 1 x gonfleur de pneu, 4 x buse, 1 x tuyau d&rsquo;air, 1 x cordon d&rsquo;alimentation (allume-cigare), 1 x sac de rangement<\/span><\/p>\n<p id=\"tl_16\" data-spm-anchor-id=\"a2g0o.detail.1000023.i1.1250MdURMdURX7\"><span style=\"color: #000000;\">Sans fil: 1 x gonfleur de pneu, 4 x buse, 1 x tuyau d&rsquo;air, 1 x cordon d&rsquo;alimentation (allume-cigare), 1 x c\u00e2ble de chargement USB, 1 x sac de rangement<\/span><\/p>","protected":false},"excerpt":{"rendered":"<p>Caract\u00e9ristiques: * 1. [Laisser gonfler les pneus] Les 4 modes pr\u00e9r\u00e9gl\u00e9s disponibles et le r\u00e9glage manuel de la pression aident le gonfleur \u00e0 fonctionner sur les pneus de voiture, les pneus de moto, les pneus de v\u00e9lo et les balles avec un syst\u00e8me de surveillance pr\u00e9cis de la pression d&rsquo;air, et il s&rsquo;\u00e9teint automatiquement une [&hellip;]<\/p>","protected":false},"featured_media":903,"comment_status":"open","ping_status":"closed","template":"","meta":[],"product_brand":[],"product_cat":[26],"product_tag":[],"class_list":{"0":"post-900","1":"product","2":"type-product","3":"status-publish","4":"has-post-thumbnail","6":"product_cat-accessoires-exterieur","8":"first","9":"instock","10":"shipping-taxable","11":"purchasable","12":"product-type-simple"},"jetpack_sharing_enabled":true,"_links":{"self":[{"href":"https:\/\/autopdz.com\/ar\/wp-json\/wp\/v2\/product\/900","targetHints":{"allow":["GET"]}}],"collection":[{"href":"https:\/\/autopdz.com\/ar\/wp-json\/wp\/v2\/product"}],"about":[{"href":"https:\/\/autopdz.com\/ar\/wp-json\/wp\/v2\/types\/product"}],"replies":[{"embeddable":true,"href":"https:\/\/autopdz.com\/ar\/wp-json\/wp\/v2\/comments?post=900"}],"wp:featuredmedia":[{"embeddable":true,"href":"https:\/\/autopdz.com\/ar\/wp-json\/wp\/v2\/media\/903"}],"wp:attachment":[{"href":"https:\/\/autopdz.com\/ar\/wp-json\/wp\/v2\/media?parent=900"}],"wp:term":[{"taxonomy":"product_brand","embeddable":true,"href":"https:\/\/autopdz.com\/ar\/wp-json\/wp\/v2\/product_brand?post=900"},{"taxonomy":"product_cat","embeddable":true,"href":"https:\/\/autopdz.com\/ar\/wp-json\/wp\/v2\/product_cat?post=900"},{"taxonomy":"product_tag","embeddable":true,"href":"https:\/\/autopdz.com\/ar\/wp-json\/wp\/v2\/product_tag?post=900"}],"curies":[{"name":"wp","href":"https:\/\/api.w.org\/{rel}","templated":true}]}}