{"id":905,"date":"2023-10-11T14:36:51","date_gmt":"2023-10-11T13:36:51","guid":{"rendered":"https:\/\/autopdz.com\/?post_type=product&#038;p=905"},"modified":"2026-04-21T13:00:26","modified_gmt":"2026-04-21T12:00:26","slug":"corde-de-remorquage-voiture-4m-5ton","status":"publish","type":"product","link":"https:\/\/autopdz.com\/ar\/product\/corde-de-remorquage-voiture-4m-5ton\/","title":{"rendered":"Corde De Remorquage Voiture 3M"},"content":{"rendered":"<div class=\"celwidget\" id=\"productDescription_feature_div\" data-feature-name=\"productDescription_EU5\" data-csa-c-type=\"widget\" data-csa-c-content-id=\"productDescription_EU5\" data-csa-c-slot-id=\"productDescription_feature_div\" data-csa-c-asin=\"\" data-csa-c-is-in-initial-active-row=\"false\" data-csa-c-id=\"gypl8s-jhue9u-sxsgyj-m0my84\" data-cel-widget=\"productDescription_feature_div\">\n<div>\n<div class=\"a-row feature\" id=\"productDescription_feature_div\" data-feature-name=\"productDescription\" data-template-name=\"productDescription\" data-cel-widget=\"productDescription_feature_div\">\n<div class=\"a-section a-spacing-small\" id=\"productDescription\"><span style=\"color:#000000\">Un super assistant pour r\u00e9cup\u00e9rer votre voiture en vous sortant d&rsquo;un endroit difficile sur le sentier. Cet article est un outil indispensable pour les conducteurs lorsqu&rsquo;ils sont coinc\u00e9s dans la boue, le sable ou la neige et d&rsquo;autres mauvaises situations. Conception parfaite pour aider \u00e0 remorquer votre voiture bien-aim\u00e9e loin de l&rsquo;endroit o\u00f9 elle tombe en panne.<\/span><br \/>\n<span style=\"color:#000000\">Caract\u00e9ristiques:<\/span><\/p>\n<p><span style=\"color:#000000\">* Le crochet en fer forg\u00e9 avec verrou pour le c\u00e2ble de remorquage est con\u00e7u pour \u00eatre plus ferme et plus s\u00fbr et peut emp\u00eacher le crochet de fer de tomber lors du remorquage.<\/span><\/p>\n<p><span style=\"color:#000000\">* La corde de remorquage en fil d&rsquo;acier est plus ferme et plus supportable. Ce mod\u00e8le mesure 3 m\u00e8tres de long et peut supporter un maximum de 5 tonnes.<\/span><\/p>\n<p><span style=\"color:#000000\">* La couche ext\u00e9rieure du c\u00e2ble en acier est pourvue d&rsquo;une gaine en caoutchouc, qui emp\u00eache efficacement le c\u00e2ble en acier de rouiller et de s&rsquo;user, et emp\u00eache la peinture d&rsquo;\u00eatre ray\u00e9e lors du remorquage.<\/span><\/p>\n<p><span style=\"color:#000000\">* Performance robuste: capacit\u00e9 de charge de 5000 kg (3 tonnes)<\/span><br \/>\n<span style=\"color:#000000\">Sp\u00e9cification:<\/span><\/p>\n<p><span style=\"color:#000000\">Nom: corde de remorquage de voiture<\/span><\/p>\n<p><span style=\"color:#000000\">Mat\u00e9riel: fil d&rsquo;acier + crochet de fer<\/span><\/p>\n<p><span style=\"color:#000000\">Longueur: 4m<\/span><\/p>\n<p><span style=\"color:#000000\">Force de rupture: <\/span>3T<\/p>\n<p><span style=\"color:#000000\">Poids: 860g<\/span><\/p>\n<p><span style=\"color:#000000\">Diam\u00e8tre: 12 (mm)<\/span><\/p>\n<p><span style=\"color:#000000\">Champ d&rsquo;application principal: General Motors<\/span><br \/>\n<span style=\"color:#000000\">Le forfait comprend:<\/span><\/p>\n<p><span style=\"color:#000000\">Corde de remorquage 1 x 5M<\/span><\/p>\n<p><span style=\"color:#000000\">2 x crochet en forme de G<\/span><br \/>\n<span style=\"color:#000000\">Pr\u00e9cautions:<\/span><\/p>\n<p><span style=\"color:#000000\">1. Ne peut pas \u00eatre utilis\u00e9 au-del\u00e0 de la charge sp\u00e9cifi\u00e9e.<\/span><\/p>\n<p><span style=\"color:#000000\">2. Impossible de faire glisser sur la surface rugueuse.<\/span><\/p>\n<p><span style=\"color:#000000\">3. Ne peut pas \u00eatre utilis\u00e9 pour r\u00e9parer le remorquage de dommages structurels.<\/span><\/p>\n<p><span style=\"color:#000000\">4. La remorque doit \u00eatre lentement serr\u00e9e et tra\u00een\u00e9e, ne peut pas \u00eatre tra\u00een\u00e9e rapidement.<\/span><\/p>\n<p><span style=\"color:#000000\">5. Doit \u00eatre v\u00e9rifi\u00e9 fr\u00e9quemment pour garantir l&rsquo;utilisation normale du c\u00e2ble.<\/span>\n<\/div>\n<\/div>\n<\/div>\n<\/div>\n<div class=\"celwidget\" id=\"climatePledgeFriendlyBTF_feature_div\" data-feature-name=\"climatePledgeFriendlyBTF_EU5\" data-csa-c-type=\"widget\" data-csa-c-content-id=\"climatePledgeFriendlyBTF_EU5\" data-csa-c-slot-id=\"climatePledgeFriendlyBTF_feature_div\" data-csa-c-asin=\"\" data-csa-c-is-in-initial-active-row=\"false\" data-csa-c-id=\"m5u9jl-px3upx-4xn08q-higq93\" data-cel-widget=\"climatePledgeFriendlyBTF_feature_div\">\n<\/div>\n<div class=\"celwidget\" id=\"aplusBrandStory_feature_div\" data-feature-name=\"aplusBrandStory\" data-csa-c-type=\"widget\" data-csa-c-content-id=\"aplusBrandStory\" data-csa-c-slot-id=\"aplusBrandStory_feature_div\" data-csa-c-asin=\"\" data-csa-c-is-in-initial-active-row=\"false\" data-csa-c-id=\"dv3ydd-5q5xro-pe9qm7-qmerbz\" data-cel-widget=\"aplusBrandStory_feature_div\">\n<\/div>\n<div class=\"celwidget\" id=\"aplusBatch_feature_div\" data-feature-name=\"aplusBatch\" data-csa-c-type=\"widget\" data-csa-c-content-id=\"aplusBatch\" data-csa-c-slot-id=\"aplusBatch_feature_div\" data-csa-c-asin=\"\" data-csa-c-is-in-initial-active-row=\"false\" data-csa-c-id=\"f1r0is-qxix2g-z758s0-c36f89\" data-cel-widget=\"aplusBatch_feature_div\"><\/div>\n<div class=\"celwidget\" id=\"aplusSustainabilityStory_feature_div\" data-feature-name=\"aplusSustainabilityStory\" data-csa-c-type=\"widget\" data-csa-c-content-id=\"aplusSustainabilityStory\" data-csa-c-slot-id=\"aplusSustainabilityStory_feature_div\" data-csa-c-asin=\"\" data-csa-c-is-in-initial-active-row=\"false\" data-csa-c-id=\"a70hr7-862guz-yq0knf-o1rhcj\" data-cel-widget=\"aplusSustainabilityStory_feature_div\"><\/div>\n<div class=\"celwidget\" id=\"importantInformation_feature_div\" data-feature-name=\"importantInformation_EU5\" data-csa-c-type=\"widget\" data-csa-c-content-id=\"importantInformation_EU5\" data-csa-c-slot-id=\"importantInformation_feature_div\" data-csa-c-asin=\"\" data-csa-c-is-in-initial-active-row=\"false\" data-csa-c-id=\"eogpc0-3635xw-hetwxw-ci6a0h\" data-cel-widget=\"importantInformation_feature_div\"><\/div>\n<div class=\"celwidget\" id=\"similarities_feature_div\" data-feature-name=\"similarities\" data-csa-c-type=\"widget\" data-csa-c-content-id=\"similarities\" data-csa-c-slot-id=\"similarities_feature_div\" data-csa-c-asin=\"\" data-csa-c-is-in-initial-active-row=\"false\" data-csa-c-id=\"agtpcl-skrfx-sq2gzn-dqtx2h\" data-cel-widget=\"similarities_feature_div\"><\/div>\n<div class=\"celwidget\" id=\"center-28_feature_div\" data-feature-name=\"center-28\" data-csa-c-type=\"widget\" data-csa-c-content-id=\"center-28\" data-csa-c-slot-id=\"center-28_feature_div\" data-csa-c-asin=\"\" data-csa-c-is-in-initial-active-row=\"false\" data-csa-c-id=\"2ieczl-ptxya2-g7mbj0-suvxni\" data-cel-widget=\"center-28_feature_div\"><\/div>\n<div class=\"celwidget\" id=\"dp-ads-center-promo_feature_div\" data-feature-name=\"dp-ads-center-promo\" data-csa-c-type=\"widget\" data-csa-c-content-id=\"dp-ads-center-promo\" data-csa-c-slot-id=\"dp-ads-center-promo_feature_div\" data-csa-c-asin=\"\" data-csa-c-is-in-initial-active-row=\"false\" data-csa-c-id=\"i6vbxl-x2e3ia-bzzc92-7ka0z7\" data-cel-widget=\"dp-ads-center-promo_feature_div\"><\/div>","protected":false},"excerpt":{"rendered":"<p>Un super assistant pour r\u00e9cup\u00e9rer votre voiture en vous sortant d&rsquo;un endroit difficile sur le sentier. Cet article est un outil indispensable pour les conducteurs lorsqu&rsquo;ils sont coinc\u00e9s dans la boue, le sable ou la neige et d&rsquo;autres mauvaises situations. Conception parfaite pour aider \u00e0 remorquer votre voiture bien-aim\u00e9e loin de l&rsquo;endroit o\u00f9 elle tombe [&hellip;]<\/p>","protected":false},"featured_media":907,"comment_status":"open","ping_status":"closed","template":"","meta":[],"product_brand":[],"product_cat":[26],"product_tag":[],"class_list":{"0":"post-905","1":"product","2":"type-product","3":"status-publish","4":"has-post-thumbnail","6":"product_cat-accessoires-exterieur","8":"first","9":"instock","10":"shipping-taxable","11":"purchasable","12":"product-type-simple"},"jetpack_sharing_enabled":true,"_links":{"self":[{"href":"https:\/\/autopdz.com\/ar\/wp-json\/wp\/v2\/product\/905","targetHints":{"allow":["GET"]}}],"collection":[{"href":"https:\/\/autopdz.com\/ar\/wp-json\/wp\/v2\/product"}],"about":[{"href":"https:\/\/autopdz.com\/ar\/wp-json\/wp\/v2\/types\/product"}],"replies":[{"embeddable":true,"href":"https:\/\/autopdz.com\/ar\/wp-json\/wp\/v2\/comments?post=905"}],"wp:featuredmedia":[{"embeddable":true,"href":"https:\/\/autopdz.com\/ar\/wp-json\/wp\/v2\/media\/907"}],"wp:attachment":[{"href":"https:\/\/autopdz.com\/ar\/wp-json\/wp\/v2\/media?parent=905"}],"wp:term":[{"taxonomy":"product_brand","embeddable":true,"href":"https:\/\/autopdz.com\/ar\/wp-json\/wp\/v2\/product_brand?post=905"},{"taxonomy":"product_cat","embeddable":true,"href":"https:\/\/autopdz.com\/ar\/wp-json\/wp\/v2\/product_cat?post=905"},{"taxonomy":"product_tag","embeddable":true,"href":"https:\/\/autopdz.com\/ar\/wp-json\/wp\/v2\/product_tag?post=905"}],"curies":[{"name":"wp","href":"https:\/\/api.w.org\/{rel}","templated":true}]}}